{"id":1037,"date":"2019-02-22T09:02:00","date_gmt":"2019-02-22T09:02:00","guid":{"rendered":"https:\/\/abrilabogados.com\/?page_id=1037"},"modified":"2023-06-13T10:54:26","modified_gmt":"2023-06-13T08:54:26","slug":"abril-informa","status":"publish","type":"page","link":"https:\/\/www.abrilabogados.com\/abril-informa\/","title":{"rendered":"Abril Informa"},"content":{"rendered":"<section class=\"wpb-content-wrapper\"><p>[vc_row gap=&#8221;35&#8243;][vc_column width=&#8221;1\/3&#8243;][vc_custom_heading text=&#8221;Flash News&#8221; font_container=&#8221;tag:h2|text_align:left|color:%23b30000&#8243; use_theme_fonts=&#8221;yes&#8221;][vc_empty_space height=&#8221;20px&#8221;][vc_basic_grid post_type=&#8221;post&#8221; max_items=&#8221;2&#8243; element_width=&#8221;12&#8243; item=&#8221;606&#8243; grid_id=&#8221;vc_gid:1649063767767-e7a1f15b-c07c-0&#8243; taxonomies=&#8221;8&#8243;][\/vc_column][vc_column width=&#8221;2\/3&#8243;][vc_custom_heading text=&#8221;Abril Abogados Informa&#8221; font_container=&#8221;tag:h1|text_align:left|color:%23b30000&#8243; use_theme_fonts=&#8221;yes&#8221;][vc_empty_space height=&#8221;20px&#8221;]<div class=\"wpforms-container wpforms-container-full\" id=\"wpforms-2772\"><form id=\"wpforms-form-2772\" class=\"wpforms-validate wpforms-form wpforms-ajax-form\" data-formid=\"2772\" method=\"post\" enctype=\"multipart\/form-data\" action=\"\/wp-json\/wp\/v2\/pages\/1037\/\" data-token=\"110daa45306e294f8a87aeaa2491a9b5\" data-token-time=\"1776758526\"><noscript class=\"wpforms-error-noscript\">Por favor, activa JavaScript en tu navegador para completar este formulario.<\/noscript><div class=\"wpforms-field-container\"><div id=\"wpforms-2772-field_1-container\" class=\"wpforms-field wpforms-field-text\" data-field-id=\"1\"><label class=\"wpforms-field-label\" for=\"wpforms-2772-field_1\">(*) Nombre: <span class=\"wpforms-required-label\">*<\/span><\/label><input type=\"text\" id=\"wpforms-2772-field_1\" class=\"wpforms-field-medium wpforms-field-required\" name=\"wpforms[fields][1]\" required><\/div><div id=\"wpforms-2772-field_3-container\" class=\"wpforms-field wpforms-field-text\" data-field-id=\"3\"><label class=\"wpforms-field-label\" for=\"wpforms-2772-field_3\">Empresa:<\/label><input type=\"text\" id=\"wpforms-2772-field_3\" class=\"wpforms-field-medium\" name=\"wpforms[fields][3]\" ><\/div><div id=\"wpforms-2772-field_2-container\" class=\"wpforms-field wpforms-field-email\" data-field-id=\"2\"><label class=\"wpforms-field-label\" for=\"wpforms-2772-field_2\">(*) Email: <span class=\"wpforms-required-label\">*<\/span><\/label><input type=\"email\" id=\"wpforms-2772-field_2\" class=\"wpforms-field-medium wpforms-field-required\" name=\"wpforms[fields][2]\" spellcheck=\"false\" required><\/div><div id=\"wpforms-2772-field_7-container\" class=\"wpforms-field wpforms-field-checkbox\" data-field-id=\"7\"><label class=\"wpforms-field-label\">Comunicaciones que desea recibir:<\/label><ul id=\"wpforms-2772-field_7\"><li class=\"choice-1 depth-1\"><input type=\"checkbox\" id=\"wpforms-2772-field_7_1\" name=\"wpforms[fields][7][]\" value=\"Marcas y otros Signos Distintivos\"  ><label class=\"wpforms-field-label-inline\" for=\"wpforms-2772-field_7_1\">Marcas y otros Signos Distintivos<\/label><\/li><li class=\"choice-2 depth-1\"><input type=\"checkbox\" id=\"wpforms-2772-field_7_2\" name=\"wpforms[fields][7][]\" value=\"Propiedad Intelectual, Derecho del Entretenimiento y Publicidad\"  ><label class=\"wpforms-field-label-inline\" for=\"wpforms-2772-field_7_2\">Propiedad Intelectual, Derecho del Entretenimiento y Publicidad<\/label><\/li><li class=\"choice-3 depth-1\"><input type=\"checkbox\" id=\"wpforms-2772-field_7_3\" name=\"wpforms[fields][7][]\" value=\"Protecci\u00f3n de Datos\"  ><label class=\"wpforms-field-label-inline\" for=\"wpforms-2772-field_7_3\">Protecci\u00f3n de Datos<\/label><\/li><li class=\"choice-4 depth-1\"><input type=\"checkbox\" id=\"wpforms-2772-field_7_4\" name=\"wpforms[fields][7][]\" value=\"Patentes y Dise\u00f1os\"  ><label class=\"wpforms-field-label-inline\" for=\"wpforms-2772-field_7_4\">Patentes y Dise\u00f1os<\/label><\/li><\/ul><\/div><div id=\"wpforms-2772-field_5-container\" class=\"wpforms-field wpforms-field-checkbox\" data-field-id=\"5\"><label class=\"wpforms-field-label wpforms-label-hide\">Pol\u00edtica de Privacidad <span class=\"wpforms-required-label\">*<\/span><\/label><ul id=\"wpforms-2772-field_5\" class=\"wpforms-field-required\"><li class=\"choice-1 depth-1\"><input type=\"checkbox\" id=\"wpforms-2772-field_5_1\" name=\"wpforms[fields][5][]\" value=\"(*) Declaro que he le\u00eddo y acepto la pol\u00edtica de privacidad.\" required ><label class=\"wpforms-field-label-inline\" for=\"wpforms-2772-field_5_1\">(*) Declaro que he le\u00eddo y acepto la pol\u00edtica de privacidad.<\/label><\/li><\/ul><div class=\"wpforms-field-description\"><p>Leer la <a href=\"\/privacidad\/\" target=\"_blank\">pol\u00edtica de privacidad<\/a>.<\/p>\r\n<p style=\"padding-top:12px;\">* De conformidad con la legislaci\u00f3n de protecci\u00f3n de datos, le informamos de que los datos de car\u00e1cter personal proporcionados ser\u00e1n tratados por ABRIL ABOGADOS para administrar su suscripci\u00f3n y enviarle nuestro bolet\u00edn, ampar\u00e1ndose en su consentimiento al rellenar y enviar el formulario y al marcar la casilla aceptando la Pol\u00edtica de Privacidad.<\/p>\r\n<p style=\"padding-top:12px;\">Es posible que para la correcta ejecuci\u00f3n del tratamiento compartamos tus datos con terceros. Conservaremos los datos durante el tiempo que mantenga la suscripci\u00f3n y mientras nos revoque su consentimiento o ejercite los derechos de supresi\u00f3n u oposici\u00f3n.\r\nUsted cuenta con los derechos de acceso, rectificaci\u00f3n, supresi\u00f3n, oposici\u00f3n, limitaci\u00f3n del tratamiento y portabilidad, as\u00ed como con la posibilidad de revocar su consentimiento en cualquier momento, pudi\u00e9ndolos ejercitar remitiendo una carta a la calle Zurbano, 76, 7\u00ba Dcha., Madrid 28010 o bien por correo electr\u00f3nico a abril@abrilabogados.com. Para m\u00e1s informaci\u00f3n, pinche en la <a href=\"\/privacidad\/\" target=\"_blank\">Pol\u00edtica de Privacidad<\/a>.<\/p><\/div><\/div><\/div><!-- .wpforms-field-container --><div class=\"wpforms-recaptcha-container wpforms-is-recaptcha wpforms-is-recaptcha-type-v2\" ><div class=\"g-recaptcha\" data-sitekey=\"6LedE-UcAAAAAFc24FgvZGtU1APUVNyadRynFruC\"><\/div><input type=\"text\" name=\"g-recaptcha-hidden\" class=\"wpforms-recaptcha-hidden\" style=\"position:absolute!important;clip:rect(0,0,0,0)!important;height:1px!important;width:1px!important;border:0!important;overflow:hidden!important;padding:0!important;margin:0!important;\" data-rule-recaptcha=\"1\"><\/div><div class=\"wpforms-submit-container\" ><input type=\"hidden\" name=\"wpforms[id]\" value=\"2772\"><input type=\"hidden\" name=\"page_title\" value=\"\"><input type=\"hidden\" name=\"page_url\" value=\"https:\/\/www.abrilabogados.com\/wp-json\/wp\/v2\/pages\/1037\/\"><input type=\"hidden\" name=\"url_referer\" value=\"https:\/\/www.abrilabogados.com\/en\/wp-json\/wp\/v2\/pages\/1037\"><button type=\"submit\" name=\"wpforms[submit]\" id=\"wpforms-submit-2772\" class=\"wpforms-submit\" data-alt-text=\"Enviando...\" data-submit-text=\"Enviar\" aria-live=\"assertive\" value=\"wpforms-submit\">Enviar<\/button><img decoding=\"async\" src=\"https:\/\/www.abrilabogados.com\/wp-content\/plugins\/wpforms-lite\/assets\/images\/submit-spin.svg\" class=\"wpforms-submit-spinner\" style=\"display: none;\" width=\"26\" height=\"26\" alt=\"Cargando\"><\/div><\/form><\/div>  <!-- .wpforms-container -->[\/vc_column][\/vc_row]<\/p>\n<\/section>","protected":false},"excerpt":{"rendered":"<p>[vc_row gap=&#8221;35&#8243;][vc_column width=&#8221;1\/3&#8243;][vc_custom_heading text=&#8221;Flash News&#8221; font_container=&#8221;tag:h2|text_align:left|color:%23b30000&#8243; use_theme_fonts=&#8221;yes&#8221;][vc_empty_space height=&#8221;20px&#8221;][vc_basic_grid post_type=&#8221;post&#8221; max_items=&#8221;2&#8243; element_width=&#8221;12&#8243; item=&#8221;606&#8243; grid_id=&#8221;vc_gid:1649063767767-e7a1f15b-c07c-0&#8243; taxonomies=&#8221;8&#8243;][\/vc_column][vc_column width=&#8221;2\/3&#8243;][vc_custom_heading text=&#8221;Abril Abogados Informa&#8221; font_container=&#8221;tag:h1|text_align:left|color:%23b30000&#8243; use_theme_fonts=&#8221;yes&#8221;][vc_empty_space height=&#8221;20px&#8221;][\/vc_column][\/vc_row]<\/p>\n","protected":false},"author":1,"featured_media":0,"parent":0,"menu_order":0,"comment_status":"closed","ping_status":"closed","template":"","meta":{"footnotes":""},"class_list":["post-1037","page","type-page","status-publish","hentry"],"yoast_head":"<!-- This site is optimized with the Yoast SEO plugin v25.8 - https:\/\/yoast.com\/wordpress\/plugins\/seo\/ -->\n<title>Abril Abogados Informa<\/title>\n<meta name=\"description\" content=\"ABRIL ABOGADOS. Inf\u00f3rmate de todas las noticias destacadas del sector con nuestro servicio de Informaci\u00f3n.\" \/>\n<meta name=\"robots\" content=\"index, follow, max-snippet:-1, max-image-preview:large, max-video-preview:-1\" \/>\n<link rel=\"canonical\" href=\"https:\/\/www.abrilabogados.com\/abril-informa\/\" \/>\n<meta property=\"og:locale\" content=\"es_ES\" \/>\n<meta property=\"og:type\" content=\"article\" \/>\n<meta property=\"og:title\" content=\"Abril Abogados Informa\" \/>\n<meta property=\"og:description\" content=\"ABRIL ABOGADOS. Inf\u00f3rmate de todas las noticias destacadas del sector con nuestro servicio de Informaci\u00f3n.\" \/>\n<meta property=\"og:url\" content=\"https:\/\/www.abrilabogados.com\/abril-informa\/\" \/>\n<meta property=\"og:site_name\" content=\"Abogados Propiedad Intelectual e Industrial\" \/>\n<meta property=\"article:publisher\" content=\"https:\/\/www.facebook.com\/abrilabogados\/\" \/>\n<meta property=\"article:modified_time\" content=\"2023-06-13T08:54:26+00:00\" \/>\n<meta name=\"twitter:card\" content=\"summary_large_image\" \/>\n<meta name=\"twitter:site\" content=\"@Abrilabogados\" \/>\n<meta name=\"twitter:label1\" content=\"Tiempo de lectura\" \/>\n\t<meta name=\"twitter:data1\" content=\"1 minuto\" \/>\n<script type=\"application\/ld+json\" class=\"yoast-schema-graph\">{\"@context\":\"https:\/\/schema.org\",\"@graph\":[{\"@type\":\"WebPage\",\"@id\":\"https:\/\/www.abrilabogados.com\/abril-informa\/\",\"url\":\"https:\/\/www.abrilabogados.com\/abril-informa\/\",\"name\":\"Abril Abogados Informa\",\"isPartOf\":{\"@id\":\"https:\/\/www.abrilabogados.com\/#website\"},\"datePublished\":\"2019-02-22T09:02:00+00:00\",\"dateModified\":\"2023-06-13T08:54:26+00:00\",\"description\":\"ABRIL ABOGADOS. Inf\u00f3rmate de todas las noticias destacadas del sector con nuestro servicio de Informaci\u00f3n.\",\"breadcrumb\":{\"@id\":\"https:\/\/www.abrilabogados.com\/abril-informa\/#breadcrumb\"},\"inLanguage\":\"es\",\"potentialAction\":[{\"@type\":\"ReadAction\",\"target\":[\"https:\/\/www.abrilabogados.com\/abril-informa\/\"]}]},{\"@type\":\"BreadcrumbList\",\"@id\":\"https:\/\/www.abrilabogados.com\/abril-informa\/#breadcrumb\",\"itemListElement\":[{\"@type\":\"ListItem\",\"position\":1,\"name\":\"Portada\",\"item\":\"https:\/\/www.abrilabogados.com\/\"},{\"@type\":\"ListItem\",\"position\":2,\"name\":\"Abril Informa\"}]},{\"@type\":\"WebSite\",\"@id\":\"https:\/\/www.abrilabogados.com\/#website\",\"url\":\"https:\/\/www.abrilabogados.com\/\",\"name\":\"Abogados Propiedad Intelectual e Industrial\",\"description\":\"Abogados Propiedad Intelectual e Industrial: Despacho de abogados especializados en propiedad industrial e intelectual. Formule su consulta online.\",\"publisher\":{\"@id\":\"https:\/\/www.abrilabogados.com\/#organization\"},\"potentialAction\":[{\"@type\":\"SearchAction\",\"target\":{\"@type\":\"EntryPoint\",\"urlTemplate\":\"https:\/\/www.abrilabogados.com\/?s={search_term_string}\"},\"query-input\":{\"@type\":\"PropertyValueSpecification\",\"valueRequired\":true,\"valueName\":\"search_term_string\"}}],\"inLanguage\":\"es\"},{\"@type\":\"Organization\",\"@id\":\"https:\/\/www.abrilabogados.com\/#organization\",\"name\":\"Abril Abogados\",\"url\":\"https:\/\/www.abrilabogados.com\/\",\"logo\":{\"@type\":\"ImageObject\",\"inLanguage\":\"es\",\"@id\":\"https:\/\/www.abrilabogados.com\/#\/schema\/logo\/image\/\",\"url\":\"https:\/\/www.abrilabogados.com\/wp-content\/uploads\/2021\/10\/abril_abogados_logo.png\",\"contentUrl\":\"https:\/\/www.abrilabogados.com\/wp-content\/uploads\/2021\/10\/abril_abogados_logo.png\",\"width\":600,\"height\":314,\"caption\":\"Abril Abogados\"},\"image\":{\"@id\":\"https:\/\/www.abrilabogados.com\/#\/schema\/logo\/image\/\"},\"sameAs\":[\"https:\/\/www.facebook.com\/abrilabogados\/\",\"https:\/\/x.com\/Abrilabogados\",\"https:\/\/www.linkedin.com\/company\/abrilabogados\/\"]}]}<\/script>\n<!-- \/ Yoast SEO plugin. -->","yoast_head_json":{"title":"Abril Abogados Informa","description":"ABRIL ABOGADOS. Inf\u00f3rmate de todas las noticias destacadas del sector con nuestro servicio de Informaci\u00f3n.","robots":{"index":"index","follow":"follow","max-snippet":"max-snippet:-1","max-image-preview":"max-image-preview:large","max-video-preview":"max-video-preview:-1"},"canonical":"https:\/\/www.abrilabogados.com\/abril-informa\/","og_locale":"es_ES","og_type":"article","og_title":"Abril Abogados Informa","og_description":"ABRIL ABOGADOS. Inf\u00f3rmate de todas las noticias destacadas del sector con nuestro servicio de Informaci\u00f3n.","og_url":"https:\/\/www.abrilabogados.com\/abril-informa\/","og_site_name":"Abogados Propiedad Intelectual e Industrial","article_publisher":"https:\/\/www.facebook.com\/abrilabogados\/","article_modified_time":"2023-06-13T08:54:26+00:00","twitter_card":"summary_large_image","twitter_site":"@Abrilabogados","twitter_misc":{"Tiempo de lectura":"1 minuto"},"schema":{"@context":"https:\/\/schema.org","@graph":[{"@type":"WebPage","@id":"https:\/\/www.abrilabogados.com\/abril-informa\/","url":"https:\/\/www.abrilabogados.com\/abril-informa\/","name":"Abril Abogados Informa","isPartOf":{"@id":"https:\/\/www.abrilabogados.com\/#website"},"datePublished":"2019-02-22T09:02:00+00:00","dateModified":"2023-06-13T08:54:26+00:00","description":"ABRIL ABOGADOS. Inf\u00f3rmate de todas las noticias destacadas del sector con nuestro servicio de Informaci\u00f3n.","breadcrumb":{"@id":"https:\/\/www.abrilabogados.com\/abril-informa\/#breadcrumb"},"inLanguage":"es","potentialAction":[{"@type":"ReadAction","target":["https:\/\/www.abrilabogados.com\/abril-informa\/"]}]},{"@type":"BreadcrumbList","@id":"https:\/\/www.abrilabogados.com\/abril-informa\/#breadcrumb","itemListElement":[{"@type":"ListItem","position":1,"name":"Portada","item":"https:\/\/www.abrilabogados.com\/"},{"@type":"ListItem","position":2,"name":"Abril Informa"}]},{"@type":"WebSite","@id":"https:\/\/www.abrilabogados.com\/#website","url":"https:\/\/www.abrilabogados.com\/","name":"Abogados Propiedad Intelectual e Industrial","description":"Abogados Propiedad Intelectual e Industrial: Despacho de abogados especializados en propiedad industrial e intelectual. Formule su consulta online.","publisher":{"@id":"https:\/\/www.abrilabogados.com\/#organization"},"potentialAction":[{"@type":"SearchAction","target":{"@type":"EntryPoint","urlTemplate":"https:\/\/www.abrilabogados.com\/?s={search_term_string}"},"query-input":{"@type":"PropertyValueSpecification","valueRequired":true,"valueName":"search_term_string"}}],"inLanguage":"es"},{"@type":"Organization","@id":"https:\/\/www.abrilabogados.com\/#organization","name":"Abril Abogados","url":"https:\/\/www.abrilabogados.com\/","logo":{"@type":"ImageObject","inLanguage":"es","@id":"https:\/\/www.abrilabogados.com\/#\/schema\/logo\/image\/","url":"https:\/\/www.abrilabogados.com\/wp-content\/uploads\/2021\/10\/abril_abogados_logo.png","contentUrl":"https:\/\/www.abrilabogados.com\/wp-content\/uploads\/2021\/10\/abril_abogados_logo.png","width":600,"height":314,"caption":"Abril Abogados"},"image":{"@id":"https:\/\/www.abrilabogados.com\/#\/schema\/logo\/image\/"},"sameAs":["https:\/\/www.facebook.com\/abrilabogados\/","https:\/\/x.com\/Abrilabogados","https:\/\/www.linkedin.com\/company\/abrilabogados\/"]}]}},"_links":{"self":[{"href":"https:\/\/www.abrilabogados.com\/wp-json\/wp\/v2\/pages\/1037","targetHints":{"allow":["GET"]}}],"collection":[{"href":"https:\/\/www.abrilabogados.com\/wp-json\/wp\/v2\/pages"}],"about":[{"href":"https:\/\/www.abrilabogados.com\/wp-json\/wp\/v2\/types\/page"}],"author":[{"embeddable":true,"href":"https:\/\/www.abrilabogados.com\/wp-json\/wp\/v2\/users\/1"}],"replies":[{"embeddable":true,"href":"https:\/\/www.abrilabogados.com\/wp-json\/wp\/v2\/comments?post=1037"}],"version-history":[{"count":1,"href":"https:\/\/www.abrilabogados.com\/wp-json\/wp\/v2\/pages\/1037\/revisions"}],"predecessor-version":[{"id":3471,"href":"https:\/\/www.abrilabogados.com\/wp-json\/wp\/v2\/pages\/1037\/revisions\/3471"}],"wp:attachment":[{"href":"https:\/\/www.abrilabogados.com\/wp-json\/wp\/v2\/media?parent=1037"}],"curies":[{"name":"wp","href":"https:\/\/api.w.org\/{rel}","templated":true}]}}