{"id":129,"date":"2019-02-14T15:57:54","date_gmt":"2019-02-14T15:57:54","guid":{"rendered":"https:\/\/abrilabogados.com\/?page_id=129"},"modified":"2023-06-13T11:02:59","modified_gmt":"2023-06-13T09:02:59","slug":"ambito-proteccion-disenos","status":"publish","type":"page","link":"https:\/\/www.abrilabogados.com\/ambito-proteccion-disenos\/","title":{"rendered":"\u00c1mbito de protecci\u00f3n"},"content":{"rendered":"<section class=\"wpb-content-wrapper\"><p>[vc_row][vc_column][vc_empty_space][\/vc_column][\/vc_row][vc_row][vc_column width=&#8221;1\/3&#8243; css=&#8221;.vc_custom_1550678408803{border-right-width: 1px !important;border-right-color: #e2e2e2 !important;border-right-style: solid !important;}&#8221;][vc_custom_heading text=&#8221;Servicios de Dise\u00f1os&#8221; font_container=&#8221;tag:h3|text_align:left|color:%23b30000&#8243; use_theme_fonts=&#8221;yes&#8221;][vc_empty_space height=&#8221;10px&#8221;][vc_wp_custommenu nav_menu=&#8221;20&#8243;][\/vc_column][vc_column width=&#8221;2\/3&#8243;][vc_custom_heading text=&#8221;\u00c1mbito de Protecci\u00f3n&#8221; font_container=&#8221;tag:h1|text_align:left|color:%23b30000&#8243; use_theme_fonts=&#8221;yes&#8221;][vc_column_text]<strong><img decoding=\"async\" class=\"size-medium wp-image-131 alignright\" src=\"\/wp-content\/uploads\/2019\/02\/ambito-de-proteccion-300x205.jpg\" alt=\"\u00c1mbito de protecci\u00f3n\" width=\"300\" height=\"205\" srcset=\"https:\/\/www.abrilabogados.com\/wp-content\/uploads\/2019\/02\/ambito-de-proteccion-300x205.jpg 300w, https:\/\/www.abrilabogados.com\/wp-content\/uploads\/2019\/02\/ambito-de-proteccion.jpg 431w\" sizes=\"(max-width: 300px) 100vw, 300px\" \/>Dise\u00f1o Nacional<\/strong>: Este dise\u00f1o se solicita en la Oficina Espa\u00f1ola de Patentes y Marcas y concede derechos en exclusiva a su titular \u00fanicamente para Espa\u00f1a, pudiendo solicitarse por cada dise\u00f1o, hasta 50 variantes siempre que se refieran a productos pertenecientes a la misma clase de la Clasificaci\u00f3n Internacional de Dibujos y Modelos Industriales establecida.<\/p>\n<p><strong>Dise\u00f1o Comunitario<\/strong>: El\u00a0 Dise\u00f1o Comunitario se solicita en la Oficina de Armonizaci\u00f3n del Mercado Interior (OAMI) y concede a su titular derechos en exclusiva en todos los pa\u00edses de la Uni\u00f3n Europea. Adem\u00e1s, al igual que el dise\u00f1o nacional, en la misma solicitud pueden solicitarse hasta 50 variantes, aunque en este caso la tasa de solicitud es elevada.<\/p>\n<p><strong>Dise\u00f1o Internacional<\/strong>: El Dise\u00f1o Internacional se solicita en la Oficina Mundial de Propiedad Intelectual (OMPI) y consiste en la extensi\u00f3n de un dise\u00f1o preexistente a determinados pa\u00edses que forman parte del \u201cacuerdo y\/o Protocolo de Madrid\u201d.<\/p>\n<p><strong>Dise\u00f1o en cualquier pa\u00eds del Mundo<\/strong>: Abril Abogados cuenta con una extensa red de despachos locales en todos los pa\u00edses del mundo, de forma que solicitamos dise\u00f1os en cualquier pa\u00eds en el que nuestros clientes vayan a operar, fijando la correcta estrategia de protecci\u00f3n en cada uno de los pa\u00edses de inter\u00e9s.[\/vc_column_text][\/vc_column][\/vc_row]<\/p>\n<\/section>","protected":false},"excerpt":{"rendered":"<p>[vc_row][vc_column][vc_empty_space][\/vc_column][\/vc_row][vc_row][vc_column width=&#8221;1\/3&#8243; css=&#8221;.vc_custom_1550678408803{border-right-width: 1px !important;border-right-color: #e2e2e2 !important;border-right-style: solid !important;}&#8221;][vc_custom_heading text=&#8221;Servicios de Dise\u00f1os&#8221; font_container=&#8221;tag:h3|text_align:left|color:%23b30000&#8243; use_theme_fonts=&#8221;yes&#8221;][vc_empty_space height=&#8221;10px&#8221;][vc_wp_custommenu nav_menu=&#8221;20&#8243;][\/vc_column][vc_column width=&#8221;2\/3&#8243;][vc_custom_heading text=&#8221;\u00c1mbito de Protecci\u00f3n&#8221; font_container=&#8221;tag:h1|text_align:left|color:%23b30000&#8243; use_theme_fonts=&#8221;yes&#8221;][vc_column_text]Dise\u00f1o Nacional: Este dise\u00f1o se solicita en la Oficina Espa\u00f1ola de Patentes y Marcas y concede derechos en exclusiva a su titular \u00fanicamente para Espa\u00f1a, pudiendo solicitarse por cada dise\u00f1o, hasta 50 variantes siempre<\/p>\n","protected":false},"author":1,"featured_media":0,"parent":0,"menu_order":0,"comment_status":"closed","ping_status":"closed","template":"","meta":{"footnotes":""},"class_list":["post-129","page","type-page","status-publish","hentry"],"yoast_head":"<!-- This site is optimized with the Yoast SEO plugin v25.8 - https:\/\/yoast.com\/wordpress\/plugins\/seo\/ -->\n<title>Abogados protecci\u00f3n de dise\u00f1os<\/title>\n<meta name=\"description\" content=\"ABRIL ABOGADOS. Dise\u00f1o nacional, dise\u00f1o comunitario, dise\u00f1o internacional y dise\u00f1o en cualquier lugar del mundo.\" \/>\n<meta name=\"robots\" content=\"index, follow, max-snippet:-1, max-image-preview:large, max-video-preview:-1\" \/>\n<link rel=\"canonical\" href=\"https:\/\/www.abrilabogados.com\/ambito-proteccion-disenos\/\" \/>\n<meta property=\"og:locale\" content=\"es_ES\" \/>\n<meta property=\"og:type\" content=\"article\" \/>\n<meta property=\"og:title\" content=\"Abogados protecci\u00f3n de dise\u00f1os\" \/>\n<meta property=\"og:description\" content=\"ABRIL ABOGADOS. Dise\u00f1o nacional, dise\u00f1o comunitario, dise\u00f1o internacional y dise\u00f1o en cualquier lugar del mundo.\" \/>\n<meta property=\"og:url\" content=\"https:\/\/www.abrilabogados.com\/ambito-proteccion-disenos\/\" \/>\n<meta property=\"og:site_name\" content=\"Abogados Propiedad Intelectual e Industrial\" \/>\n<meta property=\"article:publisher\" content=\"https:\/\/www.facebook.com\/abrilabogados\/\" \/>\n<meta property=\"article:modified_time\" content=\"2023-06-13T09:02:59+00:00\" \/>\n<meta name=\"twitter:card\" content=\"summary_large_image\" \/>\n<meta name=\"twitter:site\" content=\"@Abrilabogados\" \/>\n<meta name=\"twitter:label1\" content=\"Tiempo de lectura\" \/>\n\t<meta name=\"twitter:data1\" content=\"2 minutos\" \/>\n<script type=\"application\/ld+json\" class=\"yoast-schema-graph\">{\"@context\":\"https:\/\/schema.org\",\"@graph\":[{\"@type\":\"WebPage\",\"@id\":\"https:\/\/www.abrilabogados.com\/ambito-proteccion-disenos\/\",\"url\":\"https:\/\/www.abrilabogados.com\/ambito-proteccion-disenos\/\",\"name\":\"Abogados protecci\u00f3n de dise\u00f1os\",\"isPartOf\":{\"@id\":\"https:\/\/www.abrilabogados.com\/#website\"},\"datePublished\":\"2019-02-14T15:57:54+00:00\",\"dateModified\":\"2023-06-13T09:02:59+00:00\",\"description\":\"ABRIL ABOGADOS. Dise\u00f1o nacional, dise\u00f1o comunitario, dise\u00f1o internacional y dise\u00f1o en cualquier lugar del mundo.\",\"breadcrumb\":{\"@id\":\"https:\/\/www.abrilabogados.com\/ambito-proteccion-disenos\/#breadcrumb\"},\"inLanguage\":\"es\",\"potentialAction\":[{\"@type\":\"ReadAction\",\"target\":[\"https:\/\/www.abrilabogados.com\/ambito-proteccion-disenos\/\"]}]},{\"@type\":\"BreadcrumbList\",\"@id\":\"https:\/\/www.abrilabogados.com\/ambito-proteccion-disenos\/#breadcrumb\",\"itemListElement\":[{\"@type\":\"ListItem\",\"position\":1,\"name\":\"Portada\",\"item\":\"https:\/\/www.abrilabogados.com\/\"},{\"@type\":\"ListItem\",\"position\":2,\"name\":\"\u00c1mbito de protecci\u00f3n\"}]},{\"@type\":\"WebSite\",\"@id\":\"https:\/\/www.abrilabogados.com\/#website\",\"url\":\"https:\/\/www.abrilabogados.com\/\",\"name\":\"Abogados Propiedad Intelectual e Industrial\",\"description\":\"Abogados Propiedad Intelectual e Industrial: Despacho de abogados especializados en propiedad industrial e intelectual. Formule su consulta online.\",\"publisher\":{\"@id\":\"https:\/\/www.abrilabogados.com\/#organization\"},\"potentialAction\":[{\"@type\":\"SearchAction\",\"target\":{\"@type\":\"EntryPoint\",\"urlTemplate\":\"https:\/\/www.abrilabogados.com\/?s={search_term_string}\"},\"query-input\":{\"@type\":\"PropertyValueSpecification\",\"valueRequired\":true,\"valueName\":\"search_term_string\"}}],\"inLanguage\":\"es\"},{\"@type\":\"Organization\",\"@id\":\"https:\/\/www.abrilabogados.com\/#organization\",\"name\":\"Abril Abogados\",\"url\":\"https:\/\/www.abrilabogados.com\/\",\"logo\":{\"@type\":\"ImageObject\",\"inLanguage\":\"es\",\"@id\":\"https:\/\/www.abrilabogados.com\/#\/schema\/logo\/image\/\",\"url\":\"https:\/\/www.abrilabogados.com\/wp-content\/uploads\/2021\/10\/abril_abogados_logo.png\",\"contentUrl\":\"https:\/\/www.abrilabogados.com\/wp-content\/uploads\/2021\/10\/abril_abogados_logo.png\",\"width\":600,\"height\":314,\"caption\":\"Abril Abogados\"},\"image\":{\"@id\":\"https:\/\/www.abrilabogados.com\/#\/schema\/logo\/image\/\"},\"sameAs\":[\"https:\/\/www.facebook.com\/abrilabogados\/\",\"https:\/\/x.com\/Abrilabogados\",\"https:\/\/www.linkedin.com\/company\/abrilabogados\/\"]}]}<\/script>\n<!-- \/ Yoast SEO plugin. -->","yoast_head_json":{"title":"Abogados protecci\u00f3n de dise\u00f1os","description":"ABRIL ABOGADOS. Dise\u00f1o nacional, dise\u00f1o comunitario, dise\u00f1o internacional y dise\u00f1o en cualquier lugar del mundo.","robots":{"index":"index","follow":"follow","max-snippet":"max-snippet:-1","max-image-preview":"max-image-preview:large","max-video-preview":"max-video-preview:-1"},"canonical":"https:\/\/www.abrilabogados.com\/ambito-proteccion-disenos\/","og_locale":"es_ES","og_type":"article","og_title":"Abogados protecci\u00f3n de dise\u00f1os","og_description":"ABRIL ABOGADOS. Dise\u00f1o nacional, dise\u00f1o comunitario, dise\u00f1o internacional y dise\u00f1o en cualquier lugar del mundo.","og_url":"https:\/\/www.abrilabogados.com\/ambito-proteccion-disenos\/","og_site_name":"Abogados Propiedad Intelectual e Industrial","article_publisher":"https:\/\/www.facebook.com\/abrilabogados\/","article_modified_time":"2023-06-13T09:02:59+00:00","twitter_card":"summary_large_image","twitter_site":"@Abrilabogados","twitter_misc":{"Tiempo de lectura":"2 minutos"},"schema":{"@context":"https:\/\/schema.org","@graph":[{"@type":"WebPage","@id":"https:\/\/www.abrilabogados.com\/ambito-proteccion-disenos\/","url":"https:\/\/www.abrilabogados.com\/ambito-proteccion-disenos\/","name":"Abogados protecci\u00f3n de dise\u00f1os","isPartOf":{"@id":"https:\/\/www.abrilabogados.com\/#website"},"datePublished":"2019-02-14T15:57:54+00:00","dateModified":"2023-06-13T09:02:59+00:00","description":"ABRIL ABOGADOS. Dise\u00f1o nacional, dise\u00f1o comunitario, dise\u00f1o internacional y dise\u00f1o en cualquier lugar del mundo.","breadcrumb":{"@id":"https:\/\/www.abrilabogados.com\/ambito-proteccion-disenos\/#breadcrumb"},"inLanguage":"es","potentialAction":[{"@type":"ReadAction","target":["https:\/\/www.abrilabogados.com\/ambito-proteccion-disenos\/"]}]},{"@type":"BreadcrumbList","@id":"https:\/\/www.abrilabogados.com\/ambito-proteccion-disenos\/#breadcrumb","itemListElement":[{"@type":"ListItem","position":1,"name":"Portada","item":"https:\/\/www.abrilabogados.com\/"},{"@type":"ListItem","position":2,"name":"\u00c1mbito de protecci\u00f3n"}]},{"@type":"WebSite","@id":"https:\/\/www.abrilabogados.com\/#website","url":"https:\/\/www.abrilabogados.com\/","name":"Abogados Propiedad Intelectual e Industrial","description":"Abogados Propiedad Intelectual e Industrial: Despacho de abogados especializados en propiedad industrial e intelectual. Formule su consulta online.","publisher":{"@id":"https:\/\/www.abrilabogados.com\/#organization"},"potentialAction":[{"@type":"SearchAction","target":{"@type":"EntryPoint","urlTemplate":"https:\/\/www.abrilabogados.com\/?s={search_term_string}"},"query-input":{"@type":"PropertyValueSpecification","valueRequired":true,"valueName":"search_term_string"}}],"inLanguage":"es"},{"@type":"Organization","@id":"https:\/\/www.abrilabogados.com\/#organization","name":"Abril Abogados","url":"https:\/\/www.abrilabogados.com\/","logo":{"@type":"ImageObject","inLanguage":"es","@id":"https:\/\/www.abrilabogados.com\/#\/schema\/logo\/image\/","url":"https:\/\/www.abrilabogados.com\/wp-content\/uploads\/2021\/10\/abril_abogados_logo.png","contentUrl":"https:\/\/www.abrilabogados.com\/wp-content\/uploads\/2021\/10\/abril_abogados_logo.png","width":600,"height":314,"caption":"Abril Abogados"},"image":{"@id":"https:\/\/www.abrilabogados.com\/#\/schema\/logo\/image\/"},"sameAs":["https:\/\/www.facebook.com\/abrilabogados\/","https:\/\/x.com\/Abrilabogados","https:\/\/www.linkedin.com\/company\/abrilabogados\/"]}]}},"_links":{"self":[{"href":"https:\/\/www.abrilabogados.com\/wp-json\/wp\/v2\/pages\/129","targetHints":{"allow":["GET"]}}],"collection":[{"href":"https:\/\/www.abrilabogados.com\/wp-json\/wp\/v2\/pages"}],"about":[{"href":"https:\/\/www.abrilabogados.com\/wp-json\/wp\/v2\/types\/page"}],"author":[{"embeddable":true,"href":"https:\/\/www.abrilabogados.com\/wp-json\/wp\/v2\/users\/1"}],"replies":[{"embeddable":true,"href":"https:\/\/www.abrilabogados.com\/wp-json\/wp\/v2\/comments?post=129"}],"version-history":[{"count":1,"href":"https:\/\/www.abrilabogados.com\/wp-json\/wp\/v2\/pages\/129\/revisions"}],"predecessor-version":[{"id":3476,"href":"https:\/\/www.abrilabogados.com\/wp-json\/wp\/v2\/pages\/129\/revisions\/3476"}],"wp:attachment":[{"href":"https:\/\/www.abrilabogados.com\/wp-json\/wp\/v2\/media?parent=129"}],"curies":[{"name":"wp","href":"https:\/\/api.w.org\/{rel}","templated":true}]}}