{"id":161,"date":"2019-02-15T08:18:28","date_gmt":"2019-02-15T08:18:28","guid":{"rendered":"https:\/\/abrilabogados.com\/?page_id=161"},"modified":"2023-06-13T11:58:24","modified_gmt":"2023-06-13T09:58:24","slug":"contratos-licencia-informaticos","status":"publish","type":"page","link":"https:\/\/www.abrilabogados.com\/contratos-licencia-informaticos\/","title":{"rendered":"Contratos inform\u00e1ticos \/ Contrataci\u00f3n electr\u00f3nica"},"content":{"rendered":"<section class=\"wpb-content-wrapper\"><p>[vc_row][vc_column][vc_empty_space][\/vc_column][\/vc_row][vc_row][vc_column width=&#8221;1\/3&#8243; css=&#8221;.vc_custom_1550678408803{border-right-width: 1px !important;border-right-color: #e2e2e2 !important;border-right-style: solid !important;}&#8221;][vc_custom_heading text=&#8221;Servicios de Nuevas tecnolog\u00edas&#8221; font_container=&#8221;tag:h3|text_align:left|color:%23b30000&#8243; use_theme_fonts=&#8221;yes&#8221;][vc_empty_space height=&#8221;10px&#8221;][vc_wp_custommenu nav_menu=&#8221;21&#8243;][\/vc_column][vc_column width=&#8221;2\/3&#8243;][vc_custom_heading text=&#8221;Contratos Inform\u00e1ticos \/ Contrataci\u00f3n Electr\u00f3nica&#8221; font_container=&#8221;tag:h1|text_align:left|color:%23b30000&#8243; use_theme_fonts=&#8221;yes&#8221;][vc_column_text]<img decoding=\"async\" class=\"size-medium wp-image-162 alignright\" src=\"\/wp-content\/uploads\/2019\/02\/contratoss-informaticos-300x225.jpg\" alt=\"Contrataci\u00f3n electr\u00f3nica\" width=\"300\" height=\"225\" srcset=\"https:\/\/www.abrilabogados.com\/wp-content\/uploads\/2019\/02\/contratoss-informaticos-300x225.jpg 300w, https:\/\/www.abrilabogados.com\/wp-content\/uploads\/2019\/02\/contratoss-informaticos.jpg 400w\" sizes=\"(max-width: 300px) 100vw, 300px\" \/><br \/>\n\u00bfEst\u00e1 buscando ayuda con la normativa legal aplicable a sus programas de ordenador y software? \u00c9sta es una de las especialidades con las que cuenta Abril Abogados.<\/p>\n<p>Nuestros servicios en materia de contratos inform\u00e1ticos se centran en la redacci\u00f3n y\/o modificaci\u00f3n de contratos que tienen por objeto un bien o un servicio inform\u00e1tico independientemente de que el perfeccionamiento del contrato se realice de forma electr\u00f3nica o no.<\/p>\n<p>Dentro el gran abanico que conforman los contratos inform\u00e1ticos, los m\u00e1s habituales sobre los que trabajamos son los siguientes:<\/p>\n<ul>\n<li>Hosting<\/li>\n<li>Housing<\/li>\n<li>Licencia de Software programa inform\u00e1tico<\/li>\n<li>Desarrollo de Software \u2013 programa inform\u00e1tico<\/li>\n<li>Mantenimiento de Software \u2013 programa inform\u00e1tico<\/li>\n<li>Contrato de software \u2013 programa inform\u00e1tico<\/li>\n<li>Escrow<\/li>\n<li>Branding y Co-branding<\/li>\n<li>Linking y deeplinking<\/li>\n<li>CLUF: Contrato de Licencia de usuario final<\/li>\n<li>Prestaci\u00f3n de servicios inform\u00e1ticos<\/li>\n<li>Para la creaci\u00f3n de p\u00e1ginas web, apps<\/li>\n<li>Creaci\u00f3n de plataformas e compras on-line<\/li>\n<li>Creaci\u00f3n de redes P2P, B2C, B2B<\/li>\n<li>Outsourcing<\/li>\n<li>Suministro de contenidos<\/li>\n<\/ul>\n<p>[\/vc_column_text][\/vc_column][\/vc_row]<\/p>\n<\/section>","protected":false},"excerpt":{"rendered":"<p>[vc_row][vc_column][vc_empty_space][\/vc_column][\/vc_row][vc_row][vc_column width=&#8221;1\/3&#8243; css=&#8221;.vc_custom_1550678408803{border-right-width: 1px !important;border-right-color: #e2e2e2 !important;border-right-style: solid !important;}&#8221;][vc_custom_heading text=&#8221;Servicios de Nuevas tecnolog\u00edas&#8221; font_container=&#8221;tag:h3|text_align:left|color:%23b30000&#8243; use_theme_fonts=&#8221;yes&#8221;][vc_empty_space height=&#8221;10px&#8221;][vc_wp_custommenu nav_menu=&#8221;21&#8243;][\/vc_column][vc_column width=&#8221;2\/3&#8243;][vc_custom_heading text=&#8221;Contratos Inform\u00e1ticos \/ Contrataci\u00f3n Electr\u00f3nica&#8221; font_container=&#8221;tag:h1|text_align:left|color:%23b30000&#8243; use_theme_fonts=&#8221;yes&#8221;][vc_column_text] \u00bfEst\u00e1 buscando ayuda con la normativa legal aplicable a sus programas de ordenador y software? \u00c9sta es una de las especialidades con las que cuenta Abril Abogados. Nuestros servicios en<\/p>\n","protected":false},"author":1,"featured_media":0,"parent":0,"menu_order":0,"comment_status":"closed","ping_status":"closed","template":"","meta":{"footnotes":""},"class_list":["post-161","page","type-page","status-publish","hentry"],"yoast_head":"<!-- This site is optimized with the Yoast SEO plugin v25.8 - https:\/\/yoast.com\/wordpress\/plugins\/seo\/ -->\n<title>Abogados software. Contratos inform\u00e1ticos. Contrato licencia Software<\/title>\n<meta name=\"description\" content=\"ABRIL ABOGADOS. Redacci\u00f3n y\/o modificaci\u00f3n de contratos que tienen por objeto un bien o un servicio inform\u00e1tico. Contrataci\u00f3n electr\u00f3nica.\" \/>\n<meta name=\"robots\" content=\"index, follow, max-snippet:-1, max-image-preview:large, max-video-preview:-1\" \/>\n<link rel=\"canonical\" href=\"https:\/\/www.abrilabogados.com\/contratos-licencia-informaticos\/\" \/>\n<meta property=\"og:locale\" content=\"es_ES\" \/>\n<meta property=\"og:type\" content=\"article\" \/>\n<meta property=\"og:title\" content=\"Abogados software. Contratos inform\u00e1ticos. Contrato licencia Software\" \/>\n<meta property=\"og:description\" content=\"ABRIL ABOGADOS. Redacci\u00f3n y\/o modificaci\u00f3n de contratos que tienen por objeto un bien o un servicio inform\u00e1tico. Contrataci\u00f3n electr\u00f3nica.\" \/>\n<meta property=\"og:url\" content=\"https:\/\/www.abrilabogados.com\/contratos-licencia-informaticos\/\" \/>\n<meta property=\"og:site_name\" content=\"Abogados Propiedad Intelectual e Industrial\" \/>\n<meta property=\"article:publisher\" content=\"https:\/\/www.facebook.com\/abrilabogados\/\" \/>\n<meta property=\"article:modified_time\" content=\"2023-06-13T09:58:24+00:00\" \/>\n<meta name=\"twitter:card\" content=\"summary_large_image\" \/>\n<meta name=\"twitter:site\" content=\"@Abrilabogados\" \/>\n<meta name=\"twitter:label1\" content=\"Tiempo de lectura\" \/>\n\t<meta name=\"twitter:data1\" content=\"2 minutos\" \/>\n<script type=\"application\/ld+json\" class=\"yoast-schema-graph\">{\"@context\":\"https:\/\/schema.org\",\"@graph\":[{\"@type\":\"WebPage\",\"@id\":\"https:\/\/www.abrilabogados.com\/contratos-licencia-informaticos\/\",\"url\":\"https:\/\/www.abrilabogados.com\/contratos-licencia-informaticos\/\",\"name\":\"Abogados software. Contratos inform\u00e1ticos. Contrato licencia Software\",\"isPartOf\":{\"@id\":\"https:\/\/www.abrilabogados.com\/#website\"},\"datePublished\":\"2019-02-15T08:18:28+00:00\",\"dateModified\":\"2023-06-13T09:58:24+00:00\",\"description\":\"ABRIL ABOGADOS. Redacci\u00f3n y\/o modificaci\u00f3n de contratos que tienen por objeto un bien o un servicio inform\u00e1tico. Contrataci\u00f3n electr\u00f3nica.\",\"breadcrumb\":{\"@id\":\"https:\/\/www.abrilabogados.com\/contratos-licencia-informaticos\/#breadcrumb\"},\"inLanguage\":\"es\",\"potentialAction\":[{\"@type\":\"ReadAction\",\"target\":[\"https:\/\/www.abrilabogados.com\/contratos-licencia-informaticos\/\"]}]},{\"@type\":\"BreadcrumbList\",\"@id\":\"https:\/\/www.abrilabogados.com\/contratos-licencia-informaticos\/#breadcrumb\",\"itemListElement\":[{\"@type\":\"ListItem\",\"position\":1,\"name\":\"Portada\",\"item\":\"https:\/\/www.abrilabogados.com\/\"},{\"@type\":\"ListItem\",\"position\":2,\"name\":\"Contratos inform\u00e1ticos \/ Contrataci\u00f3n electr\u00f3nica\"}]},{\"@type\":\"WebSite\",\"@id\":\"https:\/\/www.abrilabogados.com\/#website\",\"url\":\"https:\/\/www.abrilabogados.com\/\",\"name\":\"Abogados Propiedad Intelectual e Industrial\",\"description\":\"Abogados Propiedad Intelectual e Industrial: Despacho de abogados especializados en propiedad industrial e intelectual. Formule su consulta online.\",\"publisher\":{\"@id\":\"https:\/\/www.abrilabogados.com\/#organization\"},\"potentialAction\":[{\"@type\":\"SearchAction\",\"target\":{\"@type\":\"EntryPoint\",\"urlTemplate\":\"https:\/\/www.abrilabogados.com\/?s={search_term_string}\"},\"query-input\":{\"@type\":\"PropertyValueSpecification\",\"valueRequired\":true,\"valueName\":\"search_term_string\"}}],\"inLanguage\":\"es\"},{\"@type\":\"Organization\",\"@id\":\"https:\/\/www.abrilabogados.com\/#organization\",\"name\":\"Abril Abogados\",\"url\":\"https:\/\/www.abrilabogados.com\/\",\"logo\":{\"@type\":\"ImageObject\",\"inLanguage\":\"es\",\"@id\":\"https:\/\/www.abrilabogados.com\/#\/schema\/logo\/image\/\",\"url\":\"https:\/\/www.abrilabogados.com\/wp-content\/uploads\/2021\/10\/abril_abogados_logo.png\",\"contentUrl\":\"https:\/\/www.abrilabogados.com\/wp-content\/uploads\/2021\/10\/abril_abogados_logo.png\",\"width\":600,\"height\":314,\"caption\":\"Abril Abogados\"},\"image\":{\"@id\":\"https:\/\/www.abrilabogados.com\/#\/schema\/logo\/image\/\"},\"sameAs\":[\"https:\/\/www.facebook.com\/abrilabogados\/\",\"https:\/\/x.com\/Abrilabogados\",\"https:\/\/www.linkedin.com\/company\/abrilabogados\/\"]}]}<\/script>\n<!-- \/ Yoast SEO plugin. -->","yoast_head_json":{"title":"Abogados software. Contratos inform\u00e1ticos. Contrato licencia Software","description":"ABRIL ABOGADOS. Redacci\u00f3n y\/o modificaci\u00f3n de contratos que tienen por objeto un bien o un servicio inform\u00e1tico. Contrataci\u00f3n electr\u00f3nica.","robots":{"index":"index","follow":"follow","max-snippet":"max-snippet:-1","max-image-preview":"max-image-preview:large","max-video-preview":"max-video-preview:-1"},"canonical":"https:\/\/www.abrilabogados.com\/contratos-licencia-informaticos\/","og_locale":"es_ES","og_type":"article","og_title":"Abogados software. Contratos inform\u00e1ticos. Contrato licencia Software","og_description":"ABRIL ABOGADOS. Redacci\u00f3n y\/o modificaci\u00f3n de contratos que tienen por objeto un bien o un servicio inform\u00e1tico. Contrataci\u00f3n electr\u00f3nica.","og_url":"https:\/\/www.abrilabogados.com\/contratos-licencia-informaticos\/","og_site_name":"Abogados Propiedad Intelectual e Industrial","article_publisher":"https:\/\/www.facebook.com\/abrilabogados\/","article_modified_time":"2023-06-13T09:58:24+00:00","twitter_card":"summary_large_image","twitter_site":"@Abrilabogados","twitter_misc":{"Tiempo de lectura":"2 minutos"},"schema":{"@context":"https:\/\/schema.org","@graph":[{"@type":"WebPage","@id":"https:\/\/www.abrilabogados.com\/contratos-licencia-informaticos\/","url":"https:\/\/www.abrilabogados.com\/contratos-licencia-informaticos\/","name":"Abogados software. Contratos inform\u00e1ticos. Contrato licencia Software","isPartOf":{"@id":"https:\/\/www.abrilabogados.com\/#website"},"datePublished":"2019-02-15T08:18:28+00:00","dateModified":"2023-06-13T09:58:24+00:00","description":"ABRIL ABOGADOS. Redacci\u00f3n y\/o modificaci\u00f3n de contratos que tienen por objeto un bien o un servicio inform\u00e1tico. Contrataci\u00f3n electr\u00f3nica.","breadcrumb":{"@id":"https:\/\/www.abrilabogados.com\/contratos-licencia-informaticos\/#breadcrumb"},"inLanguage":"es","potentialAction":[{"@type":"ReadAction","target":["https:\/\/www.abrilabogados.com\/contratos-licencia-informaticos\/"]}]},{"@type":"BreadcrumbList","@id":"https:\/\/www.abrilabogados.com\/contratos-licencia-informaticos\/#breadcrumb","itemListElement":[{"@type":"ListItem","position":1,"name":"Portada","item":"https:\/\/www.abrilabogados.com\/"},{"@type":"ListItem","position":2,"name":"Contratos inform\u00e1ticos \/ Contrataci\u00f3n electr\u00f3nica"}]},{"@type":"WebSite","@id":"https:\/\/www.abrilabogados.com\/#website","url":"https:\/\/www.abrilabogados.com\/","name":"Abogados Propiedad Intelectual e Industrial","description":"Abogados Propiedad Intelectual e Industrial: Despacho de abogados especializados en propiedad industrial e intelectual. Formule su consulta online.","publisher":{"@id":"https:\/\/www.abrilabogados.com\/#organization"},"potentialAction":[{"@type":"SearchAction","target":{"@type":"EntryPoint","urlTemplate":"https:\/\/www.abrilabogados.com\/?s={search_term_string}"},"query-input":{"@type":"PropertyValueSpecification","valueRequired":true,"valueName":"search_term_string"}}],"inLanguage":"es"},{"@type":"Organization","@id":"https:\/\/www.abrilabogados.com\/#organization","name":"Abril Abogados","url":"https:\/\/www.abrilabogados.com\/","logo":{"@type":"ImageObject","inLanguage":"es","@id":"https:\/\/www.abrilabogados.com\/#\/schema\/logo\/image\/","url":"https:\/\/www.abrilabogados.com\/wp-content\/uploads\/2021\/10\/abril_abogados_logo.png","contentUrl":"https:\/\/www.abrilabogados.com\/wp-content\/uploads\/2021\/10\/abril_abogados_logo.png","width":600,"height":314,"caption":"Abril Abogados"},"image":{"@id":"https:\/\/www.abrilabogados.com\/#\/schema\/logo\/image\/"},"sameAs":["https:\/\/www.facebook.com\/abrilabogados\/","https:\/\/x.com\/Abrilabogados","https:\/\/www.linkedin.com\/company\/abrilabogados\/"]}]}},"_links":{"self":[{"href":"https:\/\/www.abrilabogados.com\/wp-json\/wp\/v2\/pages\/161","targetHints":{"allow":["GET"]}}],"collection":[{"href":"https:\/\/www.abrilabogados.com\/wp-json\/wp\/v2\/pages"}],"about":[{"href":"https:\/\/www.abrilabogados.com\/wp-json\/wp\/v2\/types\/page"}],"author":[{"embeddable":true,"href":"https:\/\/www.abrilabogados.com\/wp-json\/wp\/v2\/users\/1"}],"replies":[{"embeddable":true,"href":"https:\/\/www.abrilabogados.com\/wp-json\/wp\/v2\/comments?post=161"}],"version-history":[{"count":2,"href":"https:\/\/www.abrilabogados.com\/wp-json\/wp\/v2\/pages\/161\/revisions"}],"predecessor-version":[{"id":3502,"href":"https:\/\/www.abrilabogados.com\/wp-json\/wp\/v2\/pages\/161\/revisions\/3502"}],"wp:attachment":[{"href":"https:\/\/www.abrilabogados.com\/wp-json\/wp\/v2\/media?parent=161"}],"curies":[{"name":"wp","href":"https:\/\/api.w.org\/{rel}","templated":true}]}}