{"id":164,"date":"2019-02-15T08:19:37","date_gmt":"2019-02-15T08:19:37","guid":{"rendered":"https:\/\/abrilabogados.com\/?page_id=164"},"modified":"2023-06-13T11:08:40","modified_gmt":"2023-06-13T09:08:40","slug":"antipirateria","status":"publish","type":"page","link":"https:\/\/www.abrilabogados.com\/antipirateria\/","title":{"rendered":"Antipirater\u00eda"},"content":{"rendered":"<section class=\"wpb-content-wrapper\"><p>[vc_row][vc_column][vc_empty_space][\/vc_column][\/vc_row][vc_row][vc_column width=&#8221;1\/3&#8243; css=&#8221;.vc_custom_1550678408803{border-right-width: 1px !important;border-right-color: #e2e2e2 !important;border-right-style: solid !important;}&#8221;][vc_custom_heading text=&#8221;Otros servicios&#8221; font_container=&#8221;tag:h3|text_align:left|color:%23b30000&#8243; use_theme_fonts=&#8221;yes&#8221;][vc_empty_space height=&#8221;10px&#8221;][vc_wp_custommenu nav_menu=&#8221;25&#8243;][\/vc_column][vc_column width=&#8221;2\/3&#8243;][vc_custom_heading text=&#8221;Abogados expertos en la lucha contra las falsificaciones&#8221; font_container=&#8221;tag:h1|text_align:left|color:%23b30000&#8243; use_theme_fonts=&#8221;yes&#8221;][vc_column_text]<img decoding=\"async\" class=\"size-full wp-image-165 alignright\" src=\"\/wp-content\/uploads\/2019\/02\/antipirateria.jpg\" alt=\"antipirateria\" width=\"190\" height=\"202\" \/><br \/>\nAbril Abogados tambi\u00e9n presta servicios jur\u00eddicos en materia de antipirater\u00eda (falsificaciones). de toda clase de <strong>derechos de Propiedad Intelectual, tales como Derechos de Autor, Marcas, Patentes, Dise\u00f1os y Modelos Industriales, etc.<\/strong><\/p>\n<p>Nuestros servicios abarcan:<\/p>\n<ul>\n<li>Asesoramiento, tramitaci\u00f3n y asistencia en acciones policiales dirigidas por las unidades especializadas en delitos contra la Propiedad Industrial e Intelectual de Guardia Civil, Polic\u00eda Nacional, Polic\u00eda Local, Vigilancia Aduanera y dem\u00e1s cuerpos de seguridad.<\/li>\n<li>Presentaci\u00f3n y tramitaci\u00f3n de solicitudes de Intervenci\u00f3n ante las aduanas comunitarias y las nacionales.<\/li>\n<li>Acciones en pa\u00edses productores de mercanc\u00edas falsificadas.<\/li>\n<li>Tramitaci\u00f3n de procedimientos judiciales penales y civiles.<\/li>\n<li>Ciberseguridad, investigaciones y acciones en el entorno digital.<\/li>\n<\/ul>\n<p>Nuestro despacho atiende tanto a clientes nacionales como internacionales que demandan asistencia en esta materia, poniendo a su servicio un equipo de abogados altamente cualificados y con una amplia experiencia.[\/vc_column_text][vc_custom_heading text=&#8221;Abogados expertos en la lucha contra las falsificaciones&#8221; font_container=&#8221;tag:h2|text_align:left|color:%23b30000&#8243; use_theme_fonts=&#8221;yes&#8221;][vc_column_text]Falsificaci\u00f3n, copia, copia pirata, son todas expresiones que sirven para referirse a objetos o mercanc\u00edas que reproducen de manera pr\u00e1cticamente id\u00e9ntica un derecho de los mencionados, sin autorizaci\u00f3n de su titular. Las acciones de los responsables de esta clase de actuaciones trascienden la mera <strong>imitaci\u00f3n<\/strong>, que atiende a otros par\u00e1metros.[\/vc_column_text][vc_custom_heading text=&#8221;\u00bfEs la pirater\u00eda un delito?&#8221; font_container=&#8221;tag:h2|text_align:left|color:%23b30000&#8243; use_theme_fonts=&#8221;yes&#8221;][vc_column_text]Efectivamente, los actos de pirater\u00eda (de esta clase de derechos) se encuentran tipificados en nuestro C\u00f3digo Penal y castigados con penas de prisi\u00f3n que pueden alcanzar los seis a\u00f1os.<\/p>\n<p>Actos como la fabricaci\u00f3n, importaci\u00f3n, exportaci\u00f3n, distribuci\u00f3n, la oferta en el comercio, la supresi\u00f3n de medidas tecnol\u00f3gicas tendentes a impedir actos de pirater\u00eda, entre otras, son actuaciones que nuestro derecho penal sanciona y que nuestros Tribunales de Justicia condenan.[\/vc_column_text][\/vc_column][\/vc_row]<\/p>\n<\/section>","protected":false},"excerpt":{"rendered":"<p>[vc_row][vc_column][vc_empty_space][\/vc_column][\/vc_row][vc_row][vc_column width=&#8221;1\/3&#8243; css=&#8221;.vc_custom_1550678408803{border-right-width: 1px !important;border-right-color: #e2e2e2 !important;border-right-style: solid !important;}&#8221;][vc_custom_heading text=&#8221;Otros servicios&#8221; font_container=&#8221;tag:h3|text_align:left|color:%23b30000&#8243; use_theme_fonts=&#8221;yes&#8221;][vc_empty_space height=&#8221;10px&#8221;][vc_wp_custommenu nav_menu=&#8221;25&#8243;][\/vc_column][vc_column width=&#8221;2\/3&#8243;][vc_custom_heading text=&#8221;Abogados expertos en la lucha contra las falsificaciones&#8221; font_container=&#8221;tag:h1|text_align:left|color:%23b30000&#8243; use_theme_fonts=&#8221;yes&#8221;][vc_column_text] Abril Abogados tambi\u00e9n presta servicios jur\u00eddicos en materia de antipirater\u00eda (falsificaciones). de toda clase de derechos de Propiedad Intelectual, tales como Derechos de Autor, Marcas, Patentes, Dise\u00f1os y Modelos<\/p>\n","protected":false},"author":1,"featured_media":0,"parent":0,"menu_order":0,"comment_status":"closed","ping_status":"closed","template":"","meta":{"footnotes":""},"class_list":["post-164","page","type-page","status-publish","hentry"],"yoast_head":"<!-- This site is optimized with the Yoast SEO plugin v25.8 - https:\/\/yoast.com\/wordpress\/plugins\/seo\/ -->\n<title>Antipirater\u00eda y aduanas<\/title>\n<meta name=\"description\" content=\"ABRIL ABOGADOS. Nuestros expertos prestan asesoramiento cualificado y eficaz en materia de pirater\u00eda y aduanas, elaborando estrategias ad hoc.\" \/>\n<meta name=\"robots\" content=\"index, follow, max-snippet:-1, max-image-preview:large, max-video-preview:-1\" \/>\n<link rel=\"canonical\" href=\"https:\/\/www.abrilabogados.com\/antipirateria\/\" \/>\n<meta property=\"og:locale\" content=\"es_ES\" \/>\n<meta property=\"og:type\" content=\"article\" \/>\n<meta property=\"og:title\" content=\"Antipirater\u00eda y aduanas\" \/>\n<meta property=\"og:description\" content=\"ABRIL ABOGADOS. Nuestros expertos prestan asesoramiento cualificado y eficaz en materia de pirater\u00eda y aduanas, elaborando estrategias ad hoc.\" \/>\n<meta property=\"og:url\" content=\"https:\/\/www.abrilabogados.com\/antipirateria\/\" \/>\n<meta property=\"og:site_name\" content=\"Abogados Propiedad Intelectual e Industrial\" \/>\n<meta property=\"article:publisher\" content=\"https:\/\/www.facebook.com\/abrilabogados\/\" \/>\n<meta property=\"article:modified_time\" content=\"2023-06-13T09:08:40+00:00\" \/>\n<meta name=\"twitter:card\" content=\"summary_large_image\" \/>\n<meta name=\"twitter:site\" content=\"@Abrilabogados\" \/>\n<meta name=\"twitter:label1\" content=\"Tiempo de lectura\" \/>\n\t<meta name=\"twitter:data1\" content=\"2 minutos\" \/>\n<script type=\"application\/ld+json\" class=\"yoast-schema-graph\">{\"@context\":\"https:\/\/schema.org\",\"@graph\":[{\"@type\":\"WebPage\",\"@id\":\"https:\/\/www.abrilabogados.com\/antipirateria\/\",\"url\":\"https:\/\/www.abrilabogados.com\/antipirateria\/\",\"name\":\"Antipirater\u00eda y aduanas\",\"isPartOf\":{\"@id\":\"https:\/\/www.abrilabogados.com\/#website\"},\"datePublished\":\"2019-02-15T08:19:37+00:00\",\"dateModified\":\"2023-06-13T09:08:40+00:00\",\"description\":\"ABRIL ABOGADOS. Nuestros expertos prestan asesoramiento cualificado y eficaz en materia de pirater\u00eda y aduanas, elaborando estrategias ad hoc.\",\"breadcrumb\":{\"@id\":\"https:\/\/www.abrilabogados.com\/antipirateria\/#breadcrumb\"},\"inLanguage\":\"es\",\"potentialAction\":[{\"@type\":\"ReadAction\",\"target\":[\"https:\/\/www.abrilabogados.com\/antipirateria\/\"]}]},{\"@type\":\"BreadcrumbList\",\"@id\":\"https:\/\/www.abrilabogados.com\/antipirateria\/#breadcrumb\",\"itemListElement\":[{\"@type\":\"ListItem\",\"position\":1,\"name\":\"Portada\",\"item\":\"https:\/\/www.abrilabogados.com\/\"},{\"@type\":\"ListItem\",\"position\":2,\"name\":\"Antipirater\u00eda\"}]},{\"@type\":\"WebSite\",\"@id\":\"https:\/\/www.abrilabogados.com\/#website\",\"url\":\"https:\/\/www.abrilabogados.com\/\",\"name\":\"Abogados Propiedad Intelectual e Industrial\",\"description\":\"Abogados Propiedad Intelectual e Industrial: Despacho de abogados especializados en propiedad industrial e intelectual. Formule su consulta online.\",\"publisher\":{\"@id\":\"https:\/\/www.abrilabogados.com\/#organization\"},\"potentialAction\":[{\"@type\":\"SearchAction\",\"target\":{\"@type\":\"EntryPoint\",\"urlTemplate\":\"https:\/\/www.abrilabogados.com\/?s={search_term_string}\"},\"query-input\":{\"@type\":\"PropertyValueSpecification\",\"valueRequired\":true,\"valueName\":\"search_term_string\"}}],\"inLanguage\":\"es\"},{\"@type\":\"Organization\",\"@id\":\"https:\/\/www.abrilabogados.com\/#organization\",\"name\":\"Abril Abogados\",\"url\":\"https:\/\/www.abrilabogados.com\/\",\"logo\":{\"@type\":\"ImageObject\",\"inLanguage\":\"es\",\"@id\":\"https:\/\/www.abrilabogados.com\/#\/schema\/logo\/image\/\",\"url\":\"https:\/\/www.abrilabogados.com\/wp-content\/uploads\/2021\/10\/abril_abogados_logo.png\",\"contentUrl\":\"https:\/\/www.abrilabogados.com\/wp-content\/uploads\/2021\/10\/abril_abogados_logo.png\",\"width\":600,\"height\":314,\"caption\":\"Abril Abogados\"},\"image\":{\"@id\":\"https:\/\/www.abrilabogados.com\/#\/schema\/logo\/image\/\"},\"sameAs\":[\"https:\/\/www.facebook.com\/abrilabogados\/\",\"https:\/\/x.com\/Abrilabogados\",\"https:\/\/www.linkedin.com\/company\/abrilabogados\/\"]}]}<\/script>\n<!-- \/ Yoast SEO plugin. -->","yoast_head_json":{"title":"Antipirater\u00eda y aduanas","description":"ABRIL ABOGADOS. Nuestros expertos prestan asesoramiento cualificado y eficaz en materia de pirater\u00eda y aduanas, elaborando estrategias ad hoc.","robots":{"index":"index","follow":"follow","max-snippet":"max-snippet:-1","max-image-preview":"max-image-preview:large","max-video-preview":"max-video-preview:-1"},"canonical":"https:\/\/www.abrilabogados.com\/antipirateria\/","og_locale":"es_ES","og_type":"article","og_title":"Antipirater\u00eda y aduanas","og_description":"ABRIL ABOGADOS. Nuestros expertos prestan asesoramiento cualificado y eficaz en materia de pirater\u00eda y aduanas, elaborando estrategias ad hoc.","og_url":"https:\/\/www.abrilabogados.com\/antipirateria\/","og_site_name":"Abogados Propiedad Intelectual e Industrial","article_publisher":"https:\/\/www.facebook.com\/abrilabogados\/","article_modified_time":"2023-06-13T09:08:40+00:00","twitter_card":"summary_large_image","twitter_site":"@Abrilabogados","twitter_misc":{"Tiempo de lectura":"2 minutos"},"schema":{"@context":"https:\/\/schema.org","@graph":[{"@type":"WebPage","@id":"https:\/\/www.abrilabogados.com\/antipirateria\/","url":"https:\/\/www.abrilabogados.com\/antipirateria\/","name":"Antipirater\u00eda y aduanas","isPartOf":{"@id":"https:\/\/www.abrilabogados.com\/#website"},"datePublished":"2019-02-15T08:19:37+00:00","dateModified":"2023-06-13T09:08:40+00:00","description":"ABRIL ABOGADOS. Nuestros expertos prestan asesoramiento cualificado y eficaz en materia de pirater\u00eda y aduanas, elaborando estrategias ad hoc.","breadcrumb":{"@id":"https:\/\/www.abrilabogados.com\/antipirateria\/#breadcrumb"},"inLanguage":"es","potentialAction":[{"@type":"ReadAction","target":["https:\/\/www.abrilabogados.com\/antipirateria\/"]}]},{"@type":"BreadcrumbList","@id":"https:\/\/www.abrilabogados.com\/antipirateria\/#breadcrumb","itemListElement":[{"@type":"ListItem","position":1,"name":"Portada","item":"https:\/\/www.abrilabogados.com\/"},{"@type":"ListItem","position":2,"name":"Antipirater\u00eda"}]},{"@type":"WebSite","@id":"https:\/\/www.abrilabogados.com\/#website","url":"https:\/\/www.abrilabogados.com\/","name":"Abogados Propiedad Intelectual e Industrial","description":"Abogados Propiedad Intelectual e Industrial: Despacho de abogados especializados en propiedad industrial e intelectual. Formule su consulta online.","publisher":{"@id":"https:\/\/www.abrilabogados.com\/#organization"},"potentialAction":[{"@type":"SearchAction","target":{"@type":"EntryPoint","urlTemplate":"https:\/\/www.abrilabogados.com\/?s={search_term_string}"},"query-input":{"@type":"PropertyValueSpecification","valueRequired":true,"valueName":"search_term_string"}}],"inLanguage":"es"},{"@type":"Organization","@id":"https:\/\/www.abrilabogados.com\/#organization","name":"Abril Abogados","url":"https:\/\/www.abrilabogados.com\/","logo":{"@type":"ImageObject","inLanguage":"es","@id":"https:\/\/www.abrilabogados.com\/#\/schema\/logo\/image\/","url":"https:\/\/www.abrilabogados.com\/wp-content\/uploads\/2021\/10\/abril_abogados_logo.png","contentUrl":"https:\/\/www.abrilabogados.com\/wp-content\/uploads\/2021\/10\/abril_abogados_logo.png","width":600,"height":314,"caption":"Abril Abogados"},"image":{"@id":"https:\/\/www.abrilabogados.com\/#\/schema\/logo\/image\/"},"sameAs":["https:\/\/www.facebook.com\/abrilabogados\/","https:\/\/x.com\/Abrilabogados","https:\/\/www.linkedin.com\/company\/abrilabogados\/"]}]}},"_links":{"self":[{"href":"https:\/\/www.abrilabogados.com\/wp-json\/wp\/v2\/pages\/164","targetHints":{"allow":["GET"]}}],"collection":[{"href":"https:\/\/www.abrilabogados.com\/wp-json\/wp\/v2\/pages"}],"about":[{"href":"https:\/\/www.abrilabogados.com\/wp-json\/wp\/v2\/types\/page"}],"author":[{"embeddable":true,"href":"https:\/\/www.abrilabogados.com\/wp-json\/wp\/v2\/users\/1"}],"replies":[{"embeddable":true,"href":"https:\/\/www.abrilabogados.com\/wp-json\/wp\/v2\/comments?post=164"}],"version-history":[{"count":1,"href":"https:\/\/www.abrilabogados.com\/wp-json\/wp\/v2\/pages\/164\/revisions"}],"predecessor-version":[{"id":3480,"href":"https:\/\/www.abrilabogados.com\/wp-json\/wp\/v2\/pages\/164\/revisions\/3480"}],"wp:attachment":[{"href":"https:\/\/www.abrilabogados.com\/wp-json\/wp\/v2\/media?parent=164"}],"curies":[{"name":"wp","href":"https:\/\/api.w.org\/{rel}","templated":true}]}}