{"id":213,"date":"2019-02-15T10:54:50","date_gmt":"2019-02-15T10:54:50","guid":{"rendered":"https:\/\/abrilabogados.com\/?page_id=213"},"modified":"2023-06-13T12:15:36","modified_gmt":"2023-06-13T10:15:36","slug":"litigios-extrajudiciales","status":"publish","type":"page","link":"https:\/\/www.abrilabogados.com\/litigios-extrajudiciales\/","title":{"rendered":"Extrajudiciales"},"content":{"rendered":"<section class=\"wpb-content-wrapper\"><p>[vc_row][vc_column][vc_empty_space][\/vc_column][\/vc_row][vc_row][vc_column width=&#8221;1\/3&#8243; css=&#8221;.vc_custom_1550678408803{border-right-width: 1px !important;border-right-color: #e2e2e2 !important;border-right-style: solid !important;}&#8221;][vc_custom_heading text=&#8221;Servicios&#8221; font_container=&#8221;tag:h3|text_align:left|color:%23b30000&#8243; use_theme_fonts=&#8221;yes&#8221;][vc_empty_space height=&#8221;10px&#8221;][vc_widget_sidebar sidebar_id=&#8221;consulting-left-sidebar&#8221;][\/vc_column][vc_column width=&#8221;2\/3&#8243;][vc_custom_heading text=&#8221;Extrajudiciales&#8221; font_container=&#8221;tag:h1|text_align:left|color:%23b30000&#8243; use_theme_fonts=&#8221;yes&#8221;][vc_column_text]<img decoding=\"async\" class=\"size-medium wp-image-214 alignright\" src=\"https:\/\/abrilabogados.com\/wp-content\/uploads\/2019\/02\/extrajudiciales-300x210.jpg\" alt=\"Extrajudiciales\" width=\"300\" height=\"210\" srcset=\"https:\/\/www.abrilabogados.com\/wp-content\/uploads\/2019\/02\/extrajudiciales-300x210.jpg 300w, https:\/\/www.abrilabogados.com\/wp-content\/uploads\/2019\/02\/extrajudiciales.jpg 429w\" sizes=\"(max-width: 300px) 100vw, 300px\" \/>Nuestra condici\u00f3n de abogados nos permite realizar la correspondiente defensa jur\u00eddica de los intereses de nuestros clientes que la gran mayor\u00eda de ocasiones se inician con negociaciones encaminadas a evitar procedimientos judiciales largos y costosos.<\/p>\n<p>Las negociaciones extrajudiciales habitualmente incluyen, no solo la asistencia sino la elaboraci\u00f3n de los acuerdos que dan por finalizados los conflictos.<\/p>\n<p>De la misma manera, representamos a nuestros clientes en procesos arbitrales y de mediaci\u00f3n.<\/p>\n<p>Nuestra experiencia en el \u00e1mbito procesal nos hace recomendar al cliente que siempre se intente llegar a un acuerdo extrajudicial y en el caso de que \u00e9ste sea inviable, entonces iniciar el proceso judicial.[\/vc_column_text][\/vc_column][\/vc_row]<\/p>\n<\/section>","protected":false},"excerpt":{"rendered":"<p>[vc_row][vc_column][vc_empty_space][\/vc_column][\/vc_row][vc_row][vc_column width=&#8221;1\/3&#8243; css=&#8221;.vc_custom_1550678408803{border-right-width: 1px !important;border-right-color: #e2e2e2 !important;border-right-style: solid !important;}&#8221;][vc_custom_heading text=&#8221;Servicios&#8221; font_container=&#8221;tag:h3|text_align:left|color:%23b30000&#8243; use_theme_fonts=&#8221;yes&#8221;][vc_empty_space height=&#8221;10px&#8221;][vc_widget_sidebar sidebar_id=&#8221;consulting-left-sidebar&#8221;][\/vc_column][vc_column width=&#8221;2\/3&#8243;][vc_custom_heading text=&#8221;Extrajudiciales&#8221; font_container=&#8221;tag:h1|text_align:left|color:%23b30000&#8243; use_theme_fonts=&#8221;yes&#8221;][vc_column_text]Nuestra condici\u00f3n de abogados nos permite realizar la correspondiente defensa jur\u00eddica de los intereses de nuestros clientes que la gran mayor\u00eda de ocasiones se inician con negociaciones encaminadas a evitar procedimientos judiciales largos y costosos. Las negociaciones extrajudiciales<\/p>\n","protected":false},"author":1,"featured_media":0,"parent":0,"menu_order":0,"comment_status":"closed","ping_status":"closed","template":"","meta":{"footnotes":""},"class_list":["post-213","page","type-page","status-publish","hentry"],"yoast_head":"<!-- This site is optimized with the Yoast SEO plugin v25.8 - https:\/\/yoast.com\/wordpress\/plugins\/seo\/ -->\n<title>Litigios extrajudiciales<\/title>\n<meta name=\"description\" content=\"ABRIL ABOGADOS. Somos especialistas en litigios extrajudiciales. Puede formular su consulta online.\" \/>\n<meta name=\"robots\" content=\"index, follow, max-snippet:-1, max-image-preview:large, max-video-preview:-1\" \/>\n<link rel=\"canonical\" href=\"https:\/\/www.abrilabogados.com\/litigios-extrajudiciales\/\" \/>\n<meta property=\"og:locale\" content=\"es_ES\" \/>\n<meta property=\"og:type\" content=\"article\" \/>\n<meta property=\"og:title\" content=\"Litigios extrajudiciales\" \/>\n<meta property=\"og:description\" content=\"ABRIL ABOGADOS. Somos especialistas en litigios extrajudiciales. Puede formular su consulta online.\" \/>\n<meta property=\"og:url\" content=\"https:\/\/www.abrilabogados.com\/litigios-extrajudiciales\/\" \/>\n<meta property=\"og:site_name\" content=\"Abogados Propiedad Intelectual e Industrial\" \/>\n<meta property=\"article:publisher\" content=\"https:\/\/www.facebook.com\/abrilabogados\/\" \/>\n<meta property=\"article:modified_time\" content=\"2023-06-13T10:15:36+00:00\" \/>\n<meta property=\"og:image\" content=\"https:\/\/abrilabogados.com\/wp-content\/uploads\/2019\/02\/extrajudiciales-300x210.jpg\" \/>\n<meta name=\"twitter:card\" content=\"summary_large_image\" \/>\n<meta name=\"twitter:site\" content=\"@Abrilabogados\" \/>\n<meta name=\"twitter:label1\" content=\"Tiempo de lectura\" \/>\n\t<meta name=\"twitter:data1\" content=\"1 minuto\" \/>\n<script type=\"application\/ld+json\" class=\"yoast-schema-graph\">{\"@context\":\"https:\/\/schema.org\",\"@graph\":[{\"@type\":\"WebPage\",\"@id\":\"https:\/\/www.abrilabogados.com\/litigios-extrajudiciales\/\",\"url\":\"https:\/\/www.abrilabogados.com\/litigios-extrajudiciales\/\",\"name\":\"Litigios extrajudiciales\",\"isPartOf\":{\"@id\":\"https:\/\/www.abrilabogados.com\/#website\"},\"primaryImageOfPage\":{\"@id\":\"https:\/\/www.abrilabogados.com\/litigios-extrajudiciales\/#primaryimage\"},\"image\":{\"@id\":\"https:\/\/www.abrilabogados.com\/litigios-extrajudiciales\/#primaryimage\"},\"thumbnailUrl\":\"https:\/\/abrilabogados.com\/wp-content\/uploads\/2019\/02\/extrajudiciales-300x210.jpg\",\"datePublished\":\"2019-02-15T10:54:50+00:00\",\"dateModified\":\"2023-06-13T10:15:36+00:00\",\"description\":\"ABRIL ABOGADOS. Somos especialistas en litigios extrajudiciales. Puede formular su consulta online.\",\"breadcrumb\":{\"@id\":\"https:\/\/www.abrilabogados.com\/litigios-extrajudiciales\/#breadcrumb\"},\"inLanguage\":\"es\",\"potentialAction\":[{\"@type\":\"ReadAction\",\"target\":[\"https:\/\/www.abrilabogados.com\/litigios-extrajudiciales\/\"]}]},{\"@type\":\"ImageObject\",\"inLanguage\":\"es\",\"@id\":\"https:\/\/www.abrilabogados.com\/litigios-extrajudiciales\/#primaryimage\",\"url\":\"https:\/\/abrilabogados.com\/wp-content\/uploads\/2019\/02\/extrajudiciales-300x210.jpg\",\"contentUrl\":\"https:\/\/abrilabogados.com\/wp-content\/uploads\/2019\/02\/extrajudiciales-300x210.jpg\"},{\"@type\":\"BreadcrumbList\",\"@id\":\"https:\/\/www.abrilabogados.com\/litigios-extrajudiciales\/#breadcrumb\",\"itemListElement\":[{\"@type\":\"ListItem\",\"position\":1,\"name\":\"Portada\",\"item\":\"https:\/\/www.abrilabogados.com\/\"},{\"@type\":\"ListItem\",\"position\":2,\"name\":\"Extrajudiciales\"}]},{\"@type\":\"WebSite\",\"@id\":\"https:\/\/www.abrilabogados.com\/#website\",\"url\":\"https:\/\/www.abrilabogados.com\/\",\"name\":\"Abogados Propiedad Intelectual e Industrial\",\"description\":\"Abogados Propiedad Intelectual e Industrial: Despacho de abogados especializados en propiedad industrial e intelectual. Formule su consulta online.\",\"publisher\":{\"@id\":\"https:\/\/www.abrilabogados.com\/#organization\"},\"potentialAction\":[{\"@type\":\"SearchAction\",\"target\":{\"@type\":\"EntryPoint\",\"urlTemplate\":\"https:\/\/www.abrilabogados.com\/?s={search_term_string}\"},\"query-input\":{\"@type\":\"PropertyValueSpecification\",\"valueRequired\":true,\"valueName\":\"search_term_string\"}}],\"inLanguage\":\"es\"},{\"@type\":\"Organization\",\"@id\":\"https:\/\/www.abrilabogados.com\/#organization\",\"name\":\"Abril Abogados\",\"url\":\"https:\/\/www.abrilabogados.com\/\",\"logo\":{\"@type\":\"ImageObject\",\"inLanguage\":\"es\",\"@id\":\"https:\/\/www.abrilabogados.com\/#\/schema\/logo\/image\/\",\"url\":\"https:\/\/www.abrilabogados.com\/wp-content\/uploads\/2021\/10\/abril_abogados_logo.png\",\"contentUrl\":\"https:\/\/www.abrilabogados.com\/wp-content\/uploads\/2021\/10\/abril_abogados_logo.png\",\"width\":600,\"height\":314,\"caption\":\"Abril Abogados\"},\"image\":{\"@id\":\"https:\/\/www.abrilabogados.com\/#\/schema\/logo\/image\/\"},\"sameAs\":[\"https:\/\/www.facebook.com\/abrilabogados\/\",\"https:\/\/x.com\/Abrilabogados\",\"https:\/\/www.linkedin.com\/company\/abrilabogados\/\"]}]}<\/script>\n<!-- \/ Yoast SEO plugin. -->","yoast_head_json":{"title":"Litigios extrajudiciales","description":"ABRIL ABOGADOS. Somos especialistas en litigios extrajudiciales. Puede formular su consulta online.","robots":{"index":"index","follow":"follow","max-snippet":"max-snippet:-1","max-image-preview":"max-image-preview:large","max-video-preview":"max-video-preview:-1"},"canonical":"https:\/\/www.abrilabogados.com\/litigios-extrajudiciales\/","og_locale":"es_ES","og_type":"article","og_title":"Litigios extrajudiciales","og_description":"ABRIL ABOGADOS. Somos especialistas en litigios extrajudiciales. Puede formular su consulta online.","og_url":"https:\/\/www.abrilabogados.com\/litigios-extrajudiciales\/","og_site_name":"Abogados Propiedad Intelectual e Industrial","article_publisher":"https:\/\/www.facebook.com\/abrilabogados\/","article_modified_time":"2023-06-13T10:15:36+00:00","og_image":[{"url":"https:\/\/abrilabogados.com\/wp-content\/uploads\/2019\/02\/extrajudiciales-300x210.jpg","type":"","width":"","height":""}],"twitter_card":"summary_large_image","twitter_site":"@Abrilabogados","twitter_misc":{"Tiempo de lectura":"1 minuto"},"schema":{"@context":"https:\/\/schema.org","@graph":[{"@type":"WebPage","@id":"https:\/\/www.abrilabogados.com\/litigios-extrajudiciales\/","url":"https:\/\/www.abrilabogados.com\/litigios-extrajudiciales\/","name":"Litigios extrajudiciales","isPartOf":{"@id":"https:\/\/www.abrilabogados.com\/#website"},"primaryImageOfPage":{"@id":"https:\/\/www.abrilabogados.com\/litigios-extrajudiciales\/#primaryimage"},"image":{"@id":"https:\/\/www.abrilabogados.com\/litigios-extrajudiciales\/#primaryimage"},"thumbnailUrl":"https:\/\/abrilabogados.com\/wp-content\/uploads\/2019\/02\/extrajudiciales-300x210.jpg","datePublished":"2019-02-15T10:54:50+00:00","dateModified":"2023-06-13T10:15:36+00:00","description":"ABRIL ABOGADOS. Somos especialistas en litigios extrajudiciales. Puede formular su consulta online.","breadcrumb":{"@id":"https:\/\/www.abrilabogados.com\/litigios-extrajudiciales\/#breadcrumb"},"inLanguage":"es","potentialAction":[{"@type":"ReadAction","target":["https:\/\/www.abrilabogados.com\/litigios-extrajudiciales\/"]}]},{"@type":"ImageObject","inLanguage":"es","@id":"https:\/\/www.abrilabogados.com\/litigios-extrajudiciales\/#primaryimage","url":"https:\/\/abrilabogados.com\/wp-content\/uploads\/2019\/02\/extrajudiciales-300x210.jpg","contentUrl":"https:\/\/abrilabogados.com\/wp-content\/uploads\/2019\/02\/extrajudiciales-300x210.jpg"},{"@type":"BreadcrumbList","@id":"https:\/\/www.abrilabogados.com\/litigios-extrajudiciales\/#breadcrumb","itemListElement":[{"@type":"ListItem","position":1,"name":"Portada","item":"https:\/\/www.abrilabogados.com\/"},{"@type":"ListItem","position":2,"name":"Extrajudiciales"}]},{"@type":"WebSite","@id":"https:\/\/www.abrilabogados.com\/#website","url":"https:\/\/www.abrilabogados.com\/","name":"Abogados Propiedad Intelectual e Industrial","description":"Abogados Propiedad Intelectual e Industrial: Despacho de abogados especializados en propiedad industrial e intelectual. Formule su consulta online.","publisher":{"@id":"https:\/\/www.abrilabogados.com\/#organization"},"potentialAction":[{"@type":"SearchAction","target":{"@type":"EntryPoint","urlTemplate":"https:\/\/www.abrilabogados.com\/?s={search_term_string}"},"query-input":{"@type":"PropertyValueSpecification","valueRequired":true,"valueName":"search_term_string"}}],"inLanguage":"es"},{"@type":"Organization","@id":"https:\/\/www.abrilabogados.com\/#organization","name":"Abril Abogados","url":"https:\/\/www.abrilabogados.com\/","logo":{"@type":"ImageObject","inLanguage":"es","@id":"https:\/\/www.abrilabogados.com\/#\/schema\/logo\/image\/","url":"https:\/\/www.abrilabogados.com\/wp-content\/uploads\/2021\/10\/abril_abogados_logo.png","contentUrl":"https:\/\/www.abrilabogados.com\/wp-content\/uploads\/2021\/10\/abril_abogados_logo.png","width":600,"height":314,"caption":"Abril Abogados"},"image":{"@id":"https:\/\/www.abrilabogados.com\/#\/schema\/logo\/image\/"},"sameAs":["https:\/\/www.facebook.com\/abrilabogados\/","https:\/\/x.com\/Abrilabogados","https:\/\/www.linkedin.com\/company\/abrilabogados\/"]}]}},"_links":{"self":[{"href":"https:\/\/www.abrilabogados.com\/wp-json\/wp\/v2\/pages\/213","targetHints":{"allow":["GET"]}}],"collection":[{"href":"https:\/\/www.abrilabogados.com\/wp-json\/wp\/v2\/pages"}],"about":[{"href":"https:\/\/www.abrilabogados.com\/wp-json\/wp\/v2\/types\/page"}],"author":[{"embeddable":true,"href":"https:\/\/www.abrilabogados.com\/wp-json\/wp\/v2\/users\/1"}],"replies":[{"embeddable":true,"href":"https:\/\/www.abrilabogados.com\/wp-json\/wp\/v2\/comments?post=213"}],"version-history":[{"count":1,"href":"https:\/\/www.abrilabogados.com\/wp-json\/wp\/v2\/pages\/213\/revisions"}],"predecessor-version":[{"id":3516,"href":"https:\/\/www.abrilabogados.com\/wp-json\/wp\/v2\/pages\/213\/revisions\/3516"}],"wp:attachment":[{"href":"https:\/\/www.abrilabogados.com\/wp-json\/wp\/v2\/media?parent=213"}],"curies":[{"name":"wp","href":"https:\/\/api.w.org\/{rel}","templated":true}]}}