{"id":216,"date":"2019-02-15T10:57:30","date_gmt":"2019-02-15T10:57:30","guid":{"rendered":"https:\/\/abrilabogados.com\/?page_id=216"},"modified":"2023-06-13T13:22:57","modified_gmt":"2023-06-13T11:22:57","slug":"litigios-procesales","status":"publish","type":"page","link":"https:\/\/www.abrilabogados.com\/litigios-procesales\/","title":{"rendered":"Procesales"},"content":{"rendered":"<section class=\"wpb-content-wrapper\"><p>[vc_row][vc_column][vc_empty_space][\/vc_column][\/vc_row][vc_row][vc_column width=&#8221;1\/3&#8243; css=&#8221;.vc_custom_1550678408803{border-right-width: 1px !important;border-right-color: #e2e2e2 !important;border-right-style: solid !important;}&#8221;][vc_custom_heading text=&#8221;Servicios&#8221; font_container=&#8221;tag:h3|text_align:left|color:%23b30000&#8243; use_theme_fonts=&#8221;yes&#8221;][vc_empty_space height=&#8221;10px&#8221;][vc_widget_sidebar sidebar_id=&#8221;consulting-left-sidebar&#8221;][\/vc_column][vc_column width=&#8221;2\/3&#8243;][vc_custom_heading text=&#8221;Procesales&#8221; font_container=&#8221;tag:h1|text_align:left|color:%23b30000&#8243; use_theme_fonts=&#8221;yes&#8221;][vc_column_text]<img decoding=\"async\" class=\"size-medium wp-image-217 alignright\" src=\"https:\/\/abrilabogados.com\/wp-content\/uploads\/2019\/02\/procesales-300x227.jpg\" alt=\"procesales\" width=\"300\" height=\"227\" srcset=\"https:\/\/www.abrilabogados.com\/wp-content\/uploads\/2019\/02\/procesales-300x227.jpg 300w, https:\/\/www.abrilabogados.com\/wp-content\/uploads\/2019\/02\/procesales.jpg 330w\" sizes=\"(max-width: 300px) 100vw, 300px\" \/>La Propiedad Industrial, Intelectual y nuevas Tecnolog\u00edas son materias de alta especializaci\u00f3n que exigen igualmente un tratamiento procesal especializado por sus caracter\u00edsticas diferenciadoras.<\/p>\n<p>S\u00f3lo una correcta formaci\u00f3n y experiencia procesal en la defensa de esta clase de derechos permite planificar y obtener un resultado \u00f3ptimo en las acciones judiciales.<\/p>\n<p>Abril Abogados cuenta con una dilatada experiencia en representaci\u00f3n procesal y defensa de los derechos de patentes.<\/p>\n<p>Contamos con un equipo de abogados procesalistas especializados en las materias en las que trabaja la firma, que desde hace a\u00f1os vienen prestando servicios a clientes de muy variadas industrias y sectores.<\/p>\n<p>As\u00ed, nos ocupamos de dise\u00f1ar la estrategia judicial de cada caso y de representar como letrados los intereses de nuestros clientes ante los distintos Juzgados y Tribunales espa\u00f1oles y europeos, en todas las jurisdicciones (civil, penal y contencioso).[\/vc_column_text][\/vc_column][\/vc_row]<\/p>\n<\/section>","protected":false},"excerpt":{"rendered":"<p>[vc_row][vc_column][vc_empty_space][\/vc_column][\/vc_row][vc_row][vc_column width=&#8221;1\/3&#8243; css=&#8221;.vc_custom_1550678408803{border-right-width: 1px !important;border-right-color: #e2e2e2 !important;border-right-style: solid !important;}&#8221;][vc_custom_heading text=&#8221;Servicios&#8221; font_container=&#8221;tag:h3|text_align:left|color:%23b30000&#8243; use_theme_fonts=&#8221;yes&#8221;][vc_empty_space height=&#8221;10px&#8221;][vc_widget_sidebar sidebar_id=&#8221;consulting-left-sidebar&#8221;][\/vc_column][vc_column width=&#8221;2\/3&#8243;][vc_custom_heading text=&#8221;Procesales&#8221; font_container=&#8221;tag:h1|text_align:left|color:%23b30000&#8243; use_theme_fonts=&#8221;yes&#8221;][vc_column_text]La Propiedad Industrial, Intelectual y nuevas Tecnolog\u00edas son materias de alta especializaci\u00f3n que exigen igualmente un tratamiento procesal especializado por sus caracter\u00edsticas diferenciadoras. S\u00f3lo una correcta formaci\u00f3n y experiencia procesal en la defensa de esta clase de derechos<\/p>\n","protected":false},"author":1,"featured_media":0,"parent":0,"menu_order":0,"comment_status":"closed","ping_status":"closed","template":"","meta":{"footnotes":""},"class_list":["post-216","page","type-page","status-publish","hentry"],"yoast_head":"<!-- This site is optimized with the Yoast SEO plugin v25.8 - https:\/\/yoast.com\/wordpress\/plugins\/seo\/ -->\n<title>Litigios procesales<\/title>\n<meta name=\"description\" content=\"ABRIL ABOGADOS. Somos especialistas en litigios procesales. Puede formular su consulta online.\" \/>\n<meta name=\"robots\" content=\"index, follow, max-snippet:-1, max-image-preview:large, max-video-preview:-1\" \/>\n<link rel=\"canonical\" href=\"https:\/\/www.abrilabogados.com\/litigios-procesales\/\" \/>\n<meta property=\"og:locale\" content=\"es_ES\" \/>\n<meta property=\"og:type\" content=\"article\" \/>\n<meta property=\"og:title\" content=\"Litigios procesales\" \/>\n<meta property=\"og:description\" content=\"ABRIL ABOGADOS. Somos especialistas en litigios procesales. Puede formular su consulta online.\" \/>\n<meta property=\"og:url\" content=\"https:\/\/www.abrilabogados.com\/litigios-procesales\/\" \/>\n<meta property=\"og:site_name\" content=\"Abogados Propiedad Intelectual e Industrial\" \/>\n<meta property=\"article:publisher\" content=\"https:\/\/www.facebook.com\/abrilabogados\/\" \/>\n<meta property=\"article:modified_time\" content=\"2023-06-13T11:22:57+00:00\" \/>\n<meta property=\"og:image\" content=\"https:\/\/abrilabogados.com\/wp-content\/uploads\/2019\/02\/procesales-300x227.jpg\" \/>\n<meta name=\"twitter:card\" content=\"summary_large_image\" \/>\n<meta name=\"twitter:site\" content=\"@Abrilabogados\" \/>\n<meta name=\"twitter:label1\" content=\"Tiempo de lectura\" \/>\n\t<meta name=\"twitter:data1\" content=\"1 minuto\" \/>\n<script type=\"application\/ld+json\" class=\"yoast-schema-graph\">{\"@context\":\"https:\/\/schema.org\",\"@graph\":[{\"@type\":\"WebPage\",\"@id\":\"https:\/\/www.abrilabogados.com\/litigios-procesales\/\",\"url\":\"https:\/\/www.abrilabogados.com\/litigios-procesales\/\",\"name\":\"Litigios procesales\",\"isPartOf\":{\"@id\":\"https:\/\/www.abrilabogados.com\/#website\"},\"primaryImageOfPage\":{\"@id\":\"https:\/\/www.abrilabogados.com\/litigios-procesales\/#primaryimage\"},\"image\":{\"@id\":\"https:\/\/www.abrilabogados.com\/litigios-procesales\/#primaryimage\"},\"thumbnailUrl\":\"https:\/\/abrilabogados.com\/wp-content\/uploads\/2019\/02\/procesales-300x227.jpg\",\"datePublished\":\"2019-02-15T10:57:30+00:00\",\"dateModified\":\"2023-06-13T11:22:57+00:00\",\"description\":\"ABRIL ABOGADOS. Somos especialistas en litigios procesales. Puede formular su consulta online.\",\"breadcrumb\":{\"@id\":\"https:\/\/www.abrilabogados.com\/litigios-procesales\/#breadcrumb\"},\"inLanguage\":\"es\",\"potentialAction\":[{\"@type\":\"ReadAction\",\"target\":[\"https:\/\/www.abrilabogados.com\/litigios-procesales\/\"]}]},{\"@type\":\"ImageObject\",\"inLanguage\":\"es\",\"@id\":\"https:\/\/www.abrilabogados.com\/litigios-procesales\/#primaryimage\",\"url\":\"https:\/\/abrilabogados.com\/wp-content\/uploads\/2019\/02\/procesales-300x227.jpg\",\"contentUrl\":\"https:\/\/abrilabogados.com\/wp-content\/uploads\/2019\/02\/procesales-300x227.jpg\"},{\"@type\":\"BreadcrumbList\",\"@id\":\"https:\/\/www.abrilabogados.com\/litigios-procesales\/#breadcrumb\",\"itemListElement\":[{\"@type\":\"ListItem\",\"position\":1,\"name\":\"Portada\",\"item\":\"https:\/\/www.abrilabogados.com\/\"},{\"@type\":\"ListItem\",\"position\":2,\"name\":\"Procesales\"}]},{\"@type\":\"WebSite\",\"@id\":\"https:\/\/www.abrilabogados.com\/#website\",\"url\":\"https:\/\/www.abrilabogados.com\/\",\"name\":\"Abogados Propiedad Intelectual e Industrial\",\"description\":\"Abogados Propiedad Intelectual e Industrial: Despacho de abogados especializados en propiedad industrial e intelectual. Formule su consulta online.\",\"publisher\":{\"@id\":\"https:\/\/www.abrilabogados.com\/#organization\"},\"potentialAction\":[{\"@type\":\"SearchAction\",\"target\":{\"@type\":\"EntryPoint\",\"urlTemplate\":\"https:\/\/www.abrilabogados.com\/?s={search_term_string}\"},\"query-input\":{\"@type\":\"PropertyValueSpecification\",\"valueRequired\":true,\"valueName\":\"search_term_string\"}}],\"inLanguage\":\"es\"},{\"@type\":\"Organization\",\"@id\":\"https:\/\/www.abrilabogados.com\/#organization\",\"name\":\"Abril Abogados\",\"url\":\"https:\/\/www.abrilabogados.com\/\",\"logo\":{\"@type\":\"ImageObject\",\"inLanguage\":\"es\",\"@id\":\"https:\/\/www.abrilabogados.com\/#\/schema\/logo\/image\/\",\"url\":\"https:\/\/www.abrilabogados.com\/wp-content\/uploads\/2021\/10\/abril_abogados_logo.png\",\"contentUrl\":\"https:\/\/www.abrilabogados.com\/wp-content\/uploads\/2021\/10\/abril_abogados_logo.png\",\"width\":600,\"height\":314,\"caption\":\"Abril Abogados\"},\"image\":{\"@id\":\"https:\/\/www.abrilabogados.com\/#\/schema\/logo\/image\/\"},\"sameAs\":[\"https:\/\/www.facebook.com\/abrilabogados\/\",\"https:\/\/x.com\/Abrilabogados\",\"https:\/\/www.linkedin.com\/company\/abrilabogados\/\"]}]}<\/script>\n<!-- \/ Yoast SEO plugin. -->","yoast_head_json":{"title":"Litigios procesales","description":"ABRIL ABOGADOS. Somos especialistas en litigios procesales. Puede formular su consulta online.","robots":{"index":"index","follow":"follow","max-snippet":"max-snippet:-1","max-image-preview":"max-image-preview:large","max-video-preview":"max-video-preview:-1"},"canonical":"https:\/\/www.abrilabogados.com\/litigios-procesales\/","og_locale":"es_ES","og_type":"article","og_title":"Litigios procesales","og_description":"ABRIL ABOGADOS. Somos especialistas en litigios procesales. Puede formular su consulta online.","og_url":"https:\/\/www.abrilabogados.com\/litigios-procesales\/","og_site_name":"Abogados Propiedad Intelectual e Industrial","article_publisher":"https:\/\/www.facebook.com\/abrilabogados\/","article_modified_time":"2023-06-13T11:22:57+00:00","og_image":[{"url":"https:\/\/abrilabogados.com\/wp-content\/uploads\/2019\/02\/procesales-300x227.jpg","type":"","width":"","height":""}],"twitter_card":"summary_large_image","twitter_site":"@Abrilabogados","twitter_misc":{"Tiempo de lectura":"1 minuto"},"schema":{"@context":"https:\/\/schema.org","@graph":[{"@type":"WebPage","@id":"https:\/\/www.abrilabogados.com\/litigios-procesales\/","url":"https:\/\/www.abrilabogados.com\/litigios-procesales\/","name":"Litigios procesales","isPartOf":{"@id":"https:\/\/www.abrilabogados.com\/#website"},"primaryImageOfPage":{"@id":"https:\/\/www.abrilabogados.com\/litigios-procesales\/#primaryimage"},"image":{"@id":"https:\/\/www.abrilabogados.com\/litigios-procesales\/#primaryimage"},"thumbnailUrl":"https:\/\/abrilabogados.com\/wp-content\/uploads\/2019\/02\/procesales-300x227.jpg","datePublished":"2019-02-15T10:57:30+00:00","dateModified":"2023-06-13T11:22:57+00:00","description":"ABRIL ABOGADOS. Somos especialistas en litigios procesales. Puede formular su consulta online.","breadcrumb":{"@id":"https:\/\/www.abrilabogados.com\/litigios-procesales\/#breadcrumb"},"inLanguage":"es","potentialAction":[{"@type":"ReadAction","target":["https:\/\/www.abrilabogados.com\/litigios-procesales\/"]}]},{"@type":"ImageObject","inLanguage":"es","@id":"https:\/\/www.abrilabogados.com\/litigios-procesales\/#primaryimage","url":"https:\/\/abrilabogados.com\/wp-content\/uploads\/2019\/02\/procesales-300x227.jpg","contentUrl":"https:\/\/abrilabogados.com\/wp-content\/uploads\/2019\/02\/procesales-300x227.jpg"},{"@type":"BreadcrumbList","@id":"https:\/\/www.abrilabogados.com\/litigios-procesales\/#breadcrumb","itemListElement":[{"@type":"ListItem","position":1,"name":"Portada","item":"https:\/\/www.abrilabogados.com\/"},{"@type":"ListItem","position":2,"name":"Procesales"}]},{"@type":"WebSite","@id":"https:\/\/www.abrilabogados.com\/#website","url":"https:\/\/www.abrilabogados.com\/","name":"Abogados Propiedad Intelectual e Industrial","description":"Abogados Propiedad Intelectual e Industrial: Despacho de abogados especializados en propiedad industrial e intelectual. Formule su consulta online.","publisher":{"@id":"https:\/\/www.abrilabogados.com\/#organization"},"potentialAction":[{"@type":"SearchAction","target":{"@type":"EntryPoint","urlTemplate":"https:\/\/www.abrilabogados.com\/?s={search_term_string}"},"query-input":{"@type":"PropertyValueSpecification","valueRequired":true,"valueName":"search_term_string"}}],"inLanguage":"es"},{"@type":"Organization","@id":"https:\/\/www.abrilabogados.com\/#organization","name":"Abril Abogados","url":"https:\/\/www.abrilabogados.com\/","logo":{"@type":"ImageObject","inLanguage":"es","@id":"https:\/\/www.abrilabogados.com\/#\/schema\/logo\/image\/","url":"https:\/\/www.abrilabogados.com\/wp-content\/uploads\/2021\/10\/abril_abogados_logo.png","contentUrl":"https:\/\/www.abrilabogados.com\/wp-content\/uploads\/2021\/10\/abril_abogados_logo.png","width":600,"height":314,"caption":"Abril Abogados"},"image":{"@id":"https:\/\/www.abrilabogados.com\/#\/schema\/logo\/image\/"},"sameAs":["https:\/\/www.facebook.com\/abrilabogados\/","https:\/\/x.com\/Abrilabogados","https:\/\/www.linkedin.com\/company\/abrilabogados\/"]}]}},"_links":{"self":[{"href":"https:\/\/www.abrilabogados.com\/wp-json\/wp\/v2\/pages\/216","targetHints":{"allow":["GET"]}}],"collection":[{"href":"https:\/\/www.abrilabogados.com\/wp-json\/wp\/v2\/pages"}],"about":[{"href":"https:\/\/www.abrilabogados.com\/wp-json\/wp\/v2\/types\/page"}],"author":[{"embeddable":true,"href":"https:\/\/www.abrilabogados.com\/wp-json\/wp\/v2\/users\/1"}],"replies":[{"embeddable":true,"href":"https:\/\/www.abrilabogados.com\/wp-json\/wp\/v2\/comments?post=216"}],"version-history":[{"count":2,"href":"https:\/\/www.abrilabogados.com\/wp-json\/wp\/v2\/pages\/216\/revisions"}],"predecessor-version":[{"id":3562,"href":"https:\/\/www.abrilabogados.com\/wp-json\/wp\/v2\/pages\/216\/revisions\/3562"}],"wp:attachment":[{"href":"https:\/\/www.abrilabogados.com\/wp-json\/wp\/v2\/media?parent=216"}],"curies":[{"name":"wp","href":"https:\/\/api.w.org\/{rel}","templated":true}]}}