{"id":35,"date":"2019-02-14T14:58:03","date_gmt":"2019-02-14T14:58:03","guid":{"rendered":"https:\/\/abrilabogados.com\/?page_id=35"},"modified":"2023-06-13T11:16:58","modified_gmt":"2023-06-13T09:16:58","slug":"asesoramiento-patentes","status":"publish","type":"page","link":"https:\/\/www.abrilabogados.com\/asesoramiento-patentes\/","title":{"rendered":"Asesoramiento de patentes"},"content":{"rendered":"<section class=\"wpb-content-wrapper\"><p>[vc_row][vc_column][vc_empty_space][\/vc_column][\/vc_row][vc_row][vc_column width=&#8221;1\/3&#8243; css=&#8221;.vc_custom_1550678408803{border-right-width: 1px !important;border-right-color: #e2e2e2 !important;border-right-style: solid !important;}&#8221;][vc_custom_heading text=&#8221;Servicios de Patentes&#8221; font_container=&#8221;tag:h3|text_align:left|color:%23b30000&#8243; use_theme_fonts=&#8221;yes&#8221;][vc_empty_space height=&#8221;10px&#8221;][vc_wp_custommenu nav_menu=&#8221;19&#8243;][\/vc_column][vc_column width=&#8221;2\/3&#8243;][vc_custom_heading text=&#8221;Asesoramiento de Patentes&#8221; font_container=&#8221;tag:h1|text_align:left|color:%23b30000&#8243; use_theme_fonts=&#8221;yes&#8221;][vc_row_inner][vc_column_inner width=&#8221;1\/2&#8243;][vc_column_text]Nuestros asesores saben perfectamente la complejidad de los asuntos relacionados con patentes\u00a0y, en general, con cualquier invenci\u00f3n que requiera protecci\u00f3n jur\u00eddica.<\/p>\n<p>Muchas veces se necesita desarrollar estrategias bien fundamentadas para llegar a la\u00a0<strong>obtenci\u00f3n de una patente s\u00f3lida o para proteger adecuadamente una invenci\u00f3n<\/strong>.[\/vc_column_text][\/vc_column_inner][vc_column_inner width=&#8221;1\/2&#8243;][vc_single_image image=&#8221;36&#8243; img_size=&#8221;full&#8221;][\/vc_column_inner][\/vc_row_inner][vc_empty_space][vc_column_text]Abril Abogados como asesor en materia de derechos de propiedad industrial e intelectual cuenta con amplios servicios especializados en esta disciplina.[\/vc_column_text][vc_custom_heading text=&#8221;Metodolog\u00eda&#8221; use_theme_fonts=&#8221;yes&#8221;][vc_column_text]Valoramos la viabilidad de cada caso y, en base a eso, establecemos las distintas soluciones posibles. Asesoramos en la preparaci\u00f3n de las memorias descriptivas y llevamos a cabo la tramitaci\u00f3n de las respectivas solicitudes ante las autoridades correspondientes en cualquier pa\u00eds de inter\u00e9s de nuestros clientes, haci\u00e9ndonos responsables del acompa\u00f1amiento al cliente durante todo el proceso, paso a paso, cumpliendo con todos los requerimientos y requisitos.<\/p>\n<p>El procedimiento hasta la obtenci\u00f3n del t\u00edtulo de la patente incluye, si se produjera, la asistencia directa en la respuesta a acciones oficiales de fondo con soluciones y respuestas t\u00e9cnicamente fundamentadas y adecuadas a la pr\u00e1ctica local de cada pa\u00eds. En el caso de Espa\u00f1a, quien se encarga de gestionar el registro de patentes y las bases de datos que incluyen las patentes registradas de forma oficial es la Oficina Espa\u00f1ola de Patentes y Marcas, dependiente del Ministerio de Industria, Comercio y Turismo.<\/p>\n<p>En las patentes europeas, el \u00f3rgano final responsable es la EPO (Oficina Europea de Patentes) la cual no solo engloba los pa\u00edses de la Uni\u00f3n Europea sino que incluye otros m\u00e1s, todos ellos signatarios del Convenio de Patente Europea.<\/p>\n<p>Uno de los instrumentos internacionales m\u00e1s ampliamente utilizados en materia de patentes es el Tratado de Cooperaci\u00f3n en materia de Patentes (conocido como PCT). Tramitado en la Organizaci\u00f3n Mundial de la Propiedad Intelectual (OMPI) con sede en Ginebra, supone un mecanismo muy \u00fatil para conocer, de forma previa a la materializaci\u00f3n en cada pa\u00eds de una solicitud de patente, el estado de la t\u00e9cnica existente en el sector de la patente candidata, as\u00ed como otorgar de un mayor plazo de tramitaci\u00f3n para testear los posibles mercados de inter\u00e9s del cliente.[\/vc_column_text][vc_custom_heading text=&#8221;Servicios relacionados con el asesoramiento de patentes&#8221; use_theme_fonts=&#8221;yes&#8221;][vc_column_text]<\/p>\n<ul>\n<li><strong>Elecci\u00f3n de la mejor estrategia para proteger una invenci\u00f3n.<\/strong><\/li>\n<li><strong>Asesoramiento jur\u00eddico y t\u00e9cnico en todo lo relacionado a patentes.<\/strong><\/li>\n<li><strong>Asesoramiento para emprendedores o empresas de base tecnol\u00f3gica fundamentada sobre patente u otra invenci\u00f3n.<\/strong><\/li>\n<li><strong>Gestiones administrativas en la OEPM: solicitud, alegaciones, recursos&#8230;<\/strong><\/li>\n<li><strong>Asesoramiento en contratos de I+D por encargo; contratos de licencia de patentes; contratos de transferencia de tecnolog\u00eda.<\/strong><\/li>\n<\/ul>\n<p>[\/vc_column_text][vc_custom_heading text=&#8221;Especialistas en derechos de propiedad industrial&#8221; use_theme_fonts=&#8221;yes&#8221;][vc_column_text]<\/p>\n<blockquote><p>Muchos de nuestros clientes, tanto empresas como particulares, nos han calificado como el mejor servicio de asesoramiento sobre patentes nacionales, europeas y extranjeras. Si necesita m\u00e1s informaci\u00f3n sobre el servicio que ofrecen nuestros t\u00e9cnicos y abogados para asesoramiento en patentes, puede hacer su consulta online ahora mismo en nuestra propia web. Abril Abogados le responder\u00e1 en el menor tiempo posible.<\/p><\/blockquote>\n<p>[\/vc_column_text][\/vc_column][\/vc_row]<\/p>\n<\/section>","protected":false},"excerpt":{"rendered":"<p>[vc_row][vc_column][vc_empty_space][\/vc_column][\/vc_row][vc_row][vc_column width=&#8221;1\/3&#8243; css=&#8221;.vc_custom_1550678408803{border-right-width: 1px !important;border-right-color: #e2e2e2 !important;border-right-style: solid !important;}&#8221;][vc_custom_heading text=&#8221;Servicios de Patentes&#8221; font_container=&#8221;tag:h3|text_align:left|color:%23b30000&#8243; use_theme_fonts=&#8221;yes&#8221;][vc_empty_space height=&#8221;10px&#8221;][vc_wp_custommenu nav_menu=&#8221;19&#8243;][\/vc_column][vc_column width=&#8221;2\/3&#8243;][vc_custom_heading text=&#8221;Asesoramiento de Patentes&#8221; font_container=&#8221;tag:h1|text_align:left|color:%23b30000&#8243; use_theme_fonts=&#8221;yes&#8221;][vc_row_inner][vc_column_inner width=&#8221;1\/2&#8243;][vc_column_text]Nuestros asesores saben perfectamente la complejidad de los asuntos relacionados con patentes\u00a0y, en general, con cualquier invenci\u00f3n que requiera protecci\u00f3n jur\u00eddica. Muchas veces se necesita desarrollar estrategias bien fundamentadas para llegar a la\u00a0obtenci\u00f3n<\/p>\n","protected":false},"author":1,"featured_media":0,"parent":0,"menu_order":0,"comment_status":"closed","ping_status":"closed","template":"","meta":{"footnotes":""},"class_list":["post-35","page","type-page","status-publish","hentry"],"yoast_head":"<!-- This site is optimized with the Yoast SEO plugin v25.8 - https:\/\/yoast.com\/wordpress\/plugins\/seo\/ -->\n<title>Abogados asesoramiento de patentes<\/title>\n<meta name=\"description\" content=\"ABRIL ABOGADOS. Somos especialistas en asesoramiento de patentes. Demanda patente. Puede formular su consulta online.\" \/>\n<meta name=\"robots\" content=\"index, follow, max-snippet:-1, max-image-preview:large, max-video-preview:-1\" \/>\n<link rel=\"canonical\" href=\"https:\/\/www.abrilabogados.com\/asesoramiento-patentes\/\" \/>\n<meta property=\"og:locale\" content=\"es_ES\" \/>\n<meta property=\"og:type\" content=\"article\" \/>\n<meta property=\"og:title\" content=\"Abogados asesoramiento de patentes\" \/>\n<meta property=\"og:description\" content=\"ABRIL ABOGADOS. Somos especialistas en asesoramiento de patentes. Demanda patente. Puede formular su consulta online.\" \/>\n<meta property=\"og:url\" content=\"https:\/\/www.abrilabogados.com\/asesoramiento-patentes\/\" \/>\n<meta property=\"og:site_name\" content=\"Abogados Propiedad Intelectual e Industrial\" \/>\n<meta property=\"article:publisher\" content=\"https:\/\/www.facebook.com\/abrilabogados\/\" \/>\n<meta property=\"article:modified_time\" content=\"2023-06-13T09:16:58+00:00\" \/>\n<meta name=\"twitter:card\" content=\"summary_large_image\" \/>\n<meta name=\"twitter:site\" content=\"@Abrilabogados\" \/>\n<meta name=\"twitter:label1\" content=\"Tiempo de lectura\" \/>\n\t<meta name=\"twitter:data1\" content=\"3 minutos\" \/>\n<script type=\"application\/ld+json\" class=\"yoast-schema-graph\">{\"@context\":\"https:\/\/schema.org\",\"@graph\":[{\"@type\":\"WebPage\",\"@id\":\"https:\/\/www.abrilabogados.com\/asesoramiento-patentes\/\",\"url\":\"https:\/\/www.abrilabogados.com\/asesoramiento-patentes\/\",\"name\":\"Abogados asesoramiento de patentes\",\"isPartOf\":{\"@id\":\"https:\/\/www.abrilabogados.com\/#website\"},\"datePublished\":\"2019-02-14T14:58:03+00:00\",\"dateModified\":\"2023-06-13T09:16:58+00:00\",\"description\":\"ABRIL ABOGADOS. Somos especialistas en asesoramiento de patentes. Demanda patente. Puede formular su consulta online.\",\"breadcrumb\":{\"@id\":\"https:\/\/www.abrilabogados.com\/asesoramiento-patentes\/#breadcrumb\"},\"inLanguage\":\"es\",\"potentialAction\":[{\"@type\":\"ReadAction\",\"target\":[\"https:\/\/www.abrilabogados.com\/asesoramiento-patentes\/\"]}]},{\"@type\":\"BreadcrumbList\",\"@id\":\"https:\/\/www.abrilabogados.com\/asesoramiento-patentes\/#breadcrumb\",\"itemListElement\":[{\"@type\":\"ListItem\",\"position\":1,\"name\":\"Portada\",\"item\":\"https:\/\/www.abrilabogados.com\/\"},{\"@type\":\"ListItem\",\"position\":2,\"name\":\"Asesoramiento de patentes\"}]},{\"@type\":\"WebSite\",\"@id\":\"https:\/\/www.abrilabogados.com\/#website\",\"url\":\"https:\/\/www.abrilabogados.com\/\",\"name\":\"Abogados Propiedad Intelectual e Industrial\",\"description\":\"Abogados Propiedad Intelectual e Industrial: Despacho de abogados especializados en propiedad industrial e intelectual. Formule su consulta online.\",\"publisher\":{\"@id\":\"https:\/\/www.abrilabogados.com\/#organization\"},\"potentialAction\":[{\"@type\":\"SearchAction\",\"target\":{\"@type\":\"EntryPoint\",\"urlTemplate\":\"https:\/\/www.abrilabogados.com\/?s={search_term_string}\"},\"query-input\":{\"@type\":\"PropertyValueSpecification\",\"valueRequired\":true,\"valueName\":\"search_term_string\"}}],\"inLanguage\":\"es\"},{\"@type\":\"Organization\",\"@id\":\"https:\/\/www.abrilabogados.com\/#organization\",\"name\":\"Abril Abogados\",\"url\":\"https:\/\/www.abrilabogados.com\/\",\"logo\":{\"@type\":\"ImageObject\",\"inLanguage\":\"es\",\"@id\":\"https:\/\/www.abrilabogados.com\/#\/schema\/logo\/image\/\",\"url\":\"https:\/\/www.abrilabogados.com\/wp-content\/uploads\/2021\/10\/abril_abogados_logo.png\",\"contentUrl\":\"https:\/\/www.abrilabogados.com\/wp-content\/uploads\/2021\/10\/abril_abogados_logo.png\",\"width\":600,\"height\":314,\"caption\":\"Abril Abogados\"},\"image\":{\"@id\":\"https:\/\/www.abrilabogados.com\/#\/schema\/logo\/image\/\"},\"sameAs\":[\"https:\/\/www.facebook.com\/abrilabogados\/\",\"https:\/\/x.com\/Abrilabogados\",\"https:\/\/www.linkedin.com\/company\/abrilabogados\/\"]}]}<\/script>\n<!-- \/ Yoast SEO plugin. -->","yoast_head_json":{"title":"Abogados asesoramiento de patentes","description":"ABRIL ABOGADOS. Somos especialistas en asesoramiento de patentes. Demanda patente. Puede formular su consulta online.","robots":{"index":"index","follow":"follow","max-snippet":"max-snippet:-1","max-image-preview":"max-image-preview:large","max-video-preview":"max-video-preview:-1"},"canonical":"https:\/\/www.abrilabogados.com\/asesoramiento-patentes\/","og_locale":"es_ES","og_type":"article","og_title":"Abogados asesoramiento de patentes","og_description":"ABRIL ABOGADOS. Somos especialistas en asesoramiento de patentes. Demanda patente. Puede formular su consulta online.","og_url":"https:\/\/www.abrilabogados.com\/asesoramiento-patentes\/","og_site_name":"Abogados Propiedad Intelectual e Industrial","article_publisher":"https:\/\/www.facebook.com\/abrilabogados\/","article_modified_time":"2023-06-13T09:16:58+00:00","twitter_card":"summary_large_image","twitter_site":"@Abrilabogados","twitter_misc":{"Tiempo de lectura":"3 minutos"},"schema":{"@context":"https:\/\/schema.org","@graph":[{"@type":"WebPage","@id":"https:\/\/www.abrilabogados.com\/asesoramiento-patentes\/","url":"https:\/\/www.abrilabogados.com\/asesoramiento-patentes\/","name":"Abogados asesoramiento de patentes","isPartOf":{"@id":"https:\/\/www.abrilabogados.com\/#website"},"datePublished":"2019-02-14T14:58:03+00:00","dateModified":"2023-06-13T09:16:58+00:00","description":"ABRIL ABOGADOS. Somos especialistas en asesoramiento de patentes. Demanda patente. Puede formular su consulta online.","breadcrumb":{"@id":"https:\/\/www.abrilabogados.com\/asesoramiento-patentes\/#breadcrumb"},"inLanguage":"es","potentialAction":[{"@type":"ReadAction","target":["https:\/\/www.abrilabogados.com\/asesoramiento-patentes\/"]}]},{"@type":"BreadcrumbList","@id":"https:\/\/www.abrilabogados.com\/asesoramiento-patentes\/#breadcrumb","itemListElement":[{"@type":"ListItem","position":1,"name":"Portada","item":"https:\/\/www.abrilabogados.com\/"},{"@type":"ListItem","position":2,"name":"Asesoramiento de patentes"}]},{"@type":"WebSite","@id":"https:\/\/www.abrilabogados.com\/#website","url":"https:\/\/www.abrilabogados.com\/","name":"Abogados Propiedad Intelectual e Industrial","description":"Abogados Propiedad Intelectual e Industrial: Despacho de abogados especializados en propiedad industrial e intelectual. Formule su consulta online.","publisher":{"@id":"https:\/\/www.abrilabogados.com\/#organization"},"potentialAction":[{"@type":"SearchAction","target":{"@type":"EntryPoint","urlTemplate":"https:\/\/www.abrilabogados.com\/?s={search_term_string}"},"query-input":{"@type":"PropertyValueSpecification","valueRequired":true,"valueName":"search_term_string"}}],"inLanguage":"es"},{"@type":"Organization","@id":"https:\/\/www.abrilabogados.com\/#organization","name":"Abril Abogados","url":"https:\/\/www.abrilabogados.com\/","logo":{"@type":"ImageObject","inLanguage":"es","@id":"https:\/\/www.abrilabogados.com\/#\/schema\/logo\/image\/","url":"https:\/\/www.abrilabogados.com\/wp-content\/uploads\/2021\/10\/abril_abogados_logo.png","contentUrl":"https:\/\/www.abrilabogados.com\/wp-content\/uploads\/2021\/10\/abril_abogados_logo.png","width":600,"height":314,"caption":"Abril Abogados"},"image":{"@id":"https:\/\/www.abrilabogados.com\/#\/schema\/logo\/image\/"},"sameAs":["https:\/\/www.facebook.com\/abrilabogados\/","https:\/\/x.com\/Abrilabogados","https:\/\/www.linkedin.com\/company\/abrilabogados\/"]}]}},"_links":{"self":[{"href":"https:\/\/www.abrilabogados.com\/wp-json\/wp\/v2\/pages\/35","targetHints":{"allow":["GET"]}}],"collection":[{"href":"https:\/\/www.abrilabogados.com\/wp-json\/wp\/v2\/pages"}],"about":[{"href":"https:\/\/www.abrilabogados.com\/wp-json\/wp\/v2\/types\/page"}],"author":[{"embeddable":true,"href":"https:\/\/www.abrilabogados.com\/wp-json\/wp\/v2\/users\/1"}],"replies":[{"embeddable":true,"href":"https:\/\/www.abrilabogados.com\/wp-json\/wp\/v2\/comments?post=35"}],"version-history":[{"count":2,"href":"https:\/\/www.abrilabogados.com\/wp-json\/wp\/v2\/pages\/35\/revisions"}],"predecessor-version":[{"id":3485,"href":"https:\/\/www.abrilabogados.com\/wp-json\/wp\/v2\/pages\/35\/revisions\/3485"}],"wp:attachment":[{"href":"https:\/\/www.abrilabogados.com\/wp-json\/wp\/v2\/media?parent=35"}],"curies":[{"name":"wp","href":"https:\/\/api.w.org\/{rel}","templated":true}]}}