{"id":47,"date":"2019-02-14T15:03:29","date_gmt":"2019-02-14T15:03:29","guid":{"rendered":"https:\/\/abrilabogados.com\/?page_id=47"},"modified":"2023-06-13T10:59:46","modified_gmt":"2023-06-13T08:59:46","slug":"ambito-proteccion-patentes","status":"publish","type":"page","link":"https:\/\/www.abrilabogados.com\/ambito-proteccion-patentes\/","title":{"rendered":"\u00c1mbito de protecci\u00f3n"},"content":{"rendered":"<section class=\"wpb-content-wrapper\"><p>[vc_row][vc_column][vc_empty_space][\/vc_column][\/vc_row][vc_row][vc_column width=&#8221;1\/3&#8243; css=&#8221;.vc_custom_1550678408803{border-right-width: 1px !important;border-right-color: #e2e2e2 !important;border-right-style: solid !important;}&#8221;][vc_custom_heading text=&#8221;Servicios de Patentes&#8221; font_container=&#8221;tag:h3|text_align:left|color:%23b30000&#8243; use_theme_fonts=&#8221;yes&#8221;][vc_empty_space height=&#8221;10px&#8221;][vc_wp_custommenu nav_menu=&#8221;19&#8243;][\/vc_column][vc_column width=&#8221;2\/3&#8243;][vc_custom_heading text=&#8221;\u00c1mbito de Protecci\u00f3n de Patentes&#8221; font_container=&#8221;tag:h1|text_align:left|color:%23b30000&#8243; use_theme_fonts=&#8221;yes&#8221;][vc_column_text]<img decoding=\"async\" class=\"size-medium wp-image-48 alignright\" src=\"\/wp-content\/uploads\/2019\/02\/ambito-proteccion-300x225.jpg\" alt=\"\u00e1mbito de protecci\u00f3n\" width=\"300\" height=\"225\" srcset=\"https:\/\/www.abrilabogados.com\/wp-content\/uploads\/2019\/02\/ambito-proteccion-300x225.jpg 300w, https:\/\/www.abrilabogados.com\/wp-content\/uploads\/2019\/02\/ambito-proteccion.jpg 418w\" sizes=\"(max-width: 300px) 100vw, 300px\" \/><\/p>\n<h2>Patente Nacional<\/h2>\n<p>Asesoramos en la preparaci\u00f3n de las memorias descriptivas, y llevamos a cabo la tramitaci\u00f3n de las respectivas solicitudes ante las autoridades correspondientes en cualquier pa\u00eds de inter\u00e9s de nuestros clientes, haci\u00e9ndonos responsables de todo el proceso, paso a paso, cumpliendo con todos los requerimientos y requisitos. Este asesoramiento incluye, asistencia directa en la respuesta a acciones oficiales de fondo con soluciones y respuestas t\u00e9cnicamente fundamentadas y adecuadas a la pr\u00e1ctica local de cada pa\u00eds.<\/p>\n<h2>Tratado de Cooperaci\u00f3n en Patentes (PCT)<\/h2>\n<p>Preparamos y presentamos solicitudes a trav\u00e9s del Tratado de Cooperaci\u00f3n de Patentes (PCT) gestionando su proceso.<\/p>\n<h2>Patente Europea<\/h2>\n<p>Ofrecemos a nuestros clientes una amplia experiencia en la presentaci\u00f3n y concesi\u00f3n de patentes ante la Oficina Europea de Patentes (EPO) resolviendo cualquier tipo de incidencia que pudiera presentarse durante el proceso.<\/p>\n<h2>Gesti\u00f3n internacional de patentes<\/h2>\n<p>Gracias a una extensa red de corresponsales y agentes por todo el mundo, Abril Abogados presenta una amplia experiencia en la tramitaci\u00f3n internacional de patentes[\/vc_column_text][\/vc_column][\/vc_row]<\/p>\n<\/section>","protected":false},"excerpt":{"rendered":"<p>[vc_row][vc_column][vc_empty_space][\/vc_column][\/vc_row][vc_row][vc_column width=&#8221;1\/3&#8243; css=&#8221;.vc_custom_1550678408803{border-right-width: 1px !important;border-right-color: #e2e2e2 !important;border-right-style: solid !important;}&#8221;][vc_custom_heading text=&#8221;Servicios de Patentes&#8221; font_container=&#8221;tag:h3|text_align:left|color:%23b30000&#8243; use_theme_fonts=&#8221;yes&#8221;][vc_empty_space height=&#8221;10px&#8221;][vc_wp_custommenu nav_menu=&#8221;19&#8243;][\/vc_column][vc_column width=&#8221;2\/3&#8243;][vc_custom_heading text=&#8221;\u00c1mbito de Protecci\u00f3n de Patentes&#8221; font_container=&#8221;tag:h1|text_align:left|color:%23b30000&#8243; use_theme_fonts=&#8221;yes&#8221;][vc_column_text] Patente Nacional Asesoramos en la preparaci\u00f3n de las memorias descriptivas, y llevamos a cabo la tramitaci\u00f3n de las respectivas solicitudes ante las autoridades correspondientes en cualquier pa\u00eds de inter\u00e9s de nuestros<\/p>\n","protected":false},"author":1,"featured_media":0,"parent":0,"menu_order":0,"comment_status":"closed","ping_status":"closed","template":"","meta":{"footnotes":""},"class_list":["post-47","page","type-page","status-publish","hentry"],"yoast_head":"<!-- This site is optimized with the Yoast SEO plugin v25.8 - https:\/\/yoast.com\/wordpress\/plugins\/seo\/ -->\n<title>\u00c1mbito de protecci\u00f3n de patentes<\/title>\n<meta name=\"description\" content=\"ABRIL ABOGADOS. Servicios en patente nacional, Tratado de Cooperaci\u00f3n en Patentes (PCT), patente europea y gesti\u00f3n internacional de patentes\" \/>\n<meta name=\"robots\" content=\"index, follow, max-snippet:-1, max-image-preview:large, max-video-preview:-1\" \/>\n<link rel=\"canonical\" href=\"https:\/\/www.abrilabogados.com\/ambito-proteccion-patentes\/\" \/>\n<meta property=\"og:locale\" content=\"es_ES\" \/>\n<meta property=\"og:type\" content=\"article\" \/>\n<meta property=\"og:title\" content=\"\u00c1mbito de protecci\u00f3n de patentes\" \/>\n<meta property=\"og:description\" content=\"ABRIL ABOGADOS. Servicios en patente nacional, Tratado de Cooperaci\u00f3n en Patentes (PCT), patente europea y gesti\u00f3n internacional de patentes\" \/>\n<meta property=\"og:url\" content=\"https:\/\/www.abrilabogados.com\/ambito-proteccion-patentes\/\" \/>\n<meta property=\"og:site_name\" content=\"Abogados Propiedad Intelectual e Industrial\" \/>\n<meta property=\"article:publisher\" content=\"https:\/\/www.facebook.com\/abrilabogados\/\" \/>\n<meta property=\"article:modified_time\" content=\"2023-06-13T08:59:46+00:00\" \/>\n<meta name=\"twitter:card\" content=\"summary_large_image\" \/>\n<meta name=\"twitter:site\" content=\"@Abrilabogados\" \/>\n<meta name=\"twitter:label1\" content=\"Tiempo de lectura\" \/>\n\t<meta name=\"twitter:data1\" content=\"2 minutos\" \/>\n<script type=\"application\/ld+json\" class=\"yoast-schema-graph\">{\"@context\":\"https:\/\/schema.org\",\"@graph\":[{\"@type\":\"WebPage\",\"@id\":\"https:\/\/www.abrilabogados.com\/ambito-proteccion-patentes\/\",\"url\":\"https:\/\/www.abrilabogados.com\/ambito-proteccion-patentes\/\",\"name\":\"\u00c1mbito de protecci\u00f3n de patentes\",\"isPartOf\":{\"@id\":\"https:\/\/www.abrilabogados.com\/#website\"},\"datePublished\":\"2019-02-14T15:03:29+00:00\",\"dateModified\":\"2023-06-13T08:59:46+00:00\",\"description\":\"ABRIL ABOGADOS. Servicios en patente nacional, Tratado de Cooperaci\u00f3n en Patentes (PCT), patente europea y gesti\u00f3n internacional de patentes\",\"breadcrumb\":{\"@id\":\"https:\/\/www.abrilabogados.com\/ambito-proteccion-patentes\/#breadcrumb\"},\"inLanguage\":\"es\",\"potentialAction\":[{\"@type\":\"ReadAction\",\"target\":[\"https:\/\/www.abrilabogados.com\/ambito-proteccion-patentes\/\"]}]},{\"@type\":\"BreadcrumbList\",\"@id\":\"https:\/\/www.abrilabogados.com\/ambito-proteccion-patentes\/#breadcrumb\",\"itemListElement\":[{\"@type\":\"ListItem\",\"position\":1,\"name\":\"Portada\",\"item\":\"https:\/\/www.abrilabogados.com\/\"},{\"@type\":\"ListItem\",\"position\":2,\"name\":\"\u00c1mbito de protecci\u00f3n\"}]},{\"@type\":\"WebSite\",\"@id\":\"https:\/\/www.abrilabogados.com\/#website\",\"url\":\"https:\/\/www.abrilabogados.com\/\",\"name\":\"Abogados Propiedad Intelectual e Industrial\",\"description\":\"Abogados Propiedad Intelectual e Industrial: Despacho de abogados especializados en propiedad industrial e intelectual. Formule su consulta online.\",\"publisher\":{\"@id\":\"https:\/\/www.abrilabogados.com\/#organization\"},\"potentialAction\":[{\"@type\":\"SearchAction\",\"target\":{\"@type\":\"EntryPoint\",\"urlTemplate\":\"https:\/\/www.abrilabogados.com\/?s={search_term_string}\"},\"query-input\":{\"@type\":\"PropertyValueSpecification\",\"valueRequired\":true,\"valueName\":\"search_term_string\"}}],\"inLanguage\":\"es\"},{\"@type\":\"Organization\",\"@id\":\"https:\/\/www.abrilabogados.com\/#organization\",\"name\":\"Abril Abogados\",\"url\":\"https:\/\/www.abrilabogados.com\/\",\"logo\":{\"@type\":\"ImageObject\",\"inLanguage\":\"es\",\"@id\":\"https:\/\/www.abrilabogados.com\/#\/schema\/logo\/image\/\",\"url\":\"https:\/\/www.abrilabogados.com\/wp-content\/uploads\/2021\/10\/abril_abogados_logo.png\",\"contentUrl\":\"https:\/\/www.abrilabogados.com\/wp-content\/uploads\/2021\/10\/abril_abogados_logo.png\",\"width\":600,\"height\":314,\"caption\":\"Abril Abogados\"},\"image\":{\"@id\":\"https:\/\/www.abrilabogados.com\/#\/schema\/logo\/image\/\"},\"sameAs\":[\"https:\/\/www.facebook.com\/abrilabogados\/\",\"https:\/\/x.com\/Abrilabogados\",\"https:\/\/www.linkedin.com\/company\/abrilabogados\/\"]}]}<\/script>\n<!-- \/ Yoast SEO plugin. -->","yoast_head_json":{"title":"\u00c1mbito de protecci\u00f3n de patentes","description":"ABRIL ABOGADOS. Servicios en patente nacional, Tratado de Cooperaci\u00f3n en Patentes (PCT), patente europea y gesti\u00f3n internacional de patentes","robots":{"index":"index","follow":"follow","max-snippet":"max-snippet:-1","max-image-preview":"max-image-preview:large","max-video-preview":"max-video-preview:-1"},"canonical":"https:\/\/www.abrilabogados.com\/ambito-proteccion-patentes\/","og_locale":"es_ES","og_type":"article","og_title":"\u00c1mbito de protecci\u00f3n de patentes","og_description":"ABRIL ABOGADOS. Servicios en patente nacional, Tratado de Cooperaci\u00f3n en Patentes (PCT), patente europea y gesti\u00f3n internacional de patentes","og_url":"https:\/\/www.abrilabogados.com\/ambito-proteccion-patentes\/","og_site_name":"Abogados Propiedad Intelectual e Industrial","article_publisher":"https:\/\/www.facebook.com\/abrilabogados\/","article_modified_time":"2023-06-13T08:59:46+00:00","twitter_card":"summary_large_image","twitter_site":"@Abrilabogados","twitter_misc":{"Tiempo de lectura":"2 minutos"},"schema":{"@context":"https:\/\/schema.org","@graph":[{"@type":"WebPage","@id":"https:\/\/www.abrilabogados.com\/ambito-proteccion-patentes\/","url":"https:\/\/www.abrilabogados.com\/ambito-proteccion-patentes\/","name":"\u00c1mbito de protecci\u00f3n de patentes","isPartOf":{"@id":"https:\/\/www.abrilabogados.com\/#website"},"datePublished":"2019-02-14T15:03:29+00:00","dateModified":"2023-06-13T08:59:46+00:00","description":"ABRIL ABOGADOS. Servicios en patente nacional, Tratado de Cooperaci\u00f3n en Patentes (PCT), patente europea y gesti\u00f3n internacional de patentes","breadcrumb":{"@id":"https:\/\/www.abrilabogados.com\/ambito-proteccion-patentes\/#breadcrumb"},"inLanguage":"es","potentialAction":[{"@type":"ReadAction","target":["https:\/\/www.abrilabogados.com\/ambito-proteccion-patentes\/"]}]},{"@type":"BreadcrumbList","@id":"https:\/\/www.abrilabogados.com\/ambito-proteccion-patentes\/#breadcrumb","itemListElement":[{"@type":"ListItem","position":1,"name":"Portada","item":"https:\/\/www.abrilabogados.com\/"},{"@type":"ListItem","position":2,"name":"\u00c1mbito de protecci\u00f3n"}]},{"@type":"WebSite","@id":"https:\/\/www.abrilabogados.com\/#website","url":"https:\/\/www.abrilabogados.com\/","name":"Abogados Propiedad Intelectual e Industrial","description":"Abogados Propiedad Intelectual e Industrial: Despacho de abogados especializados en propiedad industrial e intelectual. Formule su consulta online.","publisher":{"@id":"https:\/\/www.abrilabogados.com\/#organization"},"potentialAction":[{"@type":"SearchAction","target":{"@type":"EntryPoint","urlTemplate":"https:\/\/www.abrilabogados.com\/?s={search_term_string}"},"query-input":{"@type":"PropertyValueSpecification","valueRequired":true,"valueName":"search_term_string"}}],"inLanguage":"es"},{"@type":"Organization","@id":"https:\/\/www.abrilabogados.com\/#organization","name":"Abril Abogados","url":"https:\/\/www.abrilabogados.com\/","logo":{"@type":"ImageObject","inLanguage":"es","@id":"https:\/\/www.abrilabogados.com\/#\/schema\/logo\/image\/","url":"https:\/\/www.abrilabogados.com\/wp-content\/uploads\/2021\/10\/abril_abogados_logo.png","contentUrl":"https:\/\/www.abrilabogados.com\/wp-content\/uploads\/2021\/10\/abril_abogados_logo.png","width":600,"height":314,"caption":"Abril Abogados"},"image":{"@id":"https:\/\/www.abrilabogados.com\/#\/schema\/logo\/image\/"},"sameAs":["https:\/\/www.facebook.com\/abrilabogados\/","https:\/\/x.com\/Abrilabogados","https:\/\/www.linkedin.com\/company\/abrilabogados\/"]}]}},"_links":{"self":[{"href":"https:\/\/www.abrilabogados.com\/wp-json\/wp\/v2\/pages\/47","targetHints":{"allow":["GET"]}}],"collection":[{"href":"https:\/\/www.abrilabogados.com\/wp-json\/wp\/v2\/pages"}],"about":[{"href":"https:\/\/www.abrilabogados.com\/wp-json\/wp\/v2\/types\/page"}],"author":[{"embeddable":true,"href":"https:\/\/www.abrilabogados.com\/wp-json\/wp\/v2\/users\/1"}],"replies":[{"embeddable":true,"href":"https:\/\/www.abrilabogados.com\/wp-json\/wp\/v2\/comments?post=47"}],"version-history":[{"count":1,"href":"https:\/\/www.abrilabogados.com\/wp-json\/wp\/v2\/pages\/47\/revisions"}],"predecessor-version":[{"id":3475,"href":"https:\/\/www.abrilabogados.com\/wp-json\/wp\/v2\/pages\/47\/revisions\/3475"}],"wp:attachment":[{"href":"https:\/\/www.abrilabogados.com\/wp-json\/wp\/v2\/media?parent=47"}],"curies":[{"name":"wp","href":"https:\/\/api.w.org\/{rel}","templated":true}]}}