{"id":53,"date":"2019-02-14T15:08:33","date_gmt":"2019-02-14T15:08:33","guid":{"rendered":"https:\/\/abrilabogados.com\/?page_id=53"},"modified":"2023-06-13T13:37:55","modified_gmt":"2023-06-13T11:37:55","slug":"registro-modelos-utilidad-patentes","status":"publish","type":"page","link":"https:\/\/www.abrilabogados.com\/registro-modelos-utilidad-patentes\/","title":{"rendered":"Registro de Modelos de Utilidad"},"content":{"rendered":"<section class=\"wpb-content-wrapper\"><p>[vc_row][vc_column][vc_empty_space][\/vc_column][\/vc_row][vc_row][vc_column width=&#8221;1\/3&#8243; css=&#8221;.vc_custom_1550678408803{border-right-width: 1px !important;border-right-color: #e2e2e2 !important;border-right-style: solid !important;}&#8221;][vc_custom_heading text=&#8221;Servicios de Patentes&#8221; font_container=&#8221;tag:h3|text_align:left|color:%23b30000&#8243; use_theme_fonts=&#8221;yes&#8221;][vc_empty_space height=&#8221;10px&#8221;][vc_wp_custommenu nav_menu=&#8221;19&#8243;][\/vc_column][vc_column width=&#8221;2\/3&#8243;][vc_custom_heading text=&#8221;Registro de Modelos de Utilidad&#8221; font_container=&#8221;tag:h1|text_align:left|color:%23b30000&#8243; use_theme_fonts=&#8221;yes&#8221;][vc_column_text]<img decoding=\"async\" class=\"size-medium wp-image-54 alignright\" src=\"\/wp-content\/uploads\/2019\/02\/registros-modelos-utilidad-300x300.jpg\" alt=\"registros de modelos de utilidad\" width=\"300\" height=\"300\" srcset=\"https:\/\/www.abrilabogados.com\/wp-content\/uploads\/2019\/02\/registros-modelos-utilidad-300x300.jpg 300w, https:\/\/www.abrilabogados.com\/wp-content\/uploads\/2019\/02\/registros-modelos-utilidad-150x150.jpg 150w, https:\/\/www.abrilabogados.com\/wp-content\/uploads\/2019\/02\/registros-modelos-utilidad.jpg 488w\" sizes=\"(max-width: 300px) 100vw, 300px\" \/>Los modelos de utilidad ser\u00e1n patentables las invenciones que sean nuevas, impliquen actividad inventiva y que tengan aplicabilidad industrial.<\/p>\n<p>Es importante analizar cada invenci\u00f3n de forma pormenorizada con car\u00e1cter previo al registro para valorar si nos encontramos ante una Patente o un Modelo de Utilidad, para ello en nuestro departamento t\u00e9cnico analizamos la invenci\u00f3n para determinar si la invenci\u00f3n es una patente o un modelo de utilidad.<\/p>\n<p>El Modelo de Utilidad tiene una vida legal de 10 a\u00f1os a diferencia de las patentes que tienen una vida de 20 a\u00f1os. Otra de las diferencias b\u00e1sicas de los modelos de utilidad es que la novedad requerida es nacional y no requiere la solicitud del Informe del Estado de la T\u00e9cnica, lo que abarata los costes y el procedimiento de concesi\u00f3n se reduce ostensiblemente.[\/vc_column_text][\/vc_column][\/vc_row]<\/p>\n<\/section>","protected":false},"excerpt":{"rendered":"<p>[vc_row][vc_column][vc_empty_space][\/vc_column][\/vc_row][vc_row][vc_column width=&#8221;1\/3&#8243; css=&#8221;.vc_custom_1550678408803{border-right-width: 1px !important;border-right-color: #e2e2e2 !important;border-right-style: solid !important;}&#8221;][vc_custom_heading text=&#8221;Servicios de Patentes&#8221; font_container=&#8221;tag:h3|text_align:left|color:%23b30000&#8243; use_theme_fonts=&#8221;yes&#8221;][vc_empty_space height=&#8221;10px&#8221;][vc_wp_custommenu nav_menu=&#8221;19&#8243;][\/vc_column][vc_column width=&#8221;2\/3&#8243;][vc_custom_heading text=&#8221;Registro de Modelos de Utilidad&#8221; font_container=&#8221;tag:h1|text_align:left|color:%23b30000&#8243; use_theme_fonts=&#8221;yes&#8221;][vc_column_text]Los modelos de utilidad ser\u00e1n patentables las invenciones que sean nuevas, impliquen actividad inventiva y que tengan aplicabilidad industrial. Es importante analizar cada invenci\u00f3n de forma pormenorizada con car\u00e1cter previo al registro<\/p>\n","protected":false},"author":1,"featured_media":0,"parent":0,"menu_order":0,"comment_status":"closed","ping_status":"closed","template":"","meta":{"footnotes":""},"class_list":["post-53","page","type-page","status-publish","hentry"],"yoast_head":"<!-- This site is optimized with the Yoast SEO plugin v25.8 - https:\/\/yoast.com\/wordpress\/plugins\/seo\/ -->\n<title>Registro de Modelos de Utilidad \/ Patentes<\/title>\n<meta name=\"description\" content=\"ABRIL ABOGADOS. Los modelos de utilidad ser\u00e1n patentables las invenciones que sean nuevas, impliquen actividad inventiva y que tengan aplicabilidad industrial.\" \/>\n<meta name=\"robots\" content=\"index, follow, max-snippet:-1, max-image-preview:large, max-video-preview:-1\" \/>\n<link rel=\"canonical\" href=\"https:\/\/www.abrilabogados.com\/registro-modelos-utilidad-patentes\/\" \/>\n<meta property=\"og:locale\" content=\"es_ES\" \/>\n<meta property=\"og:type\" content=\"article\" \/>\n<meta property=\"og:title\" content=\"Registro de Modelos de Utilidad \/ Patentes\" \/>\n<meta property=\"og:description\" content=\"ABRIL ABOGADOS. Los modelos de utilidad ser\u00e1n patentables las invenciones que sean nuevas, impliquen actividad inventiva y que tengan aplicabilidad industrial.\" \/>\n<meta property=\"og:url\" content=\"https:\/\/www.abrilabogados.com\/registro-modelos-utilidad-patentes\/\" \/>\n<meta property=\"og:site_name\" content=\"Abogados Propiedad Intelectual e Industrial\" \/>\n<meta property=\"article:publisher\" content=\"https:\/\/www.facebook.com\/abrilabogados\/\" \/>\n<meta property=\"article:modified_time\" content=\"2023-06-13T11:37:55+00:00\" \/>\n<meta name=\"twitter:card\" content=\"summary_large_image\" \/>\n<meta name=\"twitter:site\" content=\"@Abrilabogados\" \/>\n<meta name=\"twitter:label1\" content=\"Tiempo de lectura\" \/>\n\t<meta name=\"twitter:data1\" content=\"1 minuto\" \/>\n<script type=\"application\/ld+json\" class=\"yoast-schema-graph\">{\"@context\":\"https:\/\/schema.org\",\"@graph\":[{\"@type\":\"WebPage\",\"@id\":\"https:\/\/www.abrilabogados.com\/registro-modelos-utilidad-patentes\/\",\"url\":\"https:\/\/www.abrilabogados.com\/registro-modelos-utilidad-patentes\/\",\"name\":\"Registro de Modelos de Utilidad \/ Patentes\",\"isPartOf\":{\"@id\":\"https:\/\/www.abrilabogados.com\/#website\"},\"datePublished\":\"2019-02-14T15:08:33+00:00\",\"dateModified\":\"2023-06-13T11:37:55+00:00\",\"description\":\"ABRIL ABOGADOS. Los modelos de utilidad ser\u00e1n patentables las invenciones que sean nuevas, impliquen actividad inventiva y que tengan aplicabilidad industrial.\",\"breadcrumb\":{\"@id\":\"https:\/\/www.abrilabogados.com\/registro-modelos-utilidad-patentes\/#breadcrumb\"},\"inLanguage\":\"es\",\"potentialAction\":[{\"@type\":\"ReadAction\",\"target\":[\"https:\/\/www.abrilabogados.com\/registro-modelos-utilidad-patentes\/\"]}]},{\"@type\":\"BreadcrumbList\",\"@id\":\"https:\/\/www.abrilabogados.com\/registro-modelos-utilidad-patentes\/#breadcrumb\",\"itemListElement\":[{\"@type\":\"ListItem\",\"position\":1,\"name\":\"Portada\",\"item\":\"https:\/\/www.abrilabogados.com\/\"},{\"@type\":\"ListItem\",\"position\":2,\"name\":\"Registro de Modelos de Utilidad\"}]},{\"@type\":\"WebSite\",\"@id\":\"https:\/\/www.abrilabogados.com\/#website\",\"url\":\"https:\/\/www.abrilabogados.com\/\",\"name\":\"Abogados Propiedad Intelectual e Industrial\",\"description\":\"Abogados Propiedad Intelectual e Industrial: Despacho de abogados especializados en propiedad industrial e intelectual. Formule su consulta online.\",\"publisher\":{\"@id\":\"https:\/\/www.abrilabogados.com\/#organization\"},\"potentialAction\":[{\"@type\":\"SearchAction\",\"target\":{\"@type\":\"EntryPoint\",\"urlTemplate\":\"https:\/\/www.abrilabogados.com\/?s={search_term_string}\"},\"query-input\":{\"@type\":\"PropertyValueSpecification\",\"valueRequired\":true,\"valueName\":\"search_term_string\"}}],\"inLanguage\":\"es\"},{\"@type\":\"Organization\",\"@id\":\"https:\/\/www.abrilabogados.com\/#organization\",\"name\":\"Abril Abogados\",\"url\":\"https:\/\/www.abrilabogados.com\/\",\"logo\":{\"@type\":\"ImageObject\",\"inLanguage\":\"es\",\"@id\":\"https:\/\/www.abrilabogados.com\/#\/schema\/logo\/image\/\",\"url\":\"https:\/\/www.abrilabogados.com\/wp-content\/uploads\/2021\/10\/abril_abogados_logo.png\",\"contentUrl\":\"https:\/\/www.abrilabogados.com\/wp-content\/uploads\/2021\/10\/abril_abogados_logo.png\",\"width\":600,\"height\":314,\"caption\":\"Abril Abogados\"},\"image\":{\"@id\":\"https:\/\/www.abrilabogados.com\/#\/schema\/logo\/image\/\"},\"sameAs\":[\"https:\/\/www.facebook.com\/abrilabogados\/\",\"https:\/\/x.com\/Abrilabogados\",\"https:\/\/www.linkedin.com\/company\/abrilabogados\/\"]}]}<\/script>\n<!-- \/ Yoast SEO plugin. -->","yoast_head_json":{"title":"Registro de Modelos de Utilidad \/ Patentes","description":"ABRIL ABOGADOS. Los modelos de utilidad ser\u00e1n patentables las invenciones que sean nuevas, impliquen actividad inventiva y que tengan aplicabilidad industrial.","robots":{"index":"index","follow":"follow","max-snippet":"max-snippet:-1","max-image-preview":"max-image-preview:large","max-video-preview":"max-video-preview:-1"},"canonical":"https:\/\/www.abrilabogados.com\/registro-modelos-utilidad-patentes\/","og_locale":"es_ES","og_type":"article","og_title":"Registro de Modelos de Utilidad \/ Patentes","og_description":"ABRIL ABOGADOS. Los modelos de utilidad ser\u00e1n patentables las invenciones que sean nuevas, impliquen actividad inventiva y que tengan aplicabilidad industrial.","og_url":"https:\/\/www.abrilabogados.com\/registro-modelos-utilidad-patentes\/","og_site_name":"Abogados Propiedad Intelectual e Industrial","article_publisher":"https:\/\/www.facebook.com\/abrilabogados\/","article_modified_time":"2023-06-13T11:37:55+00:00","twitter_card":"summary_large_image","twitter_site":"@Abrilabogados","twitter_misc":{"Tiempo de lectura":"1 minuto"},"schema":{"@context":"https:\/\/schema.org","@graph":[{"@type":"WebPage","@id":"https:\/\/www.abrilabogados.com\/registro-modelos-utilidad-patentes\/","url":"https:\/\/www.abrilabogados.com\/registro-modelos-utilidad-patentes\/","name":"Registro de Modelos de Utilidad \/ Patentes","isPartOf":{"@id":"https:\/\/www.abrilabogados.com\/#website"},"datePublished":"2019-02-14T15:08:33+00:00","dateModified":"2023-06-13T11:37:55+00:00","description":"ABRIL ABOGADOS. Los modelos de utilidad ser\u00e1n patentables las invenciones que sean nuevas, impliquen actividad inventiva y que tengan aplicabilidad industrial.","breadcrumb":{"@id":"https:\/\/www.abrilabogados.com\/registro-modelos-utilidad-patentes\/#breadcrumb"},"inLanguage":"es","potentialAction":[{"@type":"ReadAction","target":["https:\/\/www.abrilabogados.com\/registro-modelos-utilidad-patentes\/"]}]},{"@type":"BreadcrumbList","@id":"https:\/\/www.abrilabogados.com\/registro-modelos-utilidad-patentes\/#breadcrumb","itemListElement":[{"@type":"ListItem","position":1,"name":"Portada","item":"https:\/\/www.abrilabogados.com\/"},{"@type":"ListItem","position":2,"name":"Registro de Modelos de Utilidad"}]},{"@type":"WebSite","@id":"https:\/\/www.abrilabogados.com\/#website","url":"https:\/\/www.abrilabogados.com\/","name":"Abogados Propiedad Intelectual e Industrial","description":"Abogados Propiedad Intelectual e Industrial: Despacho de abogados especializados en propiedad industrial e intelectual. Formule su consulta online.","publisher":{"@id":"https:\/\/www.abrilabogados.com\/#organization"},"potentialAction":[{"@type":"SearchAction","target":{"@type":"EntryPoint","urlTemplate":"https:\/\/www.abrilabogados.com\/?s={search_term_string}"},"query-input":{"@type":"PropertyValueSpecification","valueRequired":true,"valueName":"search_term_string"}}],"inLanguage":"es"},{"@type":"Organization","@id":"https:\/\/www.abrilabogados.com\/#organization","name":"Abril Abogados","url":"https:\/\/www.abrilabogados.com\/","logo":{"@type":"ImageObject","inLanguage":"es","@id":"https:\/\/www.abrilabogados.com\/#\/schema\/logo\/image\/","url":"https:\/\/www.abrilabogados.com\/wp-content\/uploads\/2021\/10\/abril_abogados_logo.png","contentUrl":"https:\/\/www.abrilabogados.com\/wp-content\/uploads\/2021\/10\/abril_abogados_logo.png","width":600,"height":314,"caption":"Abril Abogados"},"image":{"@id":"https:\/\/www.abrilabogados.com\/#\/schema\/logo\/image\/"},"sameAs":["https:\/\/www.facebook.com\/abrilabogados\/","https:\/\/x.com\/Abrilabogados","https:\/\/www.linkedin.com\/company\/abrilabogados\/"]}]}},"_links":{"self":[{"href":"https:\/\/www.abrilabogados.com\/wp-json\/wp\/v2\/pages\/53","targetHints":{"allow":["GET"]}}],"collection":[{"href":"https:\/\/www.abrilabogados.com\/wp-json\/wp\/v2\/pages"}],"about":[{"href":"https:\/\/www.abrilabogados.com\/wp-json\/wp\/v2\/types\/page"}],"author":[{"embeddable":true,"href":"https:\/\/www.abrilabogados.com\/wp-json\/wp\/v2\/users\/1"}],"replies":[{"embeddable":true,"href":"https:\/\/www.abrilabogados.com\/wp-json\/wp\/v2\/comments?post=53"}],"version-history":[{"count":1,"href":"https:\/\/www.abrilabogados.com\/wp-json\/wp\/v2\/pages\/53\/revisions"}],"predecessor-version":[{"id":3579,"href":"https:\/\/www.abrilabogados.com\/wp-json\/wp\/v2\/pages\/53\/revisions\/3579"}],"wp:attachment":[{"href":"https:\/\/www.abrilabogados.com\/wp-json\/wp\/v2\/media?parent=53"}],"curies":[{"name":"wp","href":"https:\/\/api.w.org\/{rel}","templated":true}]}}