{"id":566,"date":"2019-02-19T14:58:49","date_gmt":"2019-02-19T14:58:49","guid":{"rendered":"https:\/\/abrilabogados.com\/?page_id=566"},"modified":"2023-06-08T09:37:09","modified_gmt":"2023-06-08T07:37:09","slug":"inicio","status":"publish","type":"page","link":"https:\/\/www.abrilabogados.com\/","title":{"rendered":"Inicio"},"content":{"rendered":"<section class=\"wpb-content-wrapper\"><p>[vc_row css=&#8221;.vc_custom_1648798824919{margin-top: -30px !important;margin-bottom: 10px !important;}&#8221;][vc_column]\n\t\t\t<!-- START slidehome REVOLUTION SLIDER 6.5.17 --><p class=\"rs-p-wp-fix\"><\/p>\n\t\t\t<rs-module-wrap id=\"rev_slider_2_1_wrapper\" data-source=\"gallery\" style=\"visibility:hidden;background:transparent;padding:0;margin:0px auto;margin-top:0;margin-bottom:0;\">\n\t\t\t\t<rs-module id=\"rev_slider_2_1\" style=\"\" data-version=\"6.5.17\">\n\t\t\t\t\t<rs-slides>\n\t\t\t\t\t\t<rs-slide style=\"position: absolute;\" data-key=\"rs-19\" data-title=\"Slide\" data-anim=\"ms:10;\" data-in=\"o:1;\" data-out=\"a:false;\">\n\t\t\t\t\t\t\t<img decoding=\"async\" src=\"\/\/www.abrilabogados.com\/wp-content\/plugins\/revslider\/public\/assets\/assets\/dummy.png\" alt=\"globos est\u00e1ticos\" title=\"globos_estaticos_carrera\" width=\"1600\" height=\"1067\" class=\"rev-slidebg tp-rs-img rs-lazyload\" data-lazyload=\"\/\/www.abrilabogados.com\/wp-content\/uploads\/2022\/04\/1-globos_estaticos_carrera.jpg\" data-no-retina>\n<!---->\t\t\t\t\t\t<\/rs-slide>\n\t\t\t\t\t\t<rs-slide style=\"position: absolute;\" data-key=\"rs-20\" data-title=\"Slide\" data-anim=\"ms:10;\" data-in=\"o:1;\" data-out=\"a:false;\">\n\t\t\t\t\t\t\t<img decoding=\"async\" src=\"\/\/www.abrilabogados.com\/wp-content\/plugins\/revslider\/public\/assets\/assets\/dummy.png\" alt=\"muro naranja\" title=\"muro_naranja\" width=\"1600\" height=\"1067\" class=\"rev-slidebg tp-rs-img rs-lazyload\" data-lazyload=\"\/\/www.abrilabogados.com\/wp-content\/uploads\/2022\/04\/1-muro_naranja.jpg\" data-no-retina>\n<!---->\t\t\t\t\t\t<\/rs-slide>\n\t\t\t\t\t\t<rs-slide style=\"position: absolute;\" data-key=\"rs-16\" data-title=\"Slide\" data-anim=\"ms:10;\" data-in=\"o:1;\" data-out=\"a:false;\">\n\t\t\t\t\t\t\t<img decoding=\"async\" src=\"\/\/www.abrilabogados.com\/wp-content\/plugins\/revslider\/public\/assets\/assets\/dummy.png\" alt=\"fondo laminado\" title=\"fondo_laminado_azul\" width=\"1600\" height=\"1067\" class=\"rev-slidebg tp-rs-img rs-lazyload\" data-lazyload=\"\/\/www.abrilabogados.com\/wp-content\/uploads\/2022\/04\/1-fondo_laminado_azul.jpg\" data-no-retina>\n<!---->\t\t\t\t\t\t<\/rs-slide>\n\t\t\t\t\t\t<rs-slide style=\"position: absolute;\" data-key=\"rs-17\" data-title=\"Slide\" data-anim=\"ms:10;\" data-in=\"o:1;\" data-out=\"a:false;\">\n\t\t\t\t\t\t\t<img decoding=\"async\" src=\"\/\/www.abrilabogados.com\/wp-content\/plugins\/revslider\/public\/assets\/assets\/dummy.png\" alt=\"fondo agua\" title=\"fondo_agua_azul\" width=\"1600\" height=\"1068\" class=\"rev-slidebg tp-rs-img rs-lazyload\" data-lazyload=\"\/\/www.abrilabogados.com\/wp-content\/uploads\/2022\/04\/1-fondo_agua_azul.jpg\" data-no-retina>\n<!---->\t\t\t\t\t\t<\/rs-slide>\n\t\t\t\t\t<\/rs-slides>\n\t\t\t\t<\/rs-module>\n\t\t\t\t<script>\n\t\t\t\t\tsetREVStartSize({c: 'rev_slider_2_1',rl:[1240,1024,778,480],el:[395],gw:[1240],gh:[395],type:'standard',justify:'',layout:'fullwidth',mh:\"0\"});if (window.RS_MODULES!==undefined && window.RS_MODULES.modules!==undefined && window.RS_MODULES.modules[\"revslider21\"]!==undefined) {window.RS_MODULES.modules[\"revslider21\"].once = false;window.revapi2 = undefined;if (window.RS_MODULES.checkMinimal!==undefined) window.RS_MODULES.checkMinimal()}\n\t\t\t\t<\/script>\n\t\t\t<\/rs-module-wrap>\n\t\t\t<!-- END REVOLUTION SLIDER -->\n[vc_empty_space][\/vc_column][\/vc_row][vc_row][vc_column width=&#8221;1\/3&#8243;][vc_custom_heading text=&#8221;Noticias&#8221; font_container=&#8221;tag:h2|text_align:left|color:%23b30000&#8243; use_theme_fonts=&#8221;yes&#8221; link=&#8221;url:%2Fnoticias%2F|||&#8221;][vc_empty_space height=&#8221;10px&#8221;][vc_basic_grid post_type=&#8221;post&#8221; max_items=&#8221;1&#8243; element_width=&#8221;12&#8243; item=&#8221;606&#8243; grid_id=&#8221;vc_gid:1686209810248-e7795f1b-99e2-8&#8243; taxonomies=&#8221;8&#8243;][\/vc_column][vc_column width=&#8221;1\/3&#8243;][vc_custom_heading text=&#8221;Publicaciones&#8221; font_container=&#8221;tag:h2|text_align:left|color:%23b30000&#8243; use_theme_fonts=&#8221;yes&#8221; link=&#8221;url:%2Fflash-news%2F&#8221;][vc_empty_space height=&#8221;10px&#8221;][vc_basic_grid post_type=&#8221;post&#8221; max_items=&#8221;1&#8243; element_width=&#8221;12&#8243; item=&#8221;606&#8243; grid_id=&#8221;vc_gid:1686209810252-d6da7d8d-8183-9&#8243; taxonomies=&#8221;6&#8243;][\/vc_column][vc_column width=&#8221;1\/3&#8243;][vc_custom_heading text=&#8221;Referencias&#8221; font_container=&#8221;tag:h2|text_align:left|color:%23b30000&#8243; use_theme_fonts=&#8221;yes&#8221; link=&#8221;url:%2Freferencias%2F|||&#8221;][vc_empty_space height=&#8221;10px&#8221;][vc_basic_grid post_type=&#8221;post&#8221; max_items=&#8221;1&#8243; element_width=&#8221;12&#8243; item=&#8221;606&#8243; grid_id=&#8221;vc_gid:1686209810255-17df99ac-ec1b-10&#8243; taxonomies=&#8221;7&#8243;][\/vc_column][\/vc_row][vc_row][vc_column][vc_empty_space height=&#8221;50px&#8221;][vc_custom_heading stripe_pos=&#8221;hide&#8221; text=&#8221;Abril Abogados&#8221; font_container=&#8221;tag:h1|text_align:center|color:%23f6831c&#8221; use_theme_fonts=&#8221;yes&#8221;][vc_empty_space height=&#8221;20px&#8221;][\/vc_column][\/vc_row][vc_row][vc_column][vc_column_text]<\/p>\n<p style=\"text-align: justify;\"><strong>Abril Abogados<\/strong> es un despacho innovador, comprometido con el dif\u00edcil objetivo de mantenerse al frente de una de las ramas m\u00e1s complejas y apasionantes del Derecho, siempre en continua expansi\u00f3n y que cuenta con profesionales y especialistas en todos los \u00e1mbitos del Derecho de la Propiedad Industrial e Intelectual. Nuestro asesoramiento, tanto a empresas como a particulares, abarcan todo el \u00e1mbito nacional e internacional.<\/p>\n<p>[\/vc_column_text][vc_empty_space height=&#8221;20px&#8221;][\/vc_column][\/vc_row][vc_row full_width=&#8221;stretch_row&#8221; css=&#8221;.vc_custom_1614244136673{background-color: #f7f7f7 !important;}&#8221;][vc_column][vc_empty_space][vc_tta_accordion style=&#8221;modern&#8221; shape=&#8221;square&#8221; c_align=&#8221;center&#8221; c_icon=&#8221;&#8221; active_section=&#8221;2&#8243; collapsible_all=&#8221;true&#8221;][vc_tta_section title=&#8221;Haz clic para conocer m\u00e1s sobre Abril Abogados&#8221; tab_id=&#8221;1&#8243;][vc_row_inner][vc_column_inner][vc_empty_space][vc_custom_heading text=&#8221;Especialistas en\u2026&#8221; use_theme_fonts=&#8221;yes&#8221;][vc_column_text]<\/p>\n<p style=\"text-align: justify;\">Patentes, marcas, nombres comerciales o dise\u00f1os industriales. Servicio integral de registro y protecci\u00f3n de signos distintivos e invenciones. Nuestro equipo de especialistas asiste a nuestros clientes ante cualquier clase de incidencia o controversia. Esta inmediatez en el asesoramiento y la atenci\u00f3n personalizada nos permite mantener un grado de proximidad muy elevado con cada cliente y sus asuntos<\/p>\n<p>[\/vc_column_text][vc_empty_space height=&#8221;8px&#8221;][\/vc_column_inner][\/vc_row_inner][vc_row_inner][vc_column_inner width=&#8221;1\/3&#8243;][vc_custom_heading text=&#8221;Patentes y marcas&#8221; font_container=&#8221;tag:h3|text_align:left&#8221; use_theme_fonts=&#8221;yes&#8221;][vc_column_text]<\/p>\n<p style=\"text-align: justify;\">Especialistas en nombres comerciales, marcas y patentes nacionales, europeas e internacionales. Servicio de asesoramiento, registro y protecci\u00f3n de signos distintivos e invenciones.<\/p>\n<p>[\/vc_column_text][\/vc_column_inner][vc_column_inner width=&#8221;1\/3&#8243;][vc_custom_heading text=&#8221;Dise\u00f1o industrial&#8221; font_container=&#8221;tag:h3|text_align:left&#8221; use_theme_fonts=&#8221;yes&#8221;][vc_column_text]<\/p>\n<p style=\"text-align: justify;\">Nuestros servicios en dise\u00f1os industriales van m\u00e1s all\u00e1 de la mera solicitud, nos esforzamos por ofrecer al cliente un asesoramiento y una estrategia acorde al mercado y a sus necesidades en todas las etapas previas y posteriores a la solicitud de sus dise\u00f1os industriales.<\/p>\n<p>[\/vc_column_text][\/vc_column_inner][vc_column_inner width=&#8221;1\/3&#8243;][vc_custom_heading text=&#8221;Derecho en nuevas tecnolog\u00edas&#8221; font_container=&#8221;tag:h3|text_align:left&#8221; use_theme_fonts=&#8221;yes&#8221;][vc_column_text]<\/p>\n<p style=\"text-align: justify;\">En nuestro departamento de Nuevas Tecnolog\u00edas ofrecemos servicios de asesoramiento, textos legales y medidas de seguridad en Internet. Nuestros profesionales son especialistas en materia de Comercio Electr\u00f3nico, Contratos Inform\u00e1ticos y otros derechos relacionados con las Nuevas Tecnolog\u00edas.<\/p>\n<p>[\/vc_column_text][\/vc_column_inner][\/vc_row_inner][vc_empty_space height=&#8221;12px&#8221;][vc_row_inner][vc_column_inner width=&#8221;1\/3&#8243;][vc_custom_heading text=&#8221;Protecci\u00f3n de datos&#8221; font_container=&#8221;tag:h3|text_align:left&#8221; use_theme_fonts=&#8221;yes&#8221;][vc_column_text]<\/p>\n<p style=\"text-align: justify;\">Los m\u00e1s de 16 a\u00f1os de experiencia en estas \u00e1reas nos permiten prestar servicios adecuados a las necesidades de nuestros clientes en el \u00e1mbito de la protecci\u00f3n de datos y el cumplimiento del RGPD y la LOPD, as\u00ed como en lo relativo a la Ley de servicios de la sociedad de la informaci\u00f3n y de comercio electr\u00f3nico.<\/p>\n<p>[\/vc_column_text][\/vc_column_inner][vc_column_inner width=&#8221;1\/3&#8243;][vc_custom_heading text=&#8221;Propiedad intelectual&#8221; font_container=&#8221;tag:h3|text_align:left&#8221; use_theme_fonts=&#8221;yes&#8221;][vc_column_text]<\/p>\n<p style=\"text-align: justify;\">A trav\u00e9s de nuestro departamento de Propiedad Intelectual, Derechos de Autor &amp; Derecho del Entretenimiento ofrecemos servicios de asesoramiento en materia de propiedad intelectual, publicidad, acciones de marketing y media (concursos, promociones y sorteos) y derechos de imagen, as\u00ed como medios de explotaci\u00f3n tradicionales o nuevas tecnolog\u00edas.<\/p>\n<p>[\/vc_column_text][\/vc_column_inner][vc_column_inner width=&#8221;1\/3&#8243;][\/vc_column_inner][\/vc_row_inner][\/vc_tta_section][\/vc_tta_accordion][vc_empty_space height=&#8221;50px&#8221;][\/vc_column][\/vc_row][vc_row full_width=&#8221;stretch_row&#8221; disable_element=&#8221;yes&#8221; css=&#8221;.vc_custom_1614244508904{background-color: #f7f7f7 !important;}&#8221; el_id=&#8221;mostrarmas&#8221;][vc_column][vc_empty_space][vc_custom_heading text=&#8221;Abogados especialistas en\u2026&#8221; use_theme_fonts=&#8221;yes&#8221;][vc_column_text]<\/p>\n<p style=\"text-align: justify;\">Patentes, marcas, nombres comerciales o dise\u00f1os industriales. Servicio integral de registro y protecci\u00f3n de signos distintivos e invenciones. Nuestro equipo de abogados especialistas asiste a nuestros clientes ante cualquier clase de incidencia o controversia. Esta inmediatez en el asesoramiento jur\u00eddico y la atenci\u00f3n personalizada nos permite mantener un grado de proximidad muy elevado con cada cliente y sus asuntos<\/p>\n<p>[\/vc_column_text][vc_empty_space height=&#8221;10px&#8221;][vc_row_inner][vc_column_inner width=&#8221;1\/3&#8243;][vc_custom_heading text=&#8221;Patentes y marcas&#8221; font_container=&#8221;tag:h3|text_align:left&#8221; use_theme_fonts=&#8221;yes&#8221;][vc_column_text]<\/p>\n<p style=\"text-align: justify;\">Especialistas en nombres comerciales, marcas y patentes nacionales, europeas e internacionales. Servicio de asesoramiento jur\u00eddico, registro y protecci\u00f3n de signos distintivos e invenciones.<\/p>\n<p>[\/vc_column_text][\/vc_column_inner][vc_column_inner width=&#8221;1\/3&#8243;][vc_custom_heading text=&#8221;Dise\u00f1o industrial&#8221; font_container=&#8221;tag:h3|text_align:left&#8221; use_theme_fonts=&#8221;yes&#8221;][vc_column_text]<\/p>\n<p style=\"text-align: justify;\">Nuestros servicios en dise\u00f1os industriales van m\u00e1s all\u00e1 de la mera solicitud, nos esforzamos por ofrecer al cliente un asesoramiento jur\u00eddico y una estrategia acorde al mercado y a sus necesidades en todas las etapas previas y posteriores a la solicitud de sus dise\u00f1os industriales.<\/p>\n<p>[\/vc_column_text][\/vc_column_inner][vc_column_inner width=&#8221;1\/3&#8243;][vc_custom_heading text=&#8221;Derecho en nuevas tecnolog\u00edas&#8221; font_container=&#8221;tag:h3|text_align:left&#8221; use_theme_fonts=&#8221;yes&#8221;][vc_column_text]<\/p>\n<p style=\"text-align: justify;\">En\u00a0nuestro departamento de\u00a0Nuevas Tecnolog\u00edas\u00a0ofrecemos servicios de Asesoramiento jur\u00eddico, textos legales y medidas de seguridad en Internet. Nuestros abogados son especialistas en materia de Comercio Electr\u00f3nico, Contratos Inform\u00e1ticos y otros derechos relacionados con las Nuevas Tecnolog\u00edas.<\/p>\n<p>[\/vc_column_text][\/vc_column_inner][\/vc_row_inner][vc_empty_space height=&#8221;10px&#8221;][vc_row_inner][vc_column_inner width=&#8221;1\/3&#8243;][vc_custom_heading text=&#8221;Protecci\u00f3n de datos&#8221; font_container=&#8221;tag:h3|text_align:left&#8221; use_theme_fonts=&#8221;yes&#8221;][vc_column_text]<\/p>\n<p style=\"text-align: justify;\">Los m\u00e1s de 16 a\u00f1os de experiencia en estas \u00e1reas nos permiten prestar servicios adecuados a las necesidades de nuestros clientes en el \u00e1mbito de la protecci\u00f3n de datos y el cumplimiento del RGPD y la LOPD, as\u00ed como en lo relativo a la Ley de servicios de la sociedad de la informaci\u00f3n y de comercio electr\u00f3nico.<\/p>\n<p>[\/vc_column_text][\/vc_column_inner][vc_column_inner width=&#8221;1\/3&#8243;][vc_custom_heading text=&#8221;Propiedad intelectual&#8221; font_container=&#8221;tag:h3|text_align:left&#8221; use_theme_fonts=&#8221;yes&#8221;][vc_column_text]<\/p>\n<p style=\"text-align: justify;\">A trav\u00e9s de nuestro departamento de Propiedad Intelectual, Derechos de Autor &amp; Derecho del Entretenimiento ofrecemos servicios de asesoramiento jur\u00eddico en materia de propiedad intelectual, publicidad, acciones de marketing y media (concursos, promociones y sorteos) y derechos de imagen, as\u00ed como medios de explotaci\u00f3n tradicionales o nuevas tecnolog\u00edas. Asimismo, damos asistencia legal y defensa procesal en caso de que exista una infracci\u00f3n de sus derechos.<\/p>\n<p>[\/vc_column_text][\/vc_column_inner][vc_column_inner width=&#8221;1\/3&#8243;][vc_custom_heading text=&#8221;Propiedad industrial&#8221; font_container=&#8221;tag:h3|text_align:left&#8221; use_theme_fonts=&#8221;yes&#8221;][vc_column_text]<\/p>\n<p style=\"text-align: justify;\">Invenciones, dise\u00f1os industriales, modelos de utilidad o transferencia de tecnolog\u00eda. Casos de competencia desleal. Mediaci\u00f3n y arbitraje.<\/p>\n<p>[\/vc_column_text][\/vc_column_inner][\/vc_row_inner][vc_empty_space][\/vc_column][\/vc_row][vc_row][vc_column][vc_empty_space][vc_custom_heading text=&#8221;Cont\u00e1ctenos&#8221; use_theme_fonts=&#8221;yes&#8221;][vc_row_inner][vc_column_inner width=&#8221;2\/3&#8243;][vc_column_text]<\/p>\n<p style=\"text-align: justify;\">Si desea ponerse en comunicaci\u00f3n con nuestros especialistas cont\u00e1ctenos por tel\u00e9fono o correo electr\u00f3nico y estaremos encantados de atenderles.<\/p>\n<p>[\/vc_column_text][\/vc_column_inner][vc_column_inner width=&#8221;1\/3&#8243;][vc_btn title=&#8221;Contacte ahora&#8221; style=&#8221;custom&#8221; custom_background=&#8221;#b30000&#8243; custom_text=&#8221;#ffffff&#8221; shape=&#8221;square&#8221; align=&#8221;center&#8221; link=&#8221;url:%2Fcontacto%2F|||&#8221;][\/vc_column_inner][\/vc_row_inner][\/vc_column][\/vc_row]<\/p>\n<\/section>","protected":false},"excerpt":{"rendered":"<p>[vc_row css=&#8221;.vc_custom_1648798824919{margin-top: -30px !important;margin-bottom: 10px !important;}&#8221;][vc_column][vc_empty_space][\/vc_column][\/vc_row][vc_row][vc_column width=&#8221;1\/3&#8243;][vc_custom_heading text=&#8221;Noticias&#8221; font_container=&#8221;tag:h2|text_align:left|color:%23b30000&#8243; use_theme_fonts=&#8221;yes&#8221; link=&#8221;url:%2Fnoticias%2F|||&#8221;][vc_empty_space height=&#8221;10px&#8221;][vc_basic_grid post_type=&#8221;post&#8221; max_items=&#8221;1&#8243; element_width=&#8221;12&#8243; item=&#8221;606&#8243; grid_id=&#8221;vc_gid:1686209810248-e7795f1b-99e2-8&#8243; taxonomies=&#8221;8&#8243;][\/vc_column][vc_column width=&#8221;1\/3&#8243;][vc_custom_heading text=&#8221;Publicaciones&#8221; font_container=&#8221;tag:h2|text_align:left|color:%23b30000&#8243; use_theme_fonts=&#8221;yes&#8221; link=&#8221;url:%2Fflash-news%2F&#8221;][vc_empty_space height=&#8221;10px&#8221;][vc_basic_grid post_type=&#8221;post&#8221; max_items=&#8221;1&#8243; element_width=&#8221;12&#8243; item=&#8221;606&#8243; grid_id=&#8221;vc_gid:1686209810252-d6da7d8d-8183-9&#8243; taxonomies=&#8221;6&#8243;][\/vc_column][vc_column width=&#8221;1\/3&#8243;][vc_custom_heading text=&#8221;Referencias&#8221; font_container=&#8221;tag:h2|text_align:left|color:%23b30000&#8243; use_theme_fonts=&#8221;yes&#8221; link=&#8221;url:%2Freferencias%2F|||&#8221;][vc_empty_space height=&#8221;10px&#8221;][vc_basic_grid post_type=&#8221;post&#8221; max_items=&#8221;1&#8243; element_width=&#8221;12&#8243; item=&#8221;606&#8243; grid_id=&#8221;vc_gid:1686209810255-17df99ac-ec1b-10&#8243; taxonomies=&#8221;7&#8243;][\/vc_column][\/vc_row][vc_row][vc_column][vc_empty_space height=&#8221;50px&#8221;][vc_custom_heading stripe_pos=&#8221;hide&#8221; text=&#8221;Abril Abogados&#8221; font_container=&#8221;tag:h1|text_align:center|color:%23f6831c&#8221; use_theme_fonts=&#8221;yes&#8221;][vc_empty_space height=&#8221;20px&#8221;][\/vc_column][\/vc_row][vc_row][vc_column][vc_column_text] Abril Abogados es un despacho innovador,<\/p>\n","protected":false},"author":1,"featured_media":0,"parent":0,"menu_order":0,"comment_status":"closed","ping_status":"closed","template":"","meta":{"footnotes":""},"class_list":["post-566","page","type-page","status-publish","hentry"],"yoast_head":"<!-- This site is optimized with the Yoast SEO plugin v25.8 - https:\/\/yoast.com\/wordpress\/plugins\/seo\/ -->\n<title>Abogados Propiedad Intelectual e Industrial<\/title>\n<meta name=\"description\" content=\"ABRIL ABOGADOS. Despacho de abogados especializados en propiedad industrial e intelectual. Formule su consulta online.\" \/>\n<meta name=\"robots\" content=\"index, follow, max-snippet:-1, max-image-preview:large, max-video-preview:-1\" \/>\n<link rel=\"canonical\" href=\"https:\/\/www.abrilabogados.com\/\" \/>\n<meta property=\"og:locale\" content=\"es_ES\" \/>\n<meta property=\"og:type\" content=\"article\" \/>\n<meta property=\"og:title\" content=\"Abogados Propiedad Intelectual e Industrial\" \/>\n<meta property=\"og:description\" content=\"ABRIL ABOGADOS. Despacho de abogados especializados en propiedad industrial e intelectual. Formule su consulta online.\" \/>\n<meta property=\"og:url\" content=\"https:\/\/www.abrilabogados.com\/\" \/>\n<meta property=\"og:site_name\" content=\"Abogados Propiedad Intelectual e Industrial\" \/>\n<meta property=\"article:publisher\" content=\"https:\/\/www.facebook.com\/abrilabogados\/\" \/>\n<meta property=\"article:modified_time\" content=\"2023-06-08T07:37:09+00:00\" \/>\n<meta name=\"twitter:card\" content=\"summary_large_image\" \/>\n<meta name=\"twitter:site\" content=\"@Abrilabogados\" \/>\n<meta name=\"twitter:label1\" content=\"Tiempo de lectura\" \/>\n\t<meta name=\"twitter:data1\" content=\"4 minutos\" \/>\n<script type=\"application\/ld+json\" class=\"yoast-schema-graph\">{\"@context\":\"https:\/\/schema.org\",\"@graph\":[{\"@type\":\"WebPage\",\"@id\":\"https:\/\/www.abrilabogados.com\/\",\"url\":\"https:\/\/www.abrilabogados.com\/\",\"name\":\"Abogados Propiedad Intelectual e Industrial\",\"isPartOf\":{\"@id\":\"https:\/\/www.abrilabogados.com\/#website\"},\"datePublished\":\"2019-02-19T14:58:49+00:00\",\"dateModified\":\"2023-06-08T07:37:09+00:00\",\"description\":\"ABRIL ABOGADOS. Despacho de abogados especializados en propiedad industrial e intelectual. Formule su consulta online.\",\"breadcrumb\":{\"@id\":\"https:\/\/www.abrilabogados.com\/#breadcrumb\"},\"inLanguage\":\"es\",\"potentialAction\":[{\"@type\":\"ReadAction\",\"target\":[\"https:\/\/www.abrilabogados.com\/\"]}]},{\"@type\":\"BreadcrumbList\",\"@id\":\"https:\/\/www.abrilabogados.com\/#breadcrumb\",\"itemListElement\":[{\"@type\":\"ListItem\",\"position\":1,\"name\":\"Portada\",\"item\":\"https:\/\/www.abrilabogados.com\/\"},{\"@type\":\"ListItem\",\"position\":2,\"name\":\"Inicio\"}]},{\"@type\":\"WebSite\",\"@id\":\"https:\/\/www.abrilabogados.com\/#website\",\"url\":\"https:\/\/www.abrilabogados.com\/\",\"name\":\"Abogados Propiedad Intelectual e Industrial\",\"description\":\"Abogados Propiedad Intelectual e Industrial: Despacho de abogados especializados en propiedad industrial e intelectual. Formule su consulta online.\",\"publisher\":{\"@id\":\"https:\/\/www.abrilabogados.com\/#organization\"},\"potentialAction\":[{\"@type\":\"SearchAction\",\"target\":{\"@type\":\"EntryPoint\",\"urlTemplate\":\"https:\/\/www.abrilabogados.com\/?s={search_term_string}\"},\"query-input\":{\"@type\":\"PropertyValueSpecification\",\"valueRequired\":true,\"valueName\":\"search_term_string\"}}],\"inLanguage\":\"es\"},{\"@type\":\"Organization\",\"@id\":\"https:\/\/www.abrilabogados.com\/#organization\",\"name\":\"Abril Abogados\",\"url\":\"https:\/\/www.abrilabogados.com\/\",\"logo\":{\"@type\":\"ImageObject\",\"inLanguage\":\"es\",\"@id\":\"https:\/\/www.abrilabogados.com\/#\/schema\/logo\/image\/\",\"url\":\"https:\/\/www.abrilabogados.com\/wp-content\/uploads\/2021\/10\/abril_abogados_logo.png\",\"contentUrl\":\"https:\/\/www.abrilabogados.com\/wp-content\/uploads\/2021\/10\/abril_abogados_logo.png\",\"width\":600,\"height\":314,\"caption\":\"Abril Abogados\"},\"image\":{\"@id\":\"https:\/\/www.abrilabogados.com\/#\/schema\/logo\/image\/\"},\"sameAs\":[\"https:\/\/www.facebook.com\/abrilabogados\/\",\"https:\/\/x.com\/Abrilabogados\",\"https:\/\/www.linkedin.com\/company\/abrilabogados\/\"]}]}<\/script>\n<!-- \/ Yoast SEO plugin. -->","yoast_head_json":{"title":"Abogados Propiedad Intelectual e Industrial","description":"ABRIL ABOGADOS. Despacho de abogados especializados en propiedad industrial e intelectual. Formule su consulta online.","robots":{"index":"index","follow":"follow","max-snippet":"max-snippet:-1","max-image-preview":"max-image-preview:large","max-video-preview":"max-video-preview:-1"},"canonical":"https:\/\/www.abrilabogados.com\/","og_locale":"es_ES","og_type":"article","og_title":"Abogados Propiedad Intelectual e Industrial","og_description":"ABRIL ABOGADOS. Despacho de abogados especializados en propiedad industrial e intelectual. Formule su consulta online.","og_url":"https:\/\/www.abrilabogados.com\/","og_site_name":"Abogados Propiedad Intelectual e Industrial","article_publisher":"https:\/\/www.facebook.com\/abrilabogados\/","article_modified_time":"2023-06-08T07:37:09+00:00","twitter_card":"summary_large_image","twitter_site":"@Abrilabogados","twitter_misc":{"Tiempo de lectura":"4 minutos"},"schema":{"@context":"https:\/\/schema.org","@graph":[{"@type":"WebPage","@id":"https:\/\/www.abrilabogados.com\/","url":"https:\/\/www.abrilabogados.com\/","name":"Abogados Propiedad Intelectual e Industrial","isPartOf":{"@id":"https:\/\/www.abrilabogados.com\/#website"},"datePublished":"2019-02-19T14:58:49+00:00","dateModified":"2023-06-08T07:37:09+00:00","description":"ABRIL ABOGADOS. Despacho de abogados especializados en propiedad industrial e intelectual. Formule su consulta online.","breadcrumb":{"@id":"https:\/\/www.abrilabogados.com\/#breadcrumb"},"inLanguage":"es","potentialAction":[{"@type":"ReadAction","target":["https:\/\/www.abrilabogados.com\/"]}]},{"@type":"BreadcrumbList","@id":"https:\/\/www.abrilabogados.com\/#breadcrumb","itemListElement":[{"@type":"ListItem","position":1,"name":"Portada","item":"https:\/\/www.abrilabogados.com\/"},{"@type":"ListItem","position":2,"name":"Inicio"}]},{"@type":"WebSite","@id":"https:\/\/www.abrilabogados.com\/#website","url":"https:\/\/www.abrilabogados.com\/","name":"Abogados Propiedad Intelectual e Industrial","description":"Abogados Propiedad Intelectual e Industrial: Despacho de abogados especializados en propiedad industrial e intelectual. Formule su consulta online.","publisher":{"@id":"https:\/\/www.abrilabogados.com\/#organization"},"potentialAction":[{"@type":"SearchAction","target":{"@type":"EntryPoint","urlTemplate":"https:\/\/www.abrilabogados.com\/?s={search_term_string}"},"query-input":{"@type":"PropertyValueSpecification","valueRequired":true,"valueName":"search_term_string"}}],"inLanguage":"es"},{"@type":"Organization","@id":"https:\/\/www.abrilabogados.com\/#organization","name":"Abril Abogados","url":"https:\/\/www.abrilabogados.com\/","logo":{"@type":"ImageObject","inLanguage":"es","@id":"https:\/\/www.abrilabogados.com\/#\/schema\/logo\/image\/","url":"https:\/\/www.abrilabogados.com\/wp-content\/uploads\/2021\/10\/abril_abogados_logo.png","contentUrl":"https:\/\/www.abrilabogados.com\/wp-content\/uploads\/2021\/10\/abril_abogados_logo.png","width":600,"height":314,"caption":"Abril Abogados"},"image":{"@id":"https:\/\/www.abrilabogados.com\/#\/schema\/logo\/image\/"},"sameAs":["https:\/\/www.facebook.com\/abrilabogados\/","https:\/\/x.com\/Abrilabogados","https:\/\/www.linkedin.com\/company\/abrilabogados\/"]}]}},"_links":{"self":[{"href":"https:\/\/www.abrilabogados.com\/wp-json\/wp\/v2\/pages\/566","targetHints":{"allow":["GET"]}}],"collection":[{"href":"https:\/\/www.abrilabogados.com\/wp-json\/wp\/v2\/pages"}],"about":[{"href":"https:\/\/www.abrilabogados.com\/wp-json\/wp\/v2\/types\/page"}],"author":[{"embeddable":true,"href":"https:\/\/www.abrilabogados.com\/wp-json\/wp\/v2\/users\/1"}],"replies":[{"embeddable":true,"href":"https:\/\/www.abrilabogados.com\/wp-json\/wp\/v2\/comments?post=566"}],"version-history":[{"count":0,"href":"https:\/\/www.abrilabogados.com\/wp-json\/wp\/v2\/pages\/566\/revisions"}],"wp:attachment":[{"href":"https:\/\/www.abrilabogados.com\/wp-json\/wp\/v2\/media?parent=566"}],"curies":[{"name":"wp","href":"https:\/\/api.w.org\/{rel}","templated":true}]}}