{"id":80,"date":"2019-02-14T15:32:20","date_gmt":"2019-02-14T15:32:20","guid":{"rendered":"https:\/\/abrilabogados.com\/?page_id=80"},"modified":"2023-06-14T10:07:46","modified_gmt":"2023-06-14T08:07:46","slug":"tipos-marcas","status":"publish","type":"page","link":"https:\/\/www.abrilabogados.com\/tipos-marcas\/","title":{"rendered":"Tipos de Marcas"},"content":{"rendered":"<section class=\"wpb-content-wrapper\"><p>[vc_row][vc_column][vc_empty_space][\/vc_column][\/vc_row][vc_row][vc_column width=&#8221;1\/3&#8243; css=&#8221;.vc_custom_1550678408803{border-right-width: 1px !important;border-right-color: #e2e2e2 !important;border-right-style: solid !important;}&#8221;][vc_custom_heading text=&#8221;Servicios de Marcas&#8221; font_container=&#8221;tag:h3|text_align:left|color:%23b30000&#8243; use_theme_fonts=&#8221;yes&#8221;][vc_empty_space height=&#8221;10px&#8221;][vc_wp_custommenu nav_menu=&#8221;18&#8243;][\/vc_column][vc_column width=&#8221;2\/3&#8243;][vc_custom_heading text=&#8221;Tipos de Marcas&#8221; font_container=&#8221;tag:h1|text_align:left|color:%23b30000&#8243; use_theme_fonts=&#8221;yes&#8221;][vc_column_text]<img decoding=\"async\" class=\"size-medium wp-image-81 alignright\" src=\"\/wp-content\/uploads\/2019\/02\/tipos-marcas-300x229.jpg\" alt=\"tipos de marcas\" width=\"300\" height=\"229\" srcset=\"https:\/\/www.abrilabogados.com\/wp-content\/uploads\/2019\/02\/tipos-marcas-300x229.jpg 300w, https:\/\/www.abrilabogados.com\/wp-content\/uploads\/2019\/02\/tipos-marcas.jpg 559w\" sizes=\"(max-width: 300px) 100vw, 300px\" \/>La presentaci\u00f3n de la marca puede realizarse con las siguientes modalidades:<\/p>\n<ul>\n<li><strong>Marca denominativa<\/strong>: Se trata de registrar exclusivamente la denominaci\u00f3n<\/li>\n<li><strong>Marca Mixta<\/strong>: Consiste en proteger tanto la denominaci\u00f3n como el logotipo de forma que el registro constituya un conjunto indivisible.<\/li>\n<li><strong>Marca gr\u00e1fica<\/strong>: En este caso \u00fanicamente se protege el elemento gr\u00e1fico que contiene la marca\u00a0 sin texto de ning\u00fan tipo.<\/li>\n<li><strong>Marca Tridimensional<\/strong>: Es aquella que protege la forma del producto en concreto por ejemplo la forma peculiar de un envase.<\/li>\n<li><strong>Marca de posici\u00f3n<\/strong>: Se consideran aquellas en la que se solicita el registro de una posici\u00f3n determinada de un modelo gr\u00e1fico o un dise\u00f1o tridimensional determinado. Por tanto, el objeto protegido no es la forma del producto, ni el modelo, sino el modelo o la forma en una posici\u00f3n determinada del producto.<\/li>\n<li><strong>Marca Olfativa<\/strong>: Son aquellas que se perciben por la nariz, por lo que los son un olor o un aroma. El principal problema que presentan estas marcas es su representaci\u00f3n gr\u00e1fica.<\/li>\n<li><strong>Marca Sonora<\/strong>:\u00a0 La caracter\u00edstica principal de estas marcas es la reproducci\u00f3n de sonidos.<\/li>\n<\/ul>\n<p>[\/vc_column_text][\/vc_column][\/vc_row]<\/p>\n<\/section>","protected":false},"excerpt":{"rendered":"<p>[vc_row][vc_column][vc_empty_space][\/vc_column][\/vc_row][vc_row][vc_column width=&#8221;1\/3&#8243; css=&#8221;.vc_custom_1550678408803{border-right-width: 1px !important;border-right-color: #e2e2e2 !important;border-right-style: solid !important;}&#8221;][vc_custom_heading text=&#8221;Servicios de Marcas&#8221; font_container=&#8221;tag:h3|text_align:left|color:%23b30000&#8243; use_theme_fonts=&#8221;yes&#8221;][vc_empty_space height=&#8221;10px&#8221;][vc_wp_custommenu nav_menu=&#8221;18&#8243;][\/vc_column][vc_column width=&#8221;2\/3&#8243;][vc_custom_heading text=&#8221;Tipos de Marcas&#8221; font_container=&#8221;tag:h1|text_align:left|color:%23b30000&#8243; use_theme_fonts=&#8221;yes&#8221;][vc_column_text]La presentaci\u00f3n de la marca puede realizarse con las siguientes modalidades: Marca denominativa: Se trata de registrar exclusivamente la denominaci\u00f3n Marca Mixta: Consiste en proteger tanto la denominaci\u00f3n como el logotipo de forma que<\/p>\n","protected":false},"author":1,"featured_media":0,"parent":0,"menu_order":0,"comment_status":"closed","ping_status":"closed","template":"","meta":{"footnotes":""},"class_list":["post-80","page","type-page","status-publish","hentry"],"yoast_head":"<!-- This site is optimized with the Yoast SEO plugin v25.8 - https:\/\/yoast.com\/wordpress\/plugins\/seo\/ -->\n<title>Tipos de marcas<\/title>\n<meta name=\"description\" content=\"ABRIL ABOGADOS. Marca denominativa, marca mixta, marca gr\u00e1fica, marca tridimensional, marca de posici\u00f3n, marca olfativa, marca sonora.\" \/>\n<meta name=\"robots\" content=\"index, follow, max-snippet:-1, max-image-preview:large, max-video-preview:-1\" \/>\n<link rel=\"canonical\" href=\"https:\/\/www.abrilabogados.com\/tipos-marcas\/\" \/>\n<meta property=\"og:locale\" content=\"es_ES\" \/>\n<meta property=\"og:type\" content=\"article\" \/>\n<meta property=\"og:title\" content=\"Tipos de marcas\" \/>\n<meta property=\"og:description\" content=\"ABRIL ABOGADOS. Marca denominativa, marca mixta, marca gr\u00e1fica, marca tridimensional, marca de posici\u00f3n, marca olfativa, marca sonora.\" \/>\n<meta property=\"og:url\" content=\"https:\/\/www.abrilabogados.com\/tipos-marcas\/\" \/>\n<meta property=\"og:site_name\" content=\"Abogados Propiedad Intelectual e Industrial\" \/>\n<meta property=\"article:publisher\" content=\"https:\/\/www.facebook.com\/abrilabogados\/\" \/>\n<meta property=\"article:modified_time\" content=\"2023-06-14T08:07:46+00:00\" \/>\n<meta name=\"twitter:card\" content=\"summary_large_image\" \/>\n<meta name=\"twitter:site\" content=\"@Abrilabogados\" \/>\n<meta name=\"twitter:label1\" content=\"Tiempo de lectura\" \/>\n\t<meta name=\"twitter:data1\" content=\"2 minutos\" \/>\n<script type=\"application\/ld+json\" class=\"yoast-schema-graph\">{\"@context\":\"https:\/\/schema.org\",\"@graph\":[{\"@type\":\"WebPage\",\"@id\":\"https:\/\/www.abrilabogados.com\/tipos-marcas\/\",\"url\":\"https:\/\/www.abrilabogados.com\/tipos-marcas\/\",\"name\":\"Tipos de marcas\",\"isPartOf\":{\"@id\":\"https:\/\/www.abrilabogados.com\/#website\"},\"datePublished\":\"2019-02-14T15:32:20+00:00\",\"dateModified\":\"2023-06-14T08:07:46+00:00\",\"description\":\"ABRIL ABOGADOS. Marca denominativa, marca mixta, marca gr\u00e1fica, marca tridimensional, marca de posici\u00f3n, marca olfativa, marca sonora.\",\"breadcrumb\":{\"@id\":\"https:\/\/www.abrilabogados.com\/tipos-marcas\/#breadcrumb\"},\"inLanguage\":\"es\",\"potentialAction\":[{\"@type\":\"ReadAction\",\"target\":[\"https:\/\/www.abrilabogados.com\/tipos-marcas\/\"]}]},{\"@type\":\"BreadcrumbList\",\"@id\":\"https:\/\/www.abrilabogados.com\/tipos-marcas\/#breadcrumb\",\"itemListElement\":[{\"@type\":\"ListItem\",\"position\":1,\"name\":\"Portada\",\"item\":\"https:\/\/www.abrilabogados.com\/\"},{\"@type\":\"ListItem\",\"position\":2,\"name\":\"Tipos de Marcas\"}]},{\"@type\":\"WebSite\",\"@id\":\"https:\/\/www.abrilabogados.com\/#website\",\"url\":\"https:\/\/www.abrilabogados.com\/\",\"name\":\"Abogados Propiedad Intelectual e Industrial\",\"description\":\"Abogados Propiedad Intelectual e Industrial: Despacho de abogados especializados en propiedad industrial e intelectual. Formule su consulta online.\",\"publisher\":{\"@id\":\"https:\/\/www.abrilabogados.com\/#organization\"},\"potentialAction\":[{\"@type\":\"SearchAction\",\"target\":{\"@type\":\"EntryPoint\",\"urlTemplate\":\"https:\/\/www.abrilabogados.com\/?s={search_term_string}\"},\"query-input\":{\"@type\":\"PropertyValueSpecification\",\"valueRequired\":true,\"valueName\":\"search_term_string\"}}],\"inLanguage\":\"es\"},{\"@type\":\"Organization\",\"@id\":\"https:\/\/www.abrilabogados.com\/#organization\",\"name\":\"Abril Abogados\",\"url\":\"https:\/\/www.abrilabogados.com\/\",\"logo\":{\"@type\":\"ImageObject\",\"inLanguage\":\"es\",\"@id\":\"https:\/\/www.abrilabogados.com\/#\/schema\/logo\/image\/\",\"url\":\"https:\/\/www.abrilabogados.com\/wp-content\/uploads\/2021\/10\/abril_abogados_logo.png\",\"contentUrl\":\"https:\/\/www.abrilabogados.com\/wp-content\/uploads\/2021\/10\/abril_abogados_logo.png\",\"width\":600,\"height\":314,\"caption\":\"Abril Abogados\"},\"image\":{\"@id\":\"https:\/\/www.abrilabogados.com\/#\/schema\/logo\/image\/\"},\"sameAs\":[\"https:\/\/www.facebook.com\/abrilabogados\/\",\"https:\/\/x.com\/Abrilabogados\",\"https:\/\/www.linkedin.com\/company\/abrilabogados\/\"]}]}<\/script>\n<!-- \/ Yoast SEO plugin. -->","yoast_head_json":{"title":"Tipos de marcas","description":"ABRIL ABOGADOS. Marca denominativa, marca mixta, marca gr\u00e1fica, marca tridimensional, marca de posici\u00f3n, marca olfativa, marca sonora.","robots":{"index":"index","follow":"follow","max-snippet":"max-snippet:-1","max-image-preview":"max-image-preview:large","max-video-preview":"max-video-preview:-1"},"canonical":"https:\/\/www.abrilabogados.com\/tipos-marcas\/","og_locale":"es_ES","og_type":"article","og_title":"Tipos de marcas","og_description":"ABRIL ABOGADOS. Marca denominativa, marca mixta, marca gr\u00e1fica, marca tridimensional, marca de posici\u00f3n, marca olfativa, marca sonora.","og_url":"https:\/\/www.abrilabogados.com\/tipos-marcas\/","og_site_name":"Abogados Propiedad Intelectual e Industrial","article_publisher":"https:\/\/www.facebook.com\/abrilabogados\/","article_modified_time":"2023-06-14T08:07:46+00:00","twitter_card":"summary_large_image","twitter_site":"@Abrilabogados","twitter_misc":{"Tiempo de lectura":"2 minutos"},"schema":{"@context":"https:\/\/schema.org","@graph":[{"@type":"WebPage","@id":"https:\/\/www.abrilabogados.com\/tipos-marcas\/","url":"https:\/\/www.abrilabogados.com\/tipos-marcas\/","name":"Tipos de marcas","isPartOf":{"@id":"https:\/\/www.abrilabogados.com\/#website"},"datePublished":"2019-02-14T15:32:20+00:00","dateModified":"2023-06-14T08:07:46+00:00","description":"ABRIL ABOGADOS. Marca denominativa, marca mixta, marca gr\u00e1fica, marca tridimensional, marca de posici\u00f3n, marca olfativa, marca sonora.","breadcrumb":{"@id":"https:\/\/www.abrilabogados.com\/tipos-marcas\/#breadcrumb"},"inLanguage":"es","potentialAction":[{"@type":"ReadAction","target":["https:\/\/www.abrilabogados.com\/tipos-marcas\/"]}]},{"@type":"BreadcrumbList","@id":"https:\/\/www.abrilabogados.com\/tipos-marcas\/#breadcrumb","itemListElement":[{"@type":"ListItem","position":1,"name":"Portada","item":"https:\/\/www.abrilabogados.com\/"},{"@type":"ListItem","position":2,"name":"Tipos de Marcas"}]},{"@type":"WebSite","@id":"https:\/\/www.abrilabogados.com\/#website","url":"https:\/\/www.abrilabogados.com\/","name":"Abogados Propiedad Intelectual e Industrial","description":"Abogados Propiedad Intelectual e Industrial: Despacho de abogados especializados en propiedad industrial e intelectual. Formule su consulta online.","publisher":{"@id":"https:\/\/www.abrilabogados.com\/#organization"},"potentialAction":[{"@type":"SearchAction","target":{"@type":"EntryPoint","urlTemplate":"https:\/\/www.abrilabogados.com\/?s={search_term_string}"},"query-input":{"@type":"PropertyValueSpecification","valueRequired":true,"valueName":"search_term_string"}}],"inLanguage":"es"},{"@type":"Organization","@id":"https:\/\/www.abrilabogados.com\/#organization","name":"Abril Abogados","url":"https:\/\/www.abrilabogados.com\/","logo":{"@type":"ImageObject","inLanguage":"es","@id":"https:\/\/www.abrilabogados.com\/#\/schema\/logo\/image\/","url":"https:\/\/www.abrilabogados.com\/wp-content\/uploads\/2021\/10\/abril_abogados_logo.png","contentUrl":"https:\/\/www.abrilabogados.com\/wp-content\/uploads\/2021\/10\/abril_abogados_logo.png","width":600,"height":314,"caption":"Abril Abogados"},"image":{"@id":"https:\/\/www.abrilabogados.com\/#\/schema\/logo\/image\/"},"sameAs":["https:\/\/www.facebook.com\/abrilabogados\/","https:\/\/x.com\/Abrilabogados","https:\/\/www.linkedin.com\/company\/abrilabogados\/"]}]}},"_links":{"self":[{"href":"https:\/\/www.abrilabogados.com\/wp-json\/wp\/v2\/pages\/80","targetHints":{"allow":["GET"]}}],"collection":[{"href":"https:\/\/www.abrilabogados.com\/wp-json\/wp\/v2\/pages"}],"about":[{"href":"https:\/\/www.abrilabogados.com\/wp-json\/wp\/v2\/types\/page"}],"author":[{"embeddable":true,"href":"https:\/\/www.abrilabogados.com\/wp-json\/wp\/v2\/users\/1"}],"replies":[{"embeddable":true,"href":"https:\/\/www.abrilabogados.com\/wp-json\/wp\/v2\/comments?post=80"}],"version-history":[{"count":1,"href":"https:\/\/www.abrilabogados.com\/wp-json\/wp\/v2\/pages\/80\/revisions"}],"predecessor-version":[{"id":3591,"href":"https:\/\/www.abrilabogados.com\/wp-json\/wp\/v2\/pages\/80\/revisions\/3591"}],"wp:attachment":[{"href":"https:\/\/www.abrilabogados.com\/wp-json\/wp\/v2\/media?parent=80"}],"curies":[{"name":"wp","href":"https:\/\/api.w.org\/{rel}","templated":true}]}}