{"id":92,"date":"2019-02-14T15:38:05","date_gmt":"2019-02-14T15:38:05","guid":{"rendered":"https:\/\/abrilabogados.com\/?page_id=92"},"modified":"2023-06-13T12:48:49","modified_gmt":"2023-06-13T10:48:49","slug":"mantenimiento-marcas","status":"publish","type":"page","link":"https:\/\/www.abrilabogados.com\/mantenimiento-marcas\/","title":{"rendered":"Mantenimiento de marcas"},"content":{"rendered":"<section class=\"wpb-content-wrapper\"><p>[vc_row][vc_column][vc_empty_space][\/vc_column][\/vc_row][vc_row][vc_column width=&#8221;1\/3&#8243; css=&#8221;.vc_custom_1550678408803{border-right-width: 1px !important;border-right-color: #e2e2e2 !important;border-right-style: solid !important;}&#8221;][vc_custom_heading text=&#8221;Servicios de Marcas&#8221; font_container=&#8221;tag:h3|text_align:left|color:%23b30000&#8243; use_theme_fonts=&#8221;yes&#8221;][vc_empty_space height=&#8221;10px&#8221;][vc_wp_custommenu nav_menu=&#8221;18&#8243;][\/vc_column][vc_column width=&#8221;2\/3&#8243;][vc_custom_heading text=&#8221;Mantenimiento de Marcas&#8221; font_container=&#8221;tag:h1|text_align:left|color:%23b30000&#8243; use_theme_fonts=&#8221;yes&#8221;][vc_column_text]<img decoding=\"async\" class=\"size-medium wp-image-93 alignright\" src=\"\/wp-content\/uploads\/2019\/02\/mantenimiento-marcas-300x216.png\" alt=\"Mantenimiento de marcas\" width=\"300\" height=\"216\" srcset=\"https:\/\/www.abrilabogados.com\/wp-content\/uploads\/2019\/02\/mantenimiento-marcas-300x216.png 300w, https:\/\/www.abrilabogados.com\/wp-content\/uploads\/2019\/02\/mantenimiento-marcas.png 512w\" sizes=\"(max-width: 300px) 100vw, 300px\" \/>El registro de marca tiene una duraci\u00f3n de 10 a\u00f1os renovables por periodos iguales, por lo que en Abril Abogados prestamos obviamente el servicio de renovaci\u00f3n de marca.<\/p>\n<p>En este sentido, analizamos cada caso concreto, asesorando al cliente desde la base jur\u00eddica respecto a la necesidad o no de renovar la marca, ya que es posible que no sea recomendable renovar una marca cuyo logotipo ha sido modificado o bien que ya est\u00e9 protegida o bien que haya dejado de utilizarse.[\/vc_column_text][\/vc_column][\/vc_row]<\/p>\n<\/section>","protected":false},"excerpt":{"rendered":"<p>[vc_row][vc_column][vc_empty_space][\/vc_column][\/vc_row][vc_row][vc_column width=&#8221;1\/3&#8243; css=&#8221;.vc_custom_1550678408803{border-right-width: 1px !important;border-right-color: #e2e2e2 !important;border-right-style: solid !important;}&#8221;][vc_custom_heading text=&#8221;Servicios de Marcas&#8221; font_container=&#8221;tag:h3|text_align:left|color:%23b30000&#8243; use_theme_fonts=&#8221;yes&#8221;][vc_empty_space height=&#8221;10px&#8221;][vc_wp_custommenu nav_menu=&#8221;18&#8243;][\/vc_column][vc_column width=&#8221;2\/3&#8243;][vc_custom_heading text=&#8221;Mantenimiento de Marcas&#8221; font_container=&#8221;tag:h1|text_align:left|color:%23b30000&#8243; use_theme_fonts=&#8221;yes&#8221;][vc_column_text]El registro de marca tiene una duraci\u00f3n de 10 a\u00f1os renovables por periodos iguales, por lo que en Abril Abogados prestamos obviamente el servicio de renovaci\u00f3n de marca. En este sentido, analizamos cada caso<\/p>\n","protected":false},"author":1,"featured_media":0,"parent":0,"menu_order":0,"comment_status":"closed","ping_status":"closed","template":"","meta":{"footnotes":""},"class_list":["post-92","page","type-page","status-publish","hentry"],"yoast_head":"<!-- This site is optimized with the Yoast SEO plugin v25.8 - https:\/\/yoast.com\/wordpress\/plugins\/seo\/ -->\n<title>Mantenimiento de marcas<\/title>\n<meta name=\"description\" content=\"ABRIL ABOGADOS. El registro de marca tiene una duraci\u00f3n de 10 a\u00f1os renovables por periodos iguales, por lo que prestamos el servicio de renovaci\u00f3n de marca.\" \/>\n<meta name=\"robots\" content=\"index, follow, max-snippet:-1, max-image-preview:large, max-video-preview:-1\" \/>\n<link rel=\"canonical\" href=\"https:\/\/www.abrilabogados.com\/mantenimiento-marcas\/\" \/>\n<meta property=\"og:locale\" content=\"es_ES\" \/>\n<meta property=\"og:type\" content=\"article\" \/>\n<meta property=\"og:title\" content=\"Mantenimiento de marcas\" \/>\n<meta property=\"og:description\" content=\"ABRIL ABOGADOS. El registro de marca tiene una duraci\u00f3n de 10 a\u00f1os renovables por periodos iguales, por lo que prestamos el servicio de renovaci\u00f3n de marca.\" \/>\n<meta property=\"og:url\" content=\"https:\/\/www.abrilabogados.com\/mantenimiento-marcas\/\" \/>\n<meta property=\"og:site_name\" content=\"Abogados Propiedad Intelectual e Industrial\" \/>\n<meta property=\"article:publisher\" content=\"https:\/\/www.facebook.com\/abrilabogados\/\" \/>\n<meta property=\"article:modified_time\" content=\"2023-06-13T10:48:49+00:00\" \/>\n<meta name=\"twitter:card\" content=\"summary_large_image\" \/>\n<meta name=\"twitter:site\" content=\"@Abrilabogados\" \/>\n<meta name=\"twitter:label1\" content=\"Tiempo de lectura\" \/>\n\t<meta name=\"twitter:data1\" content=\"1 minuto\" \/>\n<script type=\"application\/ld+json\" class=\"yoast-schema-graph\">{\"@context\":\"https:\/\/schema.org\",\"@graph\":[{\"@type\":\"WebPage\",\"@id\":\"https:\/\/www.abrilabogados.com\/mantenimiento-marcas\/\",\"url\":\"https:\/\/www.abrilabogados.com\/mantenimiento-marcas\/\",\"name\":\"Mantenimiento de marcas\",\"isPartOf\":{\"@id\":\"https:\/\/www.abrilabogados.com\/#website\"},\"datePublished\":\"2019-02-14T15:38:05+00:00\",\"dateModified\":\"2023-06-13T10:48:49+00:00\",\"description\":\"ABRIL ABOGADOS. El registro de marca tiene una duraci\u00f3n de 10 a\u00f1os renovables por periodos iguales, por lo que prestamos el servicio de renovaci\u00f3n de marca.\",\"breadcrumb\":{\"@id\":\"https:\/\/www.abrilabogados.com\/mantenimiento-marcas\/#breadcrumb\"},\"inLanguage\":\"es\",\"potentialAction\":[{\"@type\":\"ReadAction\",\"target\":[\"https:\/\/www.abrilabogados.com\/mantenimiento-marcas\/\"]}]},{\"@type\":\"BreadcrumbList\",\"@id\":\"https:\/\/www.abrilabogados.com\/mantenimiento-marcas\/#breadcrumb\",\"itemListElement\":[{\"@type\":\"ListItem\",\"position\":1,\"name\":\"Portada\",\"item\":\"https:\/\/www.abrilabogados.com\/\"},{\"@type\":\"ListItem\",\"position\":2,\"name\":\"Mantenimiento de marcas\"}]},{\"@type\":\"WebSite\",\"@id\":\"https:\/\/www.abrilabogados.com\/#website\",\"url\":\"https:\/\/www.abrilabogados.com\/\",\"name\":\"Abogados Propiedad Intelectual e Industrial\",\"description\":\"Abogados Propiedad Intelectual e Industrial: Despacho de abogados especializados en propiedad industrial e intelectual. Formule su consulta online.\",\"publisher\":{\"@id\":\"https:\/\/www.abrilabogados.com\/#organization\"},\"potentialAction\":[{\"@type\":\"SearchAction\",\"target\":{\"@type\":\"EntryPoint\",\"urlTemplate\":\"https:\/\/www.abrilabogados.com\/?s={search_term_string}\"},\"query-input\":{\"@type\":\"PropertyValueSpecification\",\"valueRequired\":true,\"valueName\":\"search_term_string\"}}],\"inLanguage\":\"es\"},{\"@type\":\"Organization\",\"@id\":\"https:\/\/www.abrilabogados.com\/#organization\",\"name\":\"Abril Abogados\",\"url\":\"https:\/\/www.abrilabogados.com\/\",\"logo\":{\"@type\":\"ImageObject\",\"inLanguage\":\"es\",\"@id\":\"https:\/\/www.abrilabogados.com\/#\/schema\/logo\/image\/\",\"url\":\"https:\/\/www.abrilabogados.com\/wp-content\/uploads\/2021\/10\/abril_abogados_logo.png\",\"contentUrl\":\"https:\/\/www.abrilabogados.com\/wp-content\/uploads\/2021\/10\/abril_abogados_logo.png\",\"width\":600,\"height\":314,\"caption\":\"Abril Abogados\"},\"image\":{\"@id\":\"https:\/\/www.abrilabogados.com\/#\/schema\/logo\/image\/\"},\"sameAs\":[\"https:\/\/www.facebook.com\/abrilabogados\/\",\"https:\/\/x.com\/Abrilabogados\",\"https:\/\/www.linkedin.com\/company\/abrilabogados\/\"]}]}<\/script>\n<!-- \/ Yoast SEO plugin. -->","yoast_head_json":{"title":"Mantenimiento de marcas","description":"ABRIL ABOGADOS. El registro de marca tiene una duraci\u00f3n de 10 a\u00f1os renovables por periodos iguales, por lo que prestamos el servicio de renovaci\u00f3n de marca.","robots":{"index":"index","follow":"follow","max-snippet":"max-snippet:-1","max-image-preview":"max-image-preview:large","max-video-preview":"max-video-preview:-1"},"canonical":"https:\/\/www.abrilabogados.com\/mantenimiento-marcas\/","og_locale":"es_ES","og_type":"article","og_title":"Mantenimiento de marcas","og_description":"ABRIL ABOGADOS. El registro de marca tiene una duraci\u00f3n de 10 a\u00f1os renovables por periodos iguales, por lo que prestamos el servicio de renovaci\u00f3n de marca.","og_url":"https:\/\/www.abrilabogados.com\/mantenimiento-marcas\/","og_site_name":"Abogados Propiedad Intelectual e Industrial","article_publisher":"https:\/\/www.facebook.com\/abrilabogados\/","article_modified_time":"2023-06-13T10:48:49+00:00","twitter_card":"summary_large_image","twitter_site":"@Abrilabogados","twitter_misc":{"Tiempo de lectura":"1 minuto"},"schema":{"@context":"https:\/\/schema.org","@graph":[{"@type":"WebPage","@id":"https:\/\/www.abrilabogados.com\/mantenimiento-marcas\/","url":"https:\/\/www.abrilabogados.com\/mantenimiento-marcas\/","name":"Mantenimiento de marcas","isPartOf":{"@id":"https:\/\/www.abrilabogados.com\/#website"},"datePublished":"2019-02-14T15:38:05+00:00","dateModified":"2023-06-13T10:48:49+00:00","description":"ABRIL ABOGADOS. El registro de marca tiene una duraci\u00f3n de 10 a\u00f1os renovables por periodos iguales, por lo que prestamos el servicio de renovaci\u00f3n de marca.","breadcrumb":{"@id":"https:\/\/www.abrilabogados.com\/mantenimiento-marcas\/#breadcrumb"},"inLanguage":"es","potentialAction":[{"@type":"ReadAction","target":["https:\/\/www.abrilabogados.com\/mantenimiento-marcas\/"]}]},{"@type":"BreadcrumbList","@id":"https:\/\/www.abrilabogados.com\/mantenimiento-marcas\/#breadcrumb","itemListElement":[{"@type":"ListItem","position":1,"name":"Portada","item":"https:\/\/www.abrilabogados.com\/"},{"@type":"ListItem","position":2,"name":"Mantenimiento de marcas"}]},{"@type":"WebSite","@id":"https:\/\/www.abrilabogados.com\/#website","url":"https:\/\/www.abrilabogados.com\/","name":"Abogados Propiedad Intelectual e Industrial","description":"Abogados Propiedad Intelectual e Industrial: Despacho de abogados especializados en propiedad industrial e intelectual. Formule su consulta online.","publisher":{"@id":"https:\/\/www.abrilabogados.com\/#organization"},"potentialAction":[{"@type":"SearchAction","target":{"@type":"EntryPoint","urlTemplate":"https:\/\/www.abrilabogados.com\/?s={search_term_string}"},"query-input":{"@type":"PropertyValueSpecification","valueRequired":true,"valueName":"search_term_string"}}],"inLanguage":"es"},{"@type":"Organization","@id":"https:\/\/www.abrilabogados.com\/#organization","name":"Abril Abogados","url":"https:\/\/www.abrilabogados.com\/","logo":{"@type":"ImageObject","inLanguage":"es","@id":"https:\/\/www.abrilabogados.com\/#\/schema\/logo\/image\/","url":"https:\/\/www.abrilabogados.com\/wp-content\/uploads\/2021\/10\/abril_abogados_logo.png","contentUrl":"https:\/\/www.abrilabogados.com\/wp-content\/uploads\/2021\/10\/abril_abogados_logo.png","width":600,"height":314,"caption":"Abril Abogados"},"image":{"@id":"https:\/\/www.abrilabogados.com\/#\/schema\/logo\/image\/"},"sameAs":["https:\/\/www.facebook.com\/abrilabogados\/","https:\/\/x.com\/Abrilabogados","https:\/\/www.linkedin.com\/company\/abrilabogados\/"]}]}},"_links":{"self":[{"href":"https:\/\/www.abrilabogados.com\/wp-json\/wp\/v2\/pages\/92","targetHints":{"allow":["GET"]}}],"collection":[{"href":"https:\/\/www.abrilabogados.com\/wp-json\/wp\/v2\/pages"}],"about":[{"href":"https:\/\/www.abrilabogados.com\/wp-json\/wp\/v2\/types\/page"}],"author":[{"embeddable":true,"href":"https:\/\/www.abrilabogados.com\/wp-json\/wp\/v2\/users\/1"}],"replies":[{"embeddable":true,"href":"https:\/\/www.abrilabogados.com\/wp-json\/wp\/v2\/comments?post=92"}],"version-history":[{"count":1,"href":"https:\/\/www.abrilabogados.com\/wp-json\/wp\/v2\/pages\/92\/revisions"}],"predecessor-version":[{"id":3536,"href":"https:\/\/www.abrilabogados.com\/wp-json\/wp\/v2\/pages\/92\/revisions\/3536"}],"wp:attachment":[{"href":"https:\/\/www.abrilabogados.com\/wp-json\/wp\/v2\/media?parent=92"}],"curies":[{"name":"wp","href":"https:\/\/api.w.org\/{rel}","templated":true}]}}